{"id":17051,"date":"2019-10-29T11:38:31","date_gmt":"2019-10-29T14:38:31","guid":{"rendered":"http:\/\/juntasillinois.com\/19web\/?page_id=17051"},"modified":"2024-02-20T11:09:46","modified_gmt":"2024-02-20T14:09:46","slug":"metal-graf","status":"publish","type":"page","link":"https:\/\/juntasillinois.com\/br\/?page_id=17051","title":{"rendered":"Metal Graf"},"content":{"rendered":"<div id=\"cmsmasters_row_fldf2oyx4j\" class=\"cmsmasters_row cmsmasters_color_scheme_default cmsmasters_row_top_default cmsmasters_row_bot_default cmsmasters_row_fullwidth\">\n<div class=\"cmsmasters_row_outer_parent\">\n<div class=\"cmsmasters_row_outer\">\n<div class=\"cmsmasters_row_inner cmsmasters_row_fullwidth cmsmasters_row_no_margin\">\n<div class=\"cmsmasters_row_margin\">\n<div id=\"cmsmasters_column_ukna2twams\" class=\"cmsmasters_column one_half\">\n<div class=\"cmsmasters_column_inner\"><div class=\"cmsmasters_img  cmsmasters_image_n\"><img decoding=\"async\" src=\"https:\/\/juntasillinois.com\/br\/wp-content\/uploads\/sites\/2\/2019\/12\/metalgraf.jpg\" \/><\/div>\n<\/div><\/div>\n<div id=\"cmsmasters_column_9mrce86v7u\" class=\"cmsmasters_column one_half\">\n<div class=\"cmsmasters_column_inner\"><div id=\"cmsmasters_heading_ql4skhj0hi\" class=\"cmsmasters_heading_wrap cmsmasters_heading_align_left\">\n\t<h2 class=\"cmsmasters_heading\">Juntas de cabe\u00e7ote MetalGraf \u00ae<\/h2>\n<\/div><div class=\"cmsmasters_text listas\">\n<div class=\"listas\">\n<p>Com a linha MetalGraf\u00ae buscamos o equil\u00edbrio entre a Junta Standard (fibra) e a Junta Multi l\u00e2mina (MLS), conseguindo o perfeito acoplamento das pe\u00e7as gra\u00e7as a sua exclusiva tecnologia.<\/p>\n<ul style=\"padding: 0px 0 0;\">\n<li><strong>ISOLANTE INTERNO <\/strong>Alta compress\u00e3o c\/ recobrimento de grafite<\/li>\n<li><strong>EXCELENTE RESIST\u00caNCIA T\u00c9RMICA <\/strong>Suporta press\u00f5es e temperaturas mais elevadas.<\/li>\n<li><strong>TOTALMENTE ANTIADERENTE<\/strong><\/li>\n<li><strong>MELHOR ADAPTA\u00c7\u00c3O <\/strong>\u00e0s irregularidades de cabe\u00e7ote e\/ou bloco.<\/li>\n<li><strong>MAIOR RESIST\u00caNCIA <\/strong>perante \u00e0 agress\u00e3o qu\u00edmica de anticongelantes e \u00f3leos sint\u00e9ticos.<\/li>\n<li><strong>MELHOR RESPOSTA <\/strong>a contra\u00e7\u00e3o e dilata\u00e7\u00e3o do motor.<\/li>\n<\/ul>\n<\/div>\n<\/div>\n<div class=\"cmsmasters_img  cmsmasters_image_n\"><img decoding=\"async\" src=\"https:\/\/juntasillinois.com\/br\/wp-content\/uploads\/sites\/2\/2019\/10\/metalgraf-300x78.png\" \/><\/div>\n<div id=\"cmsmasters_divider_yvo5fo7bvl\" class=\"cmsmasters_divider cmsmasters_divider_width_short cmsmasters_divider_pos_center\"><\/div>\n<div id=\"cmsmasters_button_18ub1dbhuc\" class=\"button_wrap\"><a href=\"https:\/\/juntasillinois.com\/br\/wp-content\/uploads\/sites\/2\/2024\/02\/Metalgraf_PORT_web-01.pdf\" class=\"cmsmasters_button cmsmasters_but_clear_styles cmsmasters_but_bg_hover cmsmasters-icon-custom-download botones\" target=\"_blank\"><span>Descargar PDF<\/span><\/a><\/div>\n<div id=\"cmsmasters_button_2ybygmwux\" class=\"button_wrap\"><a href=\"https:\/\/www.youtube.com\/watch?v=8icNBh-HLsM\" class=\"cmsmasters_button cmsmasters_but_clear_styles cmsmasters_but_bg_hover cmsmasters-icon-youtube-play sg-popup-id-17495\" target=\"_blank\"><span>Ver video<\/span><\/a><\/div>\n<\/div><\/div>\n<\/div>\n<\/div>\n<\/div>\n<\/div>\n<\/div>\n<div id=\"cmsmasters_row_olw5hxtk4d\" class=\"cmsmasters_row cmsmasters_color_scheme_default cmsmasters_row_top_default cmsmasters_row_bot_default cmsmasters_row_boxed\">\n<div class=\"cmsmasters_row_outer_parent\">\n<div class=\"cmsmasters_row_outer\">\n<div class=\"cmsmasters_row_inner\">\n<div class=\"cmsmasters_row_margin\">\n<div id=\"cmsmasters_column_53e36m2j8b\" class=\"cmsmasters_column one_first\">\n<div class=\"cmsmasters_column_inner\"><div id=\"cmsmasters_heading_0ev0d289\" class=\"cmsmasters_heading_wrap cmsmasters_heading_align_left\">\n\t<h2 class=\"cmsmasters_heading\">UM MERCADO EM CONSTANTE EVOLU\u00c7\u00c3O <\/h2>\n<\/div><div class=\"cmsmasters_text listas\">\n<p><strong>Cada motor de explos\u00e3o<\/strong> requer um material espec\u00edfico de junta. Para satisfazer esta exig\u00eancia a ILLINOIS oferece, al\u00e9m das juntas TC PRO\u00ae, feitas com v\u00e1rios componentes de fibra, a nova linha Metalgraf\u00ae, desenhada para as novas tecnologias de motores.<\/p>\n<p>Ao contr\u00e1rio da MLS (multilayer), as juntas Metalgraf\u00ae compensam as maiores deforma\u00e7\u00f5es na superf\u00edcie do cabe\u00e7ote e bloco dos motores retificados. As juntas Metalgraf\u00ae resistem as mais severas condi\u00e7\u00f5es de trabalho, as mais altas press\u00f5es e temperaturas gra\u00e7as \u00e0 sua tecnologia \u00fanica, o que reduz os valores m\u00e9dios da contra\u00e7\u00e3o e da expans\u00e3o nos motores bimet\u00e1licos.<\/p>\n<\/div>\n<div id=\"cmsmasters_divider_jhgxxpnbin\" class=\"cl\"><\/div>\n<\/div><\/div>\n<\/div>\n<\/div>\n<\/div>\n<\/div>\n<\/div>\n<div id=\"cmsmasters_row_m9spu3l3re\" class=\"cmsmasters_row cmsmasters_color_scheme_default cmsmasters_row_top_default cmsmasters_row_bot_default cmsmasters_row_boxed\">\n<div class=\"cmsmasters_row_outer_parent\">\n<div class=\"cmsmasters_row_outer\">\n<div class=\"cmsmasters_row_inner\">\n<div class=\"cmsmasters_row_margin\">\n<div id=\"cmsmasters_column_xx6970df3k\" class=\"cmsmasters_column one_half\">\n<div class=\"cmsmasters_column_inner\"><div class=\"cmsmasters_text listas\">\n<p><strong>O PROBLEMA<\/strong><\/p>\n<p><strong>Voc\u00ea sabe qual a escolha certa diante de uma troca de junta MLS (Multi L\u00e2mina) ? <\/strong><\/p>\n<p>Aparentemente, a escolha l\u00f3gica seria uma junta original. Mas, n\u00f3s nos aprofundamos no tema e descobrimos que estas juntas foram produzidas e desenhadas para selar um motor novo com uma superf\u00edcie \/rugosi- dade com menos de 40 Ra.<\/p>\n<p><strong>Como funcionar\u00e1 uma junta MLS em um motor retificado?<\/strong><\/p>\n<p>Devido as altas temperaturas todo motor sofre deforma\u00e7\u00e3o natural e ap\u00f3s a ret\u00edfica n\u00e3o se obt\u00e9m um acabamento perfeito como o original de f\u00e1brica.<\/p>\n<\/div>\n<\/div><\/div>\n<div id=\"cmsmasters_column_2rymsu53op\" class=\"cmsmasters_column one_half\">\n<div class=\"cmsmasters_column_inner\"><div class=\"cmsmasters_text listas\">\n<p><strong>A SOLU\u00c7\u00c3O <\/strong><\/p>\n<p>Os especialistas no mercado de reposi\u00e7\u00e3o de Juntas Illinois t\u00eam encontrado a resposta: <strong>as novas juntas de cabe\u00e7ote MetalGraf\u00ae.<\/strong><\/p>\n<p>Na atualidade os motores de maior pot\u00eancia e compress\u00e3o exigem juntas de cabe\u00e7ote de altas rota\u00e7\u00f5es que demandam uma tecnologia espec\u00edfi- ca. Temperaturas de opera\u00e7\u00e3o mais elevadas e vari\u00e1veis, maiores pre- ss\u00f5es de combust\u00e3o e o movimento constante entre a cabe\u00e7ote e bloco em motores bimet\u00e1licos, requerem um conceito de junta ideal. A fortaleza t\u00e9cnica da <strong>MetalGraf\u00ae<\/strong>\u00a0 garante a efetividade e confiabilidade de todo o sistema sob as mais severas condi- \u00e7\u00f5es de trabalho, especialmente quando se trata de motores de igni\u00e7\u00e3o por centelha de alta performance e motores diesel de inje\u00e7\u00e3o direta.<\/p>\n<\/div>\n<\/div><\/div>\n<\/div>\n<\/div>\n<\/div>\n<\/div>\n<\/div>\n<div id=\"cmsmasters_row_pfu55g9xf6\" class=\"cmsmasters_row cmsmasters_color_scheme_default cmsmasters_row_top_default cmsmasters_row_bot_default cmsmasters_row_boxed\">\n<div class=\"cmsmasters_row_outer_parent\">\n<div class=\"cmsmasters_row_outer\">\n<div class=\"cmsmasters_row_inner\">\n<div class=\"cmsmasters_row_margin\">\n<div id=\"cmsmasters_column_nc1saciwsl\" class=\"cmsmasters_column one_first\">\n<div class=\"cmsmasters_column_inner\"><div id=\"cmsmasters_heading_pt5sbvautd\" class=\"cmsmasters_heading_wrap cmsmasters_heading_align_left\">\n\t<h2 class=\"cmsmasters_heading\">Camada por camada<\/h2>\n<\/div>\n<\/div><\/div>\n<\/div>\n<\/div>\n<\/div>\n<\/div>\n<\/div>\n<div id=\"cmsmasters_row_qdfv3m48xl\" class=\"cmsmasters_row cmsmasters_color_scheme_default cmsmasters_row_top_default cmsmasters_row_bot_default cmsmasters_row_boxed\">\n<div class=\"cmsmasters_row_outer_parent\">\n<div class=\"cmsmasters_row_outer\">\n<div class=\"cmsmasters_row_inner\">\n<div class=\"cmsmasters_row_margin\">\n<div id=\"cmsmasters_column_279gyepz5h\" class=\"cmsmasters_column one_third\">\n<div class=\"cmsmasters_column_inner\"><div class=\"cmsmasters_text listas\">\n<p>Selecione os itens amarelos para ver as caracter\u00edsticas dos materiais usados nas juntas Metal Graf.<\/p>\n<\/div>\n<\/div><\/div>\n<div id=\"cmsmasters_column_bupnxs5a8i\" class=\"cmsmasters_column two_third\">\n<div class=\"cmsmasters_column_inner\"><div class=\"cmsmasters_text\">\n<div id=\"image-map-pro-9853\"><\/div>\n<\/div>\n<\/div><\/div>\n<\/div>\n<\/div>\n<\/div>\n<\/div>\n<\/div>\n<div id=\"cmsmasters_row_1blugmr8e9\" class=\"cmsmasters_row cmsmasters_color_scheme_default cmsmasters_row_top_default cmsmasters_row_bot_default cmsmasters_row_boxed\">\n<div class=\"cmsmasters_row_outer_parent\">\n<div class=\"cmsmasters_row_outer\">\n<div class=\"cmsmasters_row_inner\">\n<div class=\"cmsmasters_row_margin\">\n<div id=\"cmsmasters_column_56bvqq8ax\" class=\"cmsmasters_column one_first\">\n<div class=\"cmsmasters_column_inner\"><div id=\"cmsmasters_heading_9vcabg4nj\" class=\"cmsmasters_heading_wrap cmsmasters_heading_align_left\">\n\t<h2 class=\"cmsmasters_heading\">M\u00c1XIMA QUALIDADE<\/h2>\n<\/div><div class=\"cmsmasters_text listas\">\n<p>Produto aprovado segundo as normas internacionais SAE 921484, DIN 52913, ASTM F36 e ASTM F37, submetido a rigoroso controle de qualidade durante todo o proceso de fabrica\u00e7\u00e3o. Apresenta a combina\u00e7\u00e3o de materiais O.E.M. de \u00faltima gera\u00e7\u00e3o e qualidade superior. Sistema de Gest\u00e3o de Qualidade certificada ISO 9001:2015 (243918-2017-AQ-ARG-RvA).<\/p>\n<\/div>\n<div id=\"cmsmasters_divider_cjsmbl5peo\" class=\"cl\"><\/div>\n<\/div><\/div>\n<\/div>\n<\/div>\n<\/div>\n<\/div>\n<\/div>\n\n","protected":false},"excerpt":{"rendered":"","protected":false},"author":1,"featured_media":0,"parent":0,"menu_order":0,"comment_status":"closed","ping_status":"closed","template":"","meta":{"footnotes":""},"class_list":["post-17051","page","type-page","status-publish","hentry"],"yoast_head":"<!-- This site is optimized with the Yoast SEO plugin v27.5 - https:\/\/yoast.com\/product\/yoast-seo-wordpress\/ -->\n<title>Metal Graf - Juntas Illinois<\/title>\n<meta name=\"robots\" content=\"index, follow, max-snippet:-1, max-image-preview:large, max-video-preview:-1\" \/>\n<link rel=\"canonical\" href=\"https:\/\/juntasillinois.com\/br\/?page_id=17051\" \/>\n<meta property=\"og:locale\" content=\"pt_BR\" \/>\n<meta property=\"og:type\" content=\"article\" \/>\n<meta property=\"og:title\" content=\"Metal Graf - Juntas Illinois\" \/>\n<meta property=\"og:url\" content=\"https:\/\/juntasillinois.com\/br\/?page_id=17051\" \/>\n<meta property=\"og:site_name\" content=\"Juntas Illinois\" \/>\n<meta property=\"article:modified_time\" content=\"2024-02-20T14:09:46+00:00\" \/>\n<meta name=\"twitter:card\" content=\"summary_large_image\" \/>\n<meta name=\"twitter:label1\" content=\"Est. tempo de leitura\" \/>\n\t<meta name=\"twitter:data1\" content=\"8 minutos\" \/>\n<script type=\"application\/ld+json\" class=\"yoast-schema-graph\">{\"@context\":\"https:\\\/\\\/schema.org\",\"@graph\":[{\"@type\":\"WebPage\",\"@id\":\"https:\\\/\\\/juntasillinois.com\\\/br\\\/?page_id=17051\",\"url\":\"https:\\\/\\\/juntasillinois.com\\\/br\\\/?page_id=17051\",\"name\":\"Metal Graf - Juntas Illinois\",\"isPartOf\":{\"@id\":\"https:\\\/\\\/juntasillinois.com\\\/br\\\/#website\"},\"datePublished\":\"2019-10-29T14:38:31+00:00\",\"dateModified\":\"2024-02-20T14:09:46+00:00\",\"breadcrumb\":{\"@id\":\"https:\\\/\\\/juntasillinois.com\\\/br\\\/?page_id=17051#breadcrumb\"},\"inLanguage\":\"pt-BR\",\"potentialAction\":[{\"@type\":\"ReadAction\",\"target\":[\"https:\\\/\\\/juntasillinois.com\\\/br\\\/?page_id=17051\"]}]},{\"@type\":\"BreadcrumbList\",\"@id\":\"https:\\\/\\\/juntasillinois.com\\\/br\\\/?page_id=17051#breadcrumb\",\"itemListElement\":[{\"@type\":\"ListItem\",\"position\":1,\"name\":\"Inicio\",\"item\":\"https:\\\/\\\/juntasillinois.com\\\/br\\\/\"},{\"@type\":\"ListItem\",\"position\":2,\"name\":\"Metal Graf\"}]},{\"@type\":\"WebSite\",\"@id\":\"https:\\\/\\\/juntasillinois.com\\\/br\\\/#website\",\"url\":\"https:\\\/\\\/juntasillinois.com\\\/br\\\/\",\"name\":\"Juntas Illinois\",\"description\":\"\",\"potentialAction\":[{\"@type\":\"SearchAction\",\"target\":{\"@type\":\"EntryPoint\",\"urlTemplate\":\"https:\\\/\\\/juntasillinois.com\\\/br\\\/?s={search_term_string}\"},\"query-input\":{\"@type\":\"PropertyValueSpecification\",\"valueRequired\":true,\"valueName\":\"search_term_string\"}}],\"inLanguage\":\"pt-BR\"}]}<\/script>\n<!-- \/ Yoast SEO plugin. -->","yoast_head_json":{"title":"Metal Graf - Juntas Illinois","robots":{"index":"index","follow":"follow","max-snippet":"max-snippet:-1","max-image-preview":"max-image-preview:large","max-video-preview":"max-video-preview:-1"},"canonical":"https:\/\/juntasillinois.com\/br\/?page_id=17051","og_locale":"pt_BR","og_type":"article","og_title":"Metal Graf - Juntas Illinois","og_url":"https:\/\/juntasillinois.com\/br\/?page_id=17051","og_site_name":"Juntas Illinois","article_modified_time":"2024-02-20T14:09:46+00:00","twitter_card":"summary_large_image","twitter_misc":{"Est. tempo de leitura":"8 minutos"},"schema":{"@context":"https:\/\/schema.org","@graph":[{"@type":"WebPage","@id":"https:\/\/juntasillinois.com\/br\/?page_id=17051","url":"https:\/\/juntasillinois.com\/br\/?page_id=17051","name":"Metal Graf - Juntas Illinois","isPartOf":{"@id":"https:\/\/juntasillinois.com\/br\/#website"},"datePublished":"2019-10-29T14:38:31+00:00","dateModified":"2024-02-20T14:09:46+00:00","breadcrumb":{"@id":"https:\/\/juntasillinois.com\/br\/?page_id=17051#breadcrumb"},"inLanguage":"pt-BR","potentialAction":[{"@type":"ReadAction","target":["https:\/\/juntasillinois.com\/br\/?page_id=17051"]}]},{"@type":"BreadcrumbList","@id":"https:\/\/juntasillinois.com\/br\/?page_id=17051#breadcrumb","itemListElement":[{"@type":"ListItem","position":1,"name":"Inicio","item":"https:\/\/juntasillinois.com\/br\/"},{"@type":"ListItem","position":2,"name":"Metal Graf"}]},{"@type":"WebSite","@id":"https:\/\/juntasillinois.com\/br\/#website","url":"https:\/\/juntasillinois.com\/br\/","name":"Juntas Illinois","description":"","potentialAction":[{"@type":"SearchAction","target":{"@type":"EntryPoint","urlTemplate":"https:\/\/juntasillinois.com\/br\/?s={search_term_string}"},"query-input":{"@type":"PropertyValueSpecification","valueRequired":true,"valueName":"search_term_string"}}],"inLanguage":"pt-BR"}]}},"_links":{"self":[{"href":"https:\/\/juntasillinois.com\/br\/index.php?rest_route=\/wp\/v2\/pages\/17051","targetHints":{"allow":["GET"]}}],"collection":[{"href":"https:\/\/juntasillinois.com\/br\/index.php?rest_route=\/wp\/v2\/pages"}],"about":[{"href":"https:\/\/juntasillinois.com\/br\/index.php?rest_route=\/wp\/v2\/types\/page"}],"author":[{"embeddable":true,"href":"https:\/\/juntasillinois.com\/br\/index.php?rest_route=\/wp\/v2\/users\/1"}],"replies":[{"embeddable":true,"href":"https:\/\/juntasillinois.com\/br\/index.php?rest_route=%2Fwp%2Fv2%2Fcomments&post=17051"}],"version-history":[{"count":10,"href":"https:\/\/juntasillinois.com\/br\/index.php?rest_route=\/wp\/v2\/pages\/17051\/revisions"}],"predecessor-version":[{"id":17887,"href":"https:\/\/juntasillinois.com\/br\/index.php?rest_route=\/wp\/v2\/pages\/17051\/revisions\/17887"}],"wp:attachment":[{"href":"https:\/\/juntasillinois.com\/br\/index.php?rest_route=%2Fwp%2Fv2%2Fmedia&parent=17051"}],"curies":[{"name":"wp","href":"https:\/\/api.w.org\/{rel}","templated":true}]}}