{"id":17115,"date":"2019-12-04T18:13:15","date_gmt":"2019-12-04T21:13:15","guid":{"rendered":"http:\/\/juntasillinois.com\/19web\/?page_id=17115"},"modified":"2024-02-17T11:10:28","modified_gmt":"2024-02-17T14:10:28","slug":"tc-pro","status":"publish","type":"page","link":"https:\/\/juntasillinois.com\/br\/?page_id=17115","title":{"rendered":"TC PRO"},"content":{"rendered":"<div id=\"cmsmasters_row_fldf2oyx4j\" class=\"cmsmasters_row cmsmasters_color_scheme_default cmsmasters_row_top_default cmsmasters_row_bot_default cmsmasters_row_fullwidth\">\n<div class=\"cmsmasters_row_outer_parent\">\n<div class=\"cmsmasters_row_outer\">\n<div class=\"cmsmasters_row_inner cmsmasters_row_fullwidth cmsmasters_row_no_margin\">\n<div class=\"cmsmasters_row_margin\">\n<div id=\"cmsmasters_column_ukna2twams\" class=\"cmsmasters_column one_half\">\n<div class=\"cmsmasters_column_inner\"><div class=\"cmsmasters_img  cmsmasters_image_n\"><img decoding=\"async\" src=\"https:\/\/juntasillinois.com\/br\/wp-content\/uploads\/sites\/2\/2019\/12\/tc-pro.jpg\" \/><\/div>\n<\/div><\/div>\n<div id=\"cmsmasters_column_9mrce86v7u\" class=\"cmsmasters_column one_half\">\n<div class=\"cmsmasters_column_inner\"><div id=\"cmsmasters_heading_ql4skhj0hi\" class=\"cmsmasters_heading_wrap cmsmasters_heading_align_left\">\n\t<h2 class=\"cmsmasters_heading\">Junta para cabe\u00e7ote de cilindros TC PRO\u00ae.<\/h2>\n<\/div><div class=\"cmsmasters_text listas\">\n<div class=\"listas\">\n<p><strong>Juntas Illinois<\/strong> apresenta sua linha de juntas para cabe\u00e7ote de cilindros <strong>TC PRO\u00ae<\/strong>, a junta standard de qualidade profissional: n\u00e3o amianto, produzida sob sistema de gest\u00e3o de qualidade certificada, com materiais de origem alem\u00e3 e USA.<\/p>\n<\/div>\n<\/div>\n<div class=\"cmsmasters_text listas\">\n<div class=\"listas\">\n<p><strong>M\u00c1XIMA QUALIDADE<\/strong><br \/>\nProduto aprovado segundo as normas internacionais SAE 921484, DIN 52913, ASTM F36 e ASTM F37, submetido a rigoroso controle de qualidade durante todo o proceso de fabrica\u00e7\u00e3o. Apresenta a combina\u00e7\u00e3o de materiais O.E.M. de \u00faltima gera\u00e7\u00e3o e qualidade superior. Sistema de Gest\u00e3o de Qualidade certificada ISO 9001:2015 (243918-2017-AQ-ARG-RvA).<\/p>\n<\/div>\n<\/div>\n<div class=\"cmsmasters_img  cmsmasters_image_n\"><img decoding=\"async\" src=\"https:\/\/juntasillinois.com\/br\/wp-content\/uploads\/sites\/2\/2020\/02\/tcpro.png\" \/><\/div>\n<div id=\"cmsmasters_divider_jhgxxpnbin\" class=\"cmsmasters_divider cmsmasters_divider_width_short cmsmasters_divider_pos_center\"><\/div>\n<div id=\"cmsmasters_button_18ub1dbhuc\" class=\"button_wrap\"><a href=\"https:\/\/juntasillinois.com\/br\/wp-content\/uploads\/sites\/2\/2024\/02\/TCPRO_PORT_web.pdf\" class=\"cmsmasters_button cmsmasters_but_clear_styles cmsmasters_but_bg_hover cmsmasters-icon-custom-download botones\" target=\"_blank\"><span>Descargar PDF<\/span><\/a><\/div>\n<div id=\"cmsmasters_button_8croytinbb\" class=\"button_wrap\"><a href=\"https:\/\/www.youtube.com\/watch?v=k8k2nySb9Lw&#038;t=1s\" class=\"cmsmasters_button cmsmasters_but_clear_styles cmsmasters_but_bg_hover cmsmasters-icon-youtube-play sg-popup-id-17491\" target=\"_blank\"><span>Ver video<\/span><\/a><\/div>\n<\/div><\/div>\n<\/div>\n<\/div>\n<\/div>\n<\/div>\n<\/div>\n<div id=\"cmsmasters_row_m9spu3l3re\" class=\"cmsmasters_row cmsmasters_color_scheme_default cmsmasters_row_top_default cmsmasters_row_bot_default cmsmasters_row_boxed\">\n<div class=\"cmsmasters_row_outer_parent\">\n<div class=\"cmsmasters_row_outer\">\n<div class=\"cmsmasters_row_inner\">\n<div class=\"cmsmasters_row_margin\">\n<div id=\"cmsmasters_column_xx6970df3k\" class=\"cmsmasters_column one_half\">\n<div class=\"cmsmasters_column_inner\"><div id=\"cmsmasters_heading_pysepgku\" class=\"cmsmasters_heading_wrap cmsmasters_heading_align_left\">\n\t<h2 class=\"cmsmasters_heading\">TC PRO\u00ae VERIFICA\u00c7\u00c3O DE AUTENTICIDADE<\/h2>\n<\/div><div class=\"cmsmasters_text listas\">\n<p>Atrav\u00e9s destes 5 mecanismos de autenticidade, fornecemos ao usu\u00e1rio uma respresenta\u00e7\u00e3o segura que garante e certifica a qualidade dos nossos produtos.<\/p>\n<\/div>\n<\/div><\/div>\n<div id=\"cmsmasters_column_2rymsu53op\" class=\"cmsmasters_column one_half\">\n<div class=\"cmsmasters_column_inner\"><div class=\"cmsmasters_text\">\n<div id=\"image-map-pro-762\"><\/div>\n<\/div>\n<\/div><\/div>\n<\/div>\n<\/div>\n<\/div>\n<\/div>\n<\/div>\n<div id=\"cmsmasters_row_tl4usjwws5\" class=\"cmsmasters_row cmsmasters_color_scheme_default cmsmasters_row_top_default cmsmasters_row_bot_default cmsmasters_row_boxed\">\n<div class=\"cmsmasters_row_outer_parent\">\n<div class=\"cmsmasters_row_outer\">\n<div class=\"cmsmasters_row_inner\">\n<div class=\"cmsmasters_row_margin\">\n<div id=\"cmsmasters_column_zzzvw167yo\" class=\"cmsmasters_column one_half\">\n<div class=\"cmsmasters_column_inner\"><div id=\"cmsmasters_heading_t7gsdpecmj\" class=\"cmsmasters_heading_wrap cmsmasters_heading_align_left\">\n\t<h2 class=\"cmsmasters_heading\">Know-How em selado. Junta standard para cabe\u00e7ote de cilindros TC PRO\u00ae.<\/h2>\n<\/div><div class=\"cmsmasters_text listas\">\n<p>Cada motor a explos\u00e3o requer um modelo espec\u00edfico para atender particularidades que apresentam os motores do mercado de reposi\u00e7\u00e3o, o Departamento de Engenharia e Desenvolvimento de Juntas Illinois realizou um intenso trabalho para p\u00f4r em suas m\u00e3os o que hoje apresentamos como TC PRO\u00ae:\u00a0 juntas standard de diversos compostos de fibra, elaboradas com materiais ecol\u00f3gicos de \u00faltima gera\u00e7\u00e3o de origem alem\u00e3 e USA.<\/p>\n<\/div>\n<\/div><\/div>\n<div id=\"cmsmasters_column_76uv9od2sr\" class=\"cmsmasters_column one_half\">\n<div class=\"cmsmasters_column_inner\"><div class=\"cmsmasters_img  cmsmasters_image_n\"><img decoding=\"async\" src=\"https:\/\/juntasillinois.com\/br\/wp-content\/uploads\/sites\/2\/2020\/02\/TC-PRO-Know-how.jpg\" \/><\/div>\n<\/div><\/div>\n<\/div>\n<\/div>\n<\/div>\n<\/div>\n<\/div>\n\n","protected":false},"excerpt":{"rendered":"","protected":false},"author":1,"featured_media":0,"parent":0,"menu_order":0,"comment_status":"closed","ping_status":"closed","template":"","meta":{"footnotes":""},"class_list":["post-17115","page","type-page","status-publish","hentry"],"yoast_head":"<!-- This site is optimized with the Yoast SEO plugin v27.5 - https:\/\/yoast.com\/product\/yoast-seo-wordpress\/ -->\n<title>TC PRO - Juntas Illinois<\/title>\n<meta name=\"robots\" content=\"index, follow, max-snippet:-1, max-image-preview:large, max-video-preview:-1\" \/>\n<link rel=\"canonical\" href=\"https:\/\/juntasillinois.com\/br\/?page_id=17115\" \/>\n<meta property=\"og:locale\" content=\"pt_BR\" \/>\n<meta property=\"og:type\" content=\"article\" \/>\n<meta property=\"og:title\" content=\"TC PRO - Juntas Illinois\" \/>\n<meta property=\"og:url\" content=\"https:\/\/juntasillinois.com\/br\/?page_id=17115\" \/>\n<meta property=\"og:site_name\" content=\"Juntas Illinois\" \/>\n<meta property=\"article:modified_time\" content=\"2024-02-17T14:10:28+00:00\" \/>\n<meta name=\"twitter:card\" content=\"summary_large_image\" \/>\n<meta name=\"twitter:label1\" content=\"Est. tempo de leitura\" \/>\n\t<meta name=\"twitter:data1\" content=\"5 minutos\" \/>\n<script type=\"application\/ld+json\" class=\"yoast-schema-graph\">{\"@context\":\"https:\\\/\\\/schema.org\",\"@graph\":[{\"@type\":\"WebPage\",\"@id\":\"https:\\\/\\\/juntasillinois.com\\\/br\\\/?page_id=17115\",\"url\":\"https:\\\/\\\/juntasillinois.com\\\/br\\\/?page_id=17115\",\"name\":\"TC PRO - Juntas Illinois\",\"isPartOf\":{\"@id\":\"https:\\\/\\\/juntasillinois.com\\\/br\\\/#website\"},\"datePublished\":\"2019-12-04T21:13:15+00:00\",\"dateModified\":\"2024-02-17T14:10:28+00:00\",\"breadcrumb\":{\"@id\":\"https:\\\/\\\/juntasillinois.com\\\/br\\\/?page_id=17115#breadcrumb\"},\"inLanguage\":\"pt-BR\",\"potentialAction\":[{\"@type\":\"ReadAction\",\"target\":[\"https:\\\/\\\/juntasillinois.com\\\/br\\\/?page_id=17115\"]}]},{\"@type\":\"BreadcrumbList\",\"@id\":\"https:\\\/\\\/juntasillinois.com\\\/br\\\/?page_id=17115#breadcrumb\",\"itemListElement\":[{\"@type\":\"ListItem\",\"position\":1,\"name\":\"Inicio\",\"item\":\"https:\\\/\\\/juntasillinois.com\\\/br\\\/\"},{\"@type\":\"ListItem\",\"position\":2,\"name\":\"TC PRO\"}]},{\"@type\":\"WebSite\",\"@id\":\"https:\\\/\\\/juntasillinois.com\\\/br\\\/#website\",\"url\":\"https:\\\/\\\/juntasillinois.com\\\/br\\\/\",\"name\":\"Juntas Illinois\",\"description\":\"\",\"potentialAction\":[{\"@type\":\"SearchAction\",\"target\":{\"@type\":\"EntryPoint\",\"urlTemplate\":\"https:\\\/\\\/juntasillinois.com\\\/br\\\/?s={search_term_string}\"},\"query-input\":{\"@type\":\"PropertyValueSpecification\",\"valueRequired\":true,\"valueName\":\"search_term_string\"}}],\"inLanguage\":\"pt-BR\"}]}<\/script>\n<!-- \/ Yoast SEO plugin. -->","yoast_head_json":{"title":"TC PRO - Juntas Illinois","robots":{"index":"index","follow":"follow","max-snippet":"max-snippet:-1","max-image-preview":"max-image-preview:large","max-video-preview":"max-video-preview:-1"},"canonical":"https:\/\/juntasillinois.com\/br\/?page_id=17115","og_locale":"pt_BR","og_type":"article","og_title":"TC PRO - Juntas Illinois","og_url":"https:\/\/juntasillinois.com\/br\/?page_id=17115","og_site_name":"Juntas Illinois","article_modified_time":"2024-02-17T14:10:28+00:00","twitter_card":"summary_large_image","twitter_misc":{"Est. tempo de leitura":"5 minutos"},"schema":{"@context":"https:\/\/schema.org","@graph":[{"@type":"WebPage","@id":"https:\/\/juntasillinois.com\/br\/?page_id=17115","url":"https:\/\/juntasillinois.com\/br\/?page_id=17115","name":"TC PRO - Juntas Illinois","isPartOf":{"@id":"https:\/\/juntasillinois.com\/br\/#website"},"datePublished":"2019-12-04T21:13:15+00:00","dateModified":"2024-02-17T14:10:28+00:00","breadcrumb":{"@id":"https:\/\/juntasillinois.com\/br\/?page_id=17115#breadcrumb"},"inLanguage":"pt-BR","potentialAction":[{"@type":"ReadAction","target":["https:\/\/juntasillinois.com\/br\/?page_id=17115"]}]},{"@type":"BreadcrumbList","@id":"https:\/\/juntasillinois.com\/br\/?page_id=17115#breadcrumb","itemListElement":[{"@type":"ListItem","position":1,"name":"Inicio","item":"https:\/\/juntasillinois.com\/br\/"},{"@type":"ListItem","position":2,"name":"TC PRO"}]},{"@type":"WebSite","@id":"https:\/\/juntasillinois.com\/br\/#website","url":"https:\/\/juntasillinois.com\/br\/","name":"Juntas Illinois","description":"","potentialAction":[{"@type":"SearchAction","target":{"@type":"EntryPoint","urlTemplate":"https:\/\/juntasillinois.com\/br\/?s={search_term_string}"},"query-input":{"@type":"PropertyValueSpecification","valueRequired":true,"valueName":"search_term_string"}}],"inLanguage":"pt-BR"}]}},"_links":{"self":[{"href":"https:\/\/juntasillinois.com\/br\/index.php?rest_route=\/wp\/v2\/pages\/17115","targetHints":{"allow":["GET"]}}],"collection":[{"href":"https:\/\/juntasillinois.com\/br\/index.php?rest_route=\/wp\/v2\/pages"}],"about":[{"href":"https:\/\/juntasillinois.com\/br\/index.php?rest_route=\/wp\/v2\/types\/page"}],"author":[{"embeddable":true,"href":"https:\/\/juntasillinois.com\/br\/index.php?rest_route=\/wp\/v2\/users\/1"}],"replies":[{"embeddable":true,"href":"https:\/\/juntasillinois.com\/br\/index.php?rest_route=%2Fwp%2Fv2%2Fcomments&post=17115"}],"version-history":[{"count":10,"href":"https:\/\/juntasillinois.com\/br\/index.php?rest_route=\/wp\/v2\/pages\/17115\/revisions"}],"predecessor-version":[{"id":17874,"href":"https:\/\/juntasillinois.com\/br\/index.php?rest_route=\/wp\/v2\/pages\/17115\/revisions\/17874"}],"wp:attachment":[{"href":"https:\/\/juntasillinois.com\/br\/index.php?rest_route=%2Fwp%2Fv2%2Fmedia&parent=17115"}],"curies":[{"name":"wp","href":"https:\/\/api.w.org\/{rel}","templated":true}]}}