{"id":17124,"date":"2019-12-04T18:45:23","date_gmt":"2019-12-04T21:45:23","guid":{"rendered":"http:\/\/juntasillinois.com\/19web\/?page_id=17124"},"modified":"2024-02-20T11:12:18","modified_gmt":"2024-02-20T14:12:18","slug":"seladores","status":"publish","type":"page","link":"https:\/\/juntasillinois.com\/br\/?page_id=17124","title":{"rendered":"Seladores"},"content":{"rendered":"<div id=\"cmsmasters_row_fldf2oyx4j\" class=\"cmsmasters_row cmsmasters_color_scheme_default cmsmasters_row_top_default cmsmasters_row_bot_default cmsmasters_row_fullwidth\">\n<div class=\"cmsmasters_row_outer_parent\">\n<div class=\"cmsmasters_row_outer\">\n<div class=\"cmsmasters_row_inner cmsmasters_row_fullwidth cmsmasters_row_no_margin\">\n<div class=\"cmsmasters_row_margin\">\n<div id=\"cmsmasters_column_ukna2twams\" class=\"cmsmasters_column one_half\">\n<div class=\"cmsmasters_column_inner\"><div class=\"cmsmasters_img  cmsmasters_image_n\"><img decoding=\"async\" src=\"https:\/\/juntasillinois.com\/br\/wp-content\/uploads\/sites\/2\/2020\/02\/selladores-illinois.jpg\" \/><\/div>\n<\/div><\/div>\n<div id=\"cmsmasters_column_9mrce86v7u\" class=\"cmsmasters_column one_half\">\n<div class=\"cmsmasters_column_inner\"><div id=\"cmsmasters_heading_ql4skhj0hi\" class=\"cmsmasters_heading_wrap cmsmasters_heading_align_left\">\n\t<h2 class=\"cmsmasters_heading\">Linha de seladores e formadores de junta l\u00edquida<\/h2>\n<\/div><div class=\"cmsmasters_text listas\">\n<div class=\"listas\">\n<p><strong>Os Seladores e Formadores de junta l\u00edquida ILLINOIS n\u00e3o cont\u00eam solventes, <\/strong>mant\u00eam-se inalterados no tempo, n\u00e3o encolhem, n\u00e3o racham e nem endurecem. Apresentam alta resist\u00eancia mec\u00e2nica a vibra\u00e7\u00f5es e golpes.<\/p>\n<p>Preenchem imperfei\u00e7\u00f5es e ranhuras. Pr\u00f3prios para veda\u00e7\u00e3o de elementos de condu\u00e7\u00e3o de \u00e1gua, \u00f3leos e grande variedade de l\u00edquidos e gases.<\/p>\n<p>Uma das principais vantagens do produto \u00e9 a sua c<strong>ompatibilidade com materiais sem amianto.<\/strong> Produtos sem amianto tem em sua composi\u00e7\u00e3o a borracha, que em contato com produtos a base de solvente danificam a superf\u00edcie do material e diminui a resist\u00eancia \u00e0 carga e press\u00e3o em 70%.<\/p>\n<\/div>\n<\/div>\n<div id=\"cmsmasters_divider_xf8yqezvbs\" class=\"cmsmasters_divider cmsmasters_divider_width_short cmsmasters_divider_pos_center\"><\/div>\n<div id=\"cmsmasters_button_18ub1dbhuc\" class=\"button_wrap\"><a href=\"https:\/\/juntasillinois.com\/br\/wp-content\/uploads\/sites\/2\/2024\/02\/SELLADORES_PORT_web.pdf\" class=\"cmsmasters_button cmsmasters_but_clear_styles cmsmasters_but_bg_hover cmsmasters-icon-custom-download botones\" target=\"_blank\"><span>Descargar PDF<\/span><\/a><\/div>\n<div id=\"cmsmasters_button_4wexbw88g\" class=\"button_wrap\"><a href=\"https:\/\/www.youtube.com\/watch?v=KVq-0Wtdocc\" class=\"cmsmasters_button cmsmasters_but_clear_styles cmsmasters_but_bg_hover cmsmasters-icon-youtube-play sg-popup-id-17488\" target=\"_blank\"><span>Ver video<\/span><\/a><\/div>\n<\/div><\/div>\n<\/div>\n<\/div>\n<\/div>\n<\/div>\n<\/div>\n<div id=\"cmsmasters_row_olw5hxtk4d\" class=\"cmsmasters_row cmsmasters_color_scheme_default cmsmasters_row_top_default cmsmasters_row_bot_default cmsmasters_row_boxed\">\n<div class=\"cmsmasters_row_outer_parent\">\n<div class=\"cmsmasters_row_outer\">\n<div class=\"cmsmasters_row_inner\">\n<div class=\"cmsmasters_row_margin\">\n<div id=\"cmsmasters_column_53e36m2j8b\" class=\"cmsmasters_column one_first\">\n<div class=\"cmsmasters_column_inner\"><div id=\"cmsmasters_heading_0ev0d289\" class=\"cmsmasters_heading_wrap cmsmasters_heading_align_left\">\n\t<h2 class=\"cmsmasters_heading\">TOP GREY<\/h2>\n<\/div>\n<\/div><\/div>\n<\/div>\n<\/div>\n<\/div>\n<\/div>\n<\/div>\n<div id=\"cmsmasters_row_m9spu3l3re\" class=\"cmsmasters_row cmsmasters_color_scheme_default cmsmasters_row_top_default cmsmasters_row_bot_default cmsmasters_row_boxed\">\n<div class=\"cmsmasters_row_outer_parent\">\n<div class=\"cmsmasters_row_outer\">\n<div class=\"cmsmasters_row_inner\">\n<div class=\"cmsmasters_row_margin\">\n<div id=\"cmsmasters_column_xx6970df3k\" class=\"cmsmasters_column one_half\">\n<div class=\"cmsmasters_column_inner\"><div class=\"cmsmasters_text listas\">\n<p><strong>Selador Alto M\u00f3dulo Neutro &#8211; Forma junta RTV Alta Temperatura<\/strong><\/p>\n<p><strong>Aplica\u00e7\u00f5es:<\/strong><br \/>\nVeda\u00e7a\u00f5 dos extremos do coletor e escapamento &#8211; Turbos &#8211; Caixa de c\u00e2mbio &#8211; Tampa distribui\u00e7\u00e3o &#8211; C\u00e1rter &#8211; Tampa de v\u00e1lvulas &#8211; Bomba de \u00e1gua\/\u00f3leo, etc. Cumpre com os requerimentos e especifica\u00e7\u00f5es de desempenho OEM. N\u00e3o aplicar sobre juntas de cabe\u00e7ote. N\u00e3o danifica sensores de oxig\u00eanio.<br \/>\n<strong>Resiste a temperaturas que v\u00e3o de -50\u02daC at\u00e9 371\u02daC.<\/strong><\/p>\n<\/div>\n<div id=\"cmsmasters_divider_862a7uokq\" class=\"cmsmasters_divider cmsmasters_divider_width_long cmsmasters_divider_pos_center\"><\/div>\n<div class=\"cmsmasters_text\">\n<table id=\"tablepress-1\" class=\"tablepress tablepress-id-1\">\n<thead>\n<tr class=\"row-1\">\n\t<th class=\"column-1\">C\u00d3DIGO<\/th><th class=\"column-2\">APRESENTA\u00c7\u00c3O<\/th><th class=\"column-3\">COR<\/th><th class=\"column-4\">UNIDADE DE EMPAQUETAMENTO<\/th>\n<\/tr>\n<\/thead>\n<tbody class=\"row-striping\">\n<tr class=\"row-2\">\n\t<td class=\"column-1\">2199100<\/td><td class=\"column-2\">Tubo 315gr<\/td><td class=\"column-3\">Cinza<\/td><td class=\"column-4\">Pack x 10 unidades<\/td>\n<\/tr>\n<tr class=\"row-3\">\n\t<td class=\"column-1\">2199200<\/td><td class=\"column-2\">Bisnaga 70gr<\/td><td class=\"column-3\">Cinza<\/td><td class=\"column-4\">Pack x 10 unidades<\/td>\n<\/tr>\n<\/tbody>\n<\/table>\n<!-- #tablepress-1 from cache --><\/p>\n<\/div>\n<\/div><\/div>\n<div id=\"cmsmasters_column_2rymsu53op\" class=\"cmsmasters_column one_half\">\n<div class=\"cmsmasters_column_inner\"><div class=\"cmsmasters_img  cmsmasters_image_n\"><img decoding=\"async\" src=\"https:\/\/juntasillinois.com\/br\/wp-content\/uploads\/sites\/2\/2019\/12\/top-grey.jpg\" \/><\/div>\n<\/div><\/div>\n<\/div>\n<\/div>\n<\/div>\n<\/div>\n<\/div>\n<div id=\"cmsmasters_row_ir2b1uy1rg\" class=\"cmsmasters_row cmsmasters_color_scheme_default cmsmasters_row_top_default cmsmasters_row_bot_default cmsmasters_row_boxed\">\n<div class=\"cmsmasters_row_outer_parent\">\n<div class=\"cmsmasters_row_outer\">\n<div class=\"cmsmasters_row_inner\">\n<div class=\"cmsmasters_row_margin\">\n<div id=\"cmsmasters_column_tvqxim44p8\" class=\"cmsmasters_column one_first\">\n<div class=\"cmsmasters_column_inner\"><div id=\"cmsmasters_heading_gtkgt1vk4r\" class=\"cmsmasters_heading_wrap cmsmasters_heading_align_left\">\n\t<h2 class=\"cmsmasters_heading\">TOP BLACK<\/h2>\n<\/div>\n<\/div><\/div>\n<\/div>\n<\/div>\n<\/div>\n<\/div>\n<\/div>\n<div id=\"cmsmasters_row_6j8s4egnco\" class=\"cmsmasters_row cmsmasters_color_scheme_default cmsmasters_row_top_default cmsmasters_row_bot_default cmsmasters_row_boxed\">\n<div class=\"cmsmasters_row_outer_parent\">\n<div class=\"cmsmasters_row_outer\">\n<div class=\"cmsmasters_row_inner\">\n<div class=\"cmsmasters_row_margin\">\n<div id=\"cmsmasters_column_g94ssgttip\" class=\"cmsmasters_column one_half\">\n<div class=\"cmsmasters_column_inner\"><div class=\"cmsmasters_text listas\">\n<p><strong>Selador Alto M\u00f3dulo Neutro &#8211; Forma junta RTV Alta Temperatura<\/strong><\/p>\n<p><strong>Aplica\u00e7\u00f5es:<\/strong><br \/>\nSellos de los extremos del m\u00faltiple y escape &#8211; Turbos &#8211; Caja de velocidad &#8211; Tapa distribuci\u00f3n &#8211; C\u00e1rter &#8211; Tapa de v\u00e1lvulas &#8211; Bomba de agua\/aceite, etc.<br \/>\nCumple con los requerimientos<br \/>\ny especificaciones de desempe\u00f1o OEM. No aplicarlo sobre juntas para culata de cilindros. No da\u00f1a sensores de ox\u00edgeno.<br \/>\n<strong>Resiste temperaturas desde -50\u02daC at\u00e9 371\u02daC.<\/strong><\/p>\n<\/div>\n<div id=\"cmsmasters_divider_t6ua7i32s9\" class=\"cmsmasters_divider cmsmasters_divider_width_long cmsmasters_divider_pos_center\"><\/div>\n<div class=\"cmsmasters_text\">\n<table id=\"tablepress-5\" class=\"tablepress tablepress-id-5\">\n<thead>\n<tr class=\"row-1\">\n\t<th class=\"column-1\">C\u00d3DIGO<\/th><th class=\"column-2\">APRESENTA\u00c7\u00c3O<\/th><th class=\"column-3\">COR<\/th><th class=\"column-4\">UNIDADE DE EMPAQUETAMENTO<\/th>\n<\/tr>\n<\/thead>\n<tbody class=\"row-striping\">\n<tr class=\"row-2\">\n\t<td class=\"column-1\">2199300<\/td><td class=\"column-2\">Bisnaga 70gr<\/td><td class=\"column-3\">Preto<\/td><td class=\"column-4\">Pack x 10 unidades<\/td>\n<\/tr>\n<\/tbody>\n<\/table>\n<!-- #tablepress-5 from cache --><\/p>\n<\/div>\n<\/div><\/div>\n<div id=\"cmsmasters_column_ec53l2umfm\" class=\"cmsmasters_column one_half\">\n<div class=\"cmsmasters_column_inner\"><div class=\"cmsmasters_img  cmsmasters_image_n\"><img decoding=\"async\" src=\"https:\/\/juntasillinois.com\/br\/wp-content\/uploads\/sites\/2\/2020\/02\/Top-Black.jpg\" \/><\/div>\n<\/div><\/div>\n<\/div>\n<\/div>\n<\/div>\n<\/div>\n<\/div>\n<div id=\"cmsmasters_row_crecdb5ng\" class=\"cmsmasters_row cmsmasters_color_scheme_default cmsmasters_row_top_default cmsmasters_row_bot_default cmsmasters_row_boxed\">\n<div class=\"cmsmasters_row_outer_parent\">\n<div class=\"cmsmasters_row_outer\">\n<div class=\"cmsmasters_row_inner\">\n<div class=\"cmsmasters_row_margin\">\n<div id=\"cmsmasters_column_0eftuvv97\" class=\"cmsmasters_column one_first\">\n<div class=\"cmsmasters_column_inner\"><div id=\"cmsmasters_heading_c90ke05d6c\" class=\"cmsmasters_heading_wrap cmsmasters_heading_align_left\">\n\t<h2 class=\"cmsmasters_heading\">ALTA TEMPERATURA<\/h2>\n<\/div>\n<\/div><\/div>\n<\/div>\n<\/div>\n<\/div>\n<\/div>\n<\/div>\n<div id=\"cmsmasters_row_7cjq6abwic\" class=\"cmsmasters_row cmsmasters_color_scheme_default cmsmasters_row_top_default cmsmasters_row_bot_default cmsmasters_row_boxed\">\n<div class=\"cmsmasters_row_outer_parent\">\n<div class=\"cmsmasters_row_outer\">\n<div class=\"cmsmasters_row_inner\">\n<div class=\"cmsmasters_row_margin\">\n<div id=\"cmsmasters_column_qyd6wyir4\" class=\"cmsmasters_column one_half\">\n<div class=\"cmsmasters_column_inner\"><div class=\"cmsmasters_text listas\">\n<p><strong>Selador &#8211; Forma junta RTV Alta Temperatura<\/strong><\/p>\n<p><strong>Aplica\u00e7\u00f5es:<\/strong><br \/>\nTampa de v\u00e1lvulas &#8211; C\u00e1rter &#8211; Bomba de \u00e1gua\/\u00f3leo &#8211; Tampa de distribui\u00e7\u00e3o, etc. Suporta varia\u00e7\u00f5es do ciclo t\u00e9rmico. Ampla gama de aplica\u00e7\u00f5es em qualquer \u00e1rea de alta temperatura.<br \/>\nN\u00e3o aplicar sobre juntas de cabe\u00e7ote.<br \/>\n<strong>Resiste a temperaturas que v\u00e3o de -50\u02daC at\u00e9 260\u02daC.<\/strong><\/p>\n<\/div>\n<div id=\"cmsmasters_divider_y789mol4l2\" class=\"cmsmasters_divider cmsmasters_divider_width_long cmsmasters_divider_pos_center\"><\/div>\n<div class=\"cmsmasters_text\">\n<table id=\"tablepress-2\" class=\"tablepress tablepress-id-2\">\n<thead>\n<tr class=\"row-1\">\n\t<th class=\"column-1\">C\u00d3DIGO<\/th><th class=\"column-2\">APRESENTA\u00c7\u00c3O<\/th><th class=\"column-3\">COR<\/th><th class=\"column-4\">UNIDADE DE EMPAQUETAMENTO<\/th>\n<\/tr>\n<\/thead>\n<tbody class=\"row-striping\">\n<tr class=\"row-2\">\n\t<td class=\"column-1\">2099100<\/td><td class=\"column-2\">Tubo 280ml.<\/td><td class=\"column-3\">Vermelha<\/td><td class=\"column-4\">Blister x 10 unidades<\/td>\n<\/tr>\n<tr class=\"row-3\">\n\t<td class=\"column-1\">2099200<\/td><td class=\"column-2\">Bisnaga 70gr<\/td><td class=\"column-3\">Vermelha<\/td><td class=\"column-4\">Blister x 10 unidades<\/td>\n<\/tr>\n<\/tbody>\n<\/table>\n<!-- #tablepress-2 from cache --><\/p>\n<\/div>\n<\/div><\/div>\n<div id=\"cmsmasters_column_wfzrbyflp\" class=\"cmsmasters_column one_half\">\n<div class=\"cmsmasters_column_inner\"><div class=\"cmsmasters_img  cmsmasters_image_n\"><img decoding=\"async\" src=\"https:\/\/juntasillinois.com\/br\/wp-content\/uploads\/sites\/2\/2019\/12\/alta-Temperatura.jpg\" \/><\/div>\n<\/div><\/div>\n<\/div>\n<\/div>\n<\/div>\n<\/div>\n<\/div>\n<div id=\"cmsmasters_row_oi13xpnmgy\" class=\"cmsmasters_row cmsmasters_color_scheme_default cmsmasters_row_top_default cmsmasters_row_bot_default cmsmasters_row_boxed\">\n<div class=\"cmsmasters_row_outer_parent\">\n<div class=\"cmsmasters_row_outer\">\n<div class=\"cmsmasters_row_inner\">\n<div class=\"cmsmasters_row_margin\">\n<div id=\"cmsmasters_column_1l8bxgyiv4\" class=\"cmsmasters_column one_first\">\n<div class=\"cmsmasters_column_inner\"><div id=\"cmsmasters_heading_shkk6y8rx\" class=\"cmsmasters_heading_wrap cmsmasters_heading_align_left\">\n\t<h2 class=\"cmsmasters_heading\">USO M\u00daLTIPLE<\/h2>\n<\/div>\n<\/div><\/div>\n<\/div>\n<\/div>\n<\/div>\n<\/div>\n<\/div>\n<div id=\"cmsmasters_row_jarsqmdju\" class=\"cmsmasters_row cmsmasters_color_scheme_default cmsmasters_row_top_default cmsmasters_row_bot_default cmsmasters_row_boxed\">\n<div class=\"cmsmasters_row_outer_parent\">\n<div class=\"cmsmasters_row_outer\">\n<div class=\"cmsmasters_row_inner\">\n<div class=\"cmsmasters_row_margin\">\n<div id=\"cmsmasters_column_kdsfvlxizs\" class=\"cmsmasters_column one_half\">\n<div class=\"cmsmasters_column_inner\"><div class=\"cmsmasters_text listas\">\n<p><strong>Adesivo Uso M\u00faltiple<\/strong><br \/>\nAplica\u00e7\u00f5es:<br \/>\nAdesivo para juntas pr\u00e9-fabricadas que n\u00e3o estiverem expostas a temperaturas extremas.<br \/>\nSubstitui adesivo tradicional. Vedante para juntas soft, bomba de \u00e1gua, bomba de \u00f3leo, c\u00e1rter, tampa de distribui\u00e7\u00e3o, conex\u00f5es de mangueira, etc.<br \/>\n<strong>Toler\u00e2ncia de temperaturas desde -30\u00b0C at\u00e9 + 150\u00b0C.<\/strong><\/p>\n<\/div>\n<div id=\"cmsmasters_divider_v16oktlvd\" class=\"cmsmasters_divider cmsmasters_divider_width_long cmsmasters_divider_pos_center\"><\/div>\n<div class=\"cmsmasters_text\">\n<table id=\"tablepress-3\" class=\"tablepress tablepress-id-3\">\n<thead>\n<tr class=\"row-1\">\n\t<th class=\"column-1\">C\u00d3DIGO<\/th><th class=\"column-2\">APRESENTA\u00c7\u00c3O<\/th><th class=\"column-3\">COR<\/th><th class=\"column-4\">UNIDADE DE EMPAQUETAMENTO<\/th>\n<\/tr>\n<\/thead>\n<tbody class=\"row-striping\">\n<tr class=\"row-2\">\n\t<td class=\"column-1\">2099300<\/td><td class=\"column-2\">Tubo 280 ml.<\/td><td class=\"column-3\">Transparente<\/td><td class=\"column-4\">Pack x 10 unidades<\/td>\n<\/tr>\n<\/tbody>\n<\/table>\n<!-- #tablepress-3 from cache --><\/p>\n<\/div>\n<\/div><\/div>\n<div id=\"cmsmasters_column_s0asq03xpp\" class=\"cmsmasters_column one_half\">\n<div class=\"cmsmasters_column_inner\"><div class=\"cmsmasters_img  cmsmasters_image_n\"><img decoding=\"async\" src=\"https:\/\/juntasillinois.com\/br\/wp-content\/uploads\/sites\/2\/2019\/12\/uso-Multiple.jpg\" \/><\/div>\n<\/div><\/div>\n<\/div>\n<\/div>\n<\/div>\n<\/div>\n<\/div>\n<div id=\"cmsmasters_row_fj4l713v0d\" class=\"cmsmasters_row cmsmasters_color_scheme_default cmsmasters_row_top_default cmsmasters_row_bot_default cmsmasters_row_boxed\">\n<div class=\"cmsmasters_row_outer_parent\">\n<div class=\"cmsmasters_row_outer\">\n<div class=\"cmsmasters_row_inner\">\n<div class=\"cmsmasters_row_margin\">\n<div id=\"cmsmasters_column_l9bz0wwmgm\" class=\"cmsmasters_column one_first\">\n<div class=\"cmsmasters_column_inner\"><div id=\"cmsmasters_heading_m2rr1l2w47\" class=\"cmsmasters_heading_wrap cmsmasters_heading_align_left\">\n\t<h2 class=\"cmsmasters_heading\">ESCAPLUS<\/h2>\n<\/div>\n<\/div><\/div>\n<\/div>\n<\/div>\n<\/div>\n<\/div>\n<\/div>\n<div id=\"cmsmasters_row_1jefs7n5ib\" class=\"cmsmasters_row cmsmasters_color_scheme_default cmsmasters_row_top_default cmsmasters_row_bot_default cmsmasters_row_boxed\">\n<div class=\"cmsmasters_row_outer_parent\">\n<div class=\"cmsmasters_row_outer\">\n<div class=\"cmsmasters_row_inner\">\n<div class=\"cmsmasters_row_margin\">\n<div id=\"cmsmasters_column_efutyrypul\" class=\"cmsmasters_column one_half\">\n<div class=\"cmsmasters_column_inner\"><div class=\"cmsmasters_text listas\">\n<p><strong>Selador para Sistemas de escapamento Alta Temperatura<\/strong><br \/>\n<strong>Aplica\u00e7\u00f5es:<\/strong><br \/>\nVedador de emendas e gretas para o sistema de escapamento e pe\u00e7as met\u00e1licas expostas a altas temperaturas. Composto especial resistente aos gases e ao calor corrosivo do escapamento. Corrige imperfei\u00e7\u00f5es e rachaduras. Para a veda\u00e7\u00e3o de elementos de condu\u00e7\u00e3o de gases, \u00f3leos e grande variedade de l\u00edquidos.<br \/>\n<strong>Resiste a temperaturas que v\u00e3o de -5\u02daC at\u00e9 900\u02daC (com intermitentes de at\u00e9 950\u02daC)<\/strong><\/p>\n<\/div>\n<div id=\"cmsmasters_divider_syjip3kukt\" class=\"cmsmasters_divider cmsmasters_divider_width_long cmsmasters_divider_pos_center\"><\/div>\n<div class=\"cmsmasters_text\">\n<table id=\"tablepress-4\" class=\"tablepress tablepress-id-4\">\n<thead>\n<tr class=\"row-1\">\n\t<th class=\"column-1\">C\u00d3DIGO<\/th><th class=\"column-2\">APRESENTA\u00c7\u00c3O<\/th><th class=\"column-3\">COR<\/th><th class=\"column-4\">UNIDADE DE EMPAQUETAMENTO<\/th>\n<\/tr>\n<\/thead>\n<tbody class=\"row-striping\">\n<tr class=\"row-2\">\n\t<td class=\"column-1\">2099800<\/td><td class=\"column-2\">Pote 200 gr<\/td><td class=\"column-3\">Bege<\/td><td class=\"column-4\">x unidad<\/td>\n<\/tr>\n<\/tbody>\n<\/table>\n<!-- #tablepress-4 from cache --><\/p>\n<\/div>\n<\/div><\/div>\n<div id=\"cmsmasters_column_ygognlh01o\" class=\"cmsmasters_column one_half\">\n<div class=\"cmsmasters_column_inner\"><div class=\"cmsmasters_img  cmsmasters_image_n\"><img decoding=\"async\" src=\"https:\/\/juntasillinois.com\/br\/wp-content\/uploads\/sites\/2\/2020\/02\/escaplus-selladores.jpg\" \/><\/div>\n<\/div><\/div>\n<\/div>\n<\/div>\n<\/div>\n<\/div>\n<\/div>\n\n","protected":false},"excerpt":{"rendered":"","protected":false},"author":1,"featured_media":0,"parent":0,"menu_order":0,"comment_status":"closed","ping_status":"closed","template":"","meta":{"footnotes":""},"class_list":["post-17124","page","type-page","status-publish","hentry"],"yoast_head":"<!-- This site is optimized with the Yoast SEO plugin v27.5 - https:\/\/yoast.com\/product\/yoast-seo-wordpress\/ -->\n<title>Seladores - Juntas Illinois<\/title>\n<meta name=\"robots\" content=\"index, follow, max-snippet:-1, max-image-preview:large, max-video-preview:-1\" \/>\n<link rel=\"canonical\" href=\"https:\/\/juntasillinois.com\/br\/?page_id=17124\" \/>\n<meta property=\"og:locale\" content=\"pt_BR\" \/>\n<meta property=\"og:type\" content=\"article\" \/>\n<meta property=\"og:title\" content=\"Seladores - Juntas Illinois\" \/>\n<meta property=\"og:url\" content=\"https:\/\/juntasillinois.com\/br\/?page_id=17124\" \/>\n<meta property=\"og:site_name\" content=\"Juntas Illinois\" \/>\n<meta property=\"article:modified_time\" content=\"2024-02-20T14:12:18+00:00\" \/>\n<meta name=\"twitter:card\" content=\"summary_large_image\" \/>\n<meta name=\"twitter:label1\" content=\"Est. tempo de leitura\" \/>\n\t<meta name=\"twitter:data1\" content=\"11 minutos\" \/>\n<script type=\"application\/ld+json\" class=\"yoast-schema-graph\">{\"@context\":\"https:\\\/\\\/schema.org\",\"@graph\":[{\"@type\":\"WebPage\",\"@id\":\"https:\\\/\\\/juntasillinois.com\\\/br\\\/?page_id=17124\",\"url\":\"https:\\\/\\\/juntasillinois.com\\\/br\\\/?page_id=17124\",\"name\":\"Seladores - Juntas Illinois\",\"isPartOf\":{\"@id\":\"https:\\\/\\\/juntasillinois.com\\\/br\\\/#website\"},\"datePublished\":\"2019-12-04T21:45:23+00:00\",\"dateModified\":\"2024-02-20T14:12:18+00:00\",\"breadcrumb\":{\"@id\":\"https:\\\/\\\/juntasillinois.com\\\/br\\\/?page_id=17124#breadcrumb\"},\"inLanguage\":\"pt-BR\",\"potentialAction\":[{\"@type\":\"ReadAction\",\"target\":[\"https:\\\/\\\/juntasillinois.com\\\/br\\\/?page_id=17124\"]}]},{\"@type\":\"BreadcrumbList\",\"@id\":\"https:\\\/\\\/juntasillinois.com\\\/br\\\/?page_id=17124#breadcrumb\",\"itemListElement\":[{\"@type\":\"ListItem\",\"position\":1,\"name\":\"Inicio\",\"item\":\"https:\\\/\\\/juntasillinois.com\\\/br\\\/\"},{\"@type\":\"ListItem\",\"position\":2,\"name\":\"Seladores\"}]},{\"@type\":\"WebSite\",\"@id\":\"https:\\\/\\\/juntasillinois.com\\\/br\\\/#website\",\"url\":\"https:\\\/\\\/juntasillinois.com\\\/br\\\/\",\"name\":\"Juntas Illinois\",\"description\":\"\",\"potentialAction\":[{\"@type\":\"SearchAction\",\"target\":{\"@type\":\"EntryPoint\",\"urlTemplate\":\"https:\\\/\\\/juntasillinois.com\\\/br\\\/?s={search_term_string}\"},\"query-input\":{\"@type\":\"PropertyValueSpecification\",\"valueRequired\":true,\"valueName\":\"search_term_string\"}}],\"inLanguage\":\"pt-BR\"}]}<\/script>\n<!-- \/ Yoast SEO plugin. -->","yoast_head_json":{"title":"Seladores - Juntas Illinois","robots":{"index":"index","follow":"follow","max-snippet":"max-snippet:-1","max-image-preview":"max-image-preview:large","max-video-preview":"max-video-preview:-1"},"canonical":"https:\/\/juntasillinois.com\/br\/?page_id=17124","og_locale":"pt_BR","og_type":"article","og_title":"Seladores - Juntas Illinois","og_url":"https:\/\/juntasillinois.com\/br\/?page_id=17124","og_site_name":"Juntas Illinois","article_modified_time":"2024-02-20T14:12:18+00:00","twitter_card":"summary_large_image","twitter_misc":{"Est. tempo de leitura":"11 minutos"},"schema":{"@context":"https:\/\/schema.org","@graph":[{"@type":"WebPage","@id":"https:\/\/juntasillinois.com\/br\/?page_id=17124","url":"https:\/\/juntasillinois.com\/br\/?page_id=17124","name":"Seladores - Juntas Illinois","isPartOf":{"@id":"https:\/\/juntasillinois.com\/br\/#website"},"datePublished":"2019-12-04T21:45:23+00:00","dateModified":"2024-02-20T14:12:18+00:00","breadcrumb":{"@id":"https:\/\/juntasillinois.com\/br\/?page_id=17124#breadcrumb"},"inLanguage":"pt-BR","potentialAction":[{"@type":"ReadAction","target":["https:\/\/juntasillinois.com\/br\/?page_id=17124"]}]},{"@type":"BreadcrumbList","@id":"https:\/\/juntasillinois.com\/br\/?page_id=17124#breadcrumb","itemListElement":[{"@type":"ListItem","position":1,"name":"Inicio","item":"https:\/\/juntasillinois.com\/br\/"},{"@type":"ListItem","position":2,"name":"Seladores"}]},{"@type":"WebSite","@id":"https:\/\/juntasillinois.com\/br\/#website","url":"https:\/\/juntasillinois.com\/br\/","name":"Juntas Illinois","description":"","potentialAction":[{"@type":"SearchAction","target":{"@type":"EntryPoint","urlTemplate":"https:\/\/juntasillinois.com\/br\/?s={search_term_string}"},"query-input":{"@type":"PropertyValueSpecification","valueRequired":true,"valueName":"search_term_string"}}],"inLanguage":"pt-BR"}]}},"_links":{"self":[{"href":"https:\/\/juntasillinois.com\/br\/index.php?rest_route=\/wp\/v2\/pages\/17124","targetHints":{"allow":["GET"]}}],"collection":[{"href":"https:\/\/juntasillinois.com\/br\/index.php?rest_route=\/wp\/v2\/pages"}],"about":[{"href":"https:\/\/juntasillinois.com\/br\/index.php?rest_route=\/wp\/v2\/types\/page"}],"author":[{"embeddable":true,"href":"https:\/\/juntasillinois.com\/br\/index.php?rest_route=\/wp\/v2\/users\/1"}],"replies":[{"embeddable":true,"href":"https:\/\/juntasillinois.com\/br\/index.php?rest_route=%2Fwp%2Fv2%2Fcomments&post=17124"}],"version-history":[{"count":8,"href":"https:\/\/juntasillinois.com\/br\/index.php?rest_route=\/wp\/v2\/pages\/17124\/revisions"}],"predecessor-version":[{"id":17888,"href":"https:\/\/juntasillinois.com\/br\/index.php?rest_route=\/wp\/v2\/pages\/17124\/revisions\/17888"}],"wp:attachment":[{"href":"https:\/\/juntasillinois.com\/br\/index.php?rest_route=%2Fwp%2Fv2%2Fmedia&parent=17124"}],"curies":[{"name":"wp","href":"https:\/\/api.w.org\/{rel}","templated":true}]}}