{"id":17170,"date":"2019-12-04T18:44:15","date_gmt":"2019-12-04T21:44:15","guid":{"rendered":"http:\/\/juntasillinois.com\/19web\/?page_id=17170"},"modified":"2024-02-20T11:37:53","modified_gmt":"2024-02-20T14:37:53","slug":"empresa","status":"publish","type":"page","link":"https:\/\/juntasillinois.com\/br\/?page_id=17170","title":{"rendered":"Empresa"},"content":{"rendered":"<div id=\"cmsmasters_row_gxjdsyh9hr\" class=\"cmsmasters_row cmsmasters_color_scheme_default cmsmasters_row_top_default cmsmasters_row_bot_default cmsmasters_row_boxed\">\n<div class=\"cmsmasters_row_outer_parent\">\n<div class=\"cmsmasters_row_outer\">\n<div class=\"cmsmasters_row_inner\">\n<div class=\"cmsmasters_row_margin\">\n<div id=\"cmsmasters_column_0yxhhe7ft7\" class=\"cmsmasters_column one_first\">\n<div class=\"cmsmasters_column_inner\"><div class=\"cmsmasters_text\">\n<h2 class=\"blanco\" style=\"text-align: center;\">Um compromisso constante com a excel\u00eancia.<\/h2>\n<\/div>\n<\/div><\/div>\n<\/div>\n<\/div>\n<\/div>\n<\/div>\n<\/div>\n<div id=\"cmsmasters_row_dynzowuw9l\" class=\"cmsmasters_row cmsmasters_color_scheme_default cmsmasters_row_top_default cmsmasters_row_bot_default cmsmasters_row_boxed\">\n<div class=\"cmsmasters_row_outer_parent\">\n<div class=\"cmsmasters_row_outer\">\n<div class=\"cmsmasters_row_inner\">\n<div class=\"cmsmasters_row_margin cmsmasters_row_columns_behavior\">\n<div id=\"cmsmasters_column_ropzoelre\" class=\"cmsmasters_column one_half\">\n<div class=\"cmsmasters_column_inner\"><div class=\"cmsmasters_img  cmsmasters_image_n\"><img decoding=\"async\" src=\"https:\/\/juntasillinois.com\/br\/wp-content\/uploads\/sites\/2\/2019\/12\/Illinois-empresa.jpg\" \/><\/div>\n<\/div><\/div>\n<div id=\"cmsmasters_column_9z1vo5fg8n\" class=\"cmsmasters_column one_half\">\n<div class=\"cmsmasters_column_inner\"><div id=\"cmsmasters_heading_za8s7wqs3n\" class=\"cmsmasters_heading_wrap cmsmasters_heading_align_left\">\n\t<h6 class=\"cmsmasters_heading\">DESDE 1943<\/h6>\n<\/div><div id=\"cmsmasters_heading_c0wgukpaeg\" class=\"cmsmasters_heading_wrap cmsmasters_heading_align_left\">\n\t<h2 class=\"cmsmasters_heading\">Nossa empresa<\/h2>\n<\/div><div id=\"cmsmasters_heading_pf37nzfpjj\" class=\"cmsmasters_heading_wrap cmsmasters_heading_align_left\">\n\t<h3 class=\"cmsmasters_heading\">A empresa Juntas Illinois S.A. faz parte do setor Metal-Mec\u00e2nico. Sua atividade principal \u00e9 a fabrica\u00e7\u00e3o e comercializa\u00e7\u00e3o de juntas e pe\u00e7as automotivas de reposi\u00e7\u00e3o para todo tipo de motores.<\/h3>\n<\/div><div id=\"cmsmasters_heading_l3arvaj6f5\" class=\"cmsmasters_heading_wrap cmsmasters_heading_align_left\">\n\t<h3 class=\"cmsmasters_heading\">A empresa foi fundada em Ros\u00e1rio, Argentina em 1943 com o nome de Mart\u00ednez y Tur, fazendo refer\u00eancia a seus fundadores. Anos mais tarde o Sr. Ricardo Tur, um dos s\u00f3cios, adquiriu a totalidade da empresa e a partir da\u00ed,a raz\u00e3o social da empresa mudou para Juntas Illinois S.A.<\/h3>\n<\/div><div id=\"cmsmasters_heading_01dyhde3yp\" class=\"cmsmasters_heading_wrap cmsmasters_heading_align_left\">\n\t<h3 class=\"cmsmasters_heading\">Atualmente o Sr. Daniel Tur \u00e9 o Presidente da firma e compartilha a condu\u00e7\u00e3o da mesma com uma equipe de colaboradores profissionais que inclui a terceira gera\u00e7\u00e3o familiar<\/h3>\n<\/div><div id=\"cmsmasters_heading_w8bsz2rwdk\" class=\"cmsmasters_heading_wrap cmsmasters_heading_align_left\">\n\t<h3 class=\"cmsmasters_heading\">Em conjunto continuam escrevendo a hist\u00f3ria de Juntas Illinois sobre s\u00f3lidas bases de um passado vigoroso, um presente em plena expans\u00e3o e a proje\u00e7\u00e3o de um futuro promissor com muitos desafios.<\/h3>\n<\/div><div id=\"cmsmasters_button_miua6ocs8\" class=\"button_wrap\"><a href=\"https:\/\/juntasillinois.com\/en\/wp-content\/uploads\/sites\/3\/2024\/02\/Folleto-InstitucionaI-LLINOIS.pdf\" class=\"cmsmasters_button cmsmasters_but_clear_styles cmsmasters_but_bg_hover cmsmasters-icon-file-pdf\"><span> Baixar PDF<\/span><\/a><\/div>\n<\/div><\/div>\n<\/div>\n<\/div>\n<\/div>\n<\/div>\n<\/div>\n<div id=\"cmsmasters_row_gokb9a356o\" class=\"cmsmasters_row cmsmasters_color_scheme_default cmsmasters_row_top_default cmsmasters_row_bot_default cmsmasters_row_boxed\">\n<div class=\"cmsmasters_row_outer_parent\">\n<div class=\"cmsmasters_row_outer\">\n<div class=\"cmsmasters_row_inner\">\n<div class=\"cmsmasters_row_margin cmsmasters_row_columns_behavior\">\n<div id=\"cmsmasters_column_yyrjs4k8xr\" class=\"cmsmasters_column one_half\">\n<div class=\"cmsmasters_column_inner\"><div id=\"cmsmasters_heading_1jst1zu1oc\" class=\"cmsmasters_heading_wrap cmsmasters_heading_align_left\">\n\t<h6 class=\"cmsmasters_heading\"> 7000 m2<\/h6>\n<\/div><div id=\"cmsmasters_heading_ff2ect7jlj\" class=\"cmsmasters_heading_wrap cmsmasters_heading_align_left\">\n\t<h2 class=\"cmsmasters_heading\">Estrutura<\/h2>\n<\/div><div id=\"cmsmasters_heading_ni2gicv78r\" class=\"cmsmasters_heading_wrap cmsmasters_heading_align_left\">\n\t<h3 class=\"cmsmasters_heading\">Juntas Illinois S.A. conta com uma planta industrial, modelo de n\u00edvel internacional, constru\u00edda em uma \u00e1rea de 7000 m2. O conceito destas instala\u00e7\u00f5es \u00e9 um claro exemplo de como a higiene, a seguran\u00e7a e a ordem dentro de um ambiente de trabalho agrad\u00e1vel aumentam a produtividade e melhora o fluxo de todos os processos produtivos.<\/h3>\n<\/div><div id=\"cmsmasters_heading_mjhyp32te\" class=\"cmsmasters_heading_wrap cmsmasters_heading_align_left\">\n\t<h3 class=\"cmsmasters_heading\">Nos \u00faltimos anos a empresa realizou importantes investimentos para garantir o crescimento e continuar com a moderniza\u00e7\u00e3o de sua infra-estrutura, desenvolvendo uma Cadeia de Valor din\u00e2mico que garante a efici\u00eancia e a qualidade de todos os processos.<\/h3>\n<\/div>\n<\/div><\/div>\n<div id=\"cmsmasters_column_j32v1xlg4m\" class=\"cmsmasters_column one_half\">\n<div class=\"cmsmasters_column_inner\"><div class=\"cmsmasters_img  cmsmasters_image_n\"><img decoding=\"async\" src=\"https:\/\/juntasillinois.com\/br\/wp-content\/uploads\/sites\/2\/2019\/12\/Illinois-Estructura.jpg\" \/><\/div>\n<\/div><\/div>\n<\/div>\n<\/div>\n<\/div>\n<\/div>\n<\/div>\n<div id=\"cmsmasters_row_dz1o627jfq\" class=\"cmsmasters_row cmsmasters_color_scheme_default cmsmasters_row_top_default cmsmasters_row_bot_default cmsmasters_row_boxed\">\n<div class=\"cmsmasters_row_outer_parent\">\n<div class=\"cmsmasters_row_outer\">\n<div class=\"cmsmasters_row_inner\">\n<div class=\"cmsmasters_row_margin cmsmasters_row_columns_behavior\">\n<div id=\"cmsmasters_column_8mjby7fyo\" class=\"cmsmasters_column one_half\">\n<div class=\"cmsmasters_column_inner\"><div class=\"cmsmasters_img  cmsmasters_image_n\"><img decoding=\"async\" src=\"https:\/\/juntasillinois.com\/br\/wp-content\/uploads\/sites\/2\/2019\/12\/Illinois-Enfoque.jpg\" \/><\/div>\n<\/div><\/div>\n<div id=\"cmsmasters_column_hz991x1fv6\" class=\"cmsmasters_column one_half\">\n<div class=\"cmsmasters_column_inner\"><div id=\"cmsmasters_heading_39e2v3tcro\" class=\"cmsmasters_heading_wrap cmsmasters_heading_align_left\">\n\t<h6 class=\"cmsmasters_heading\">Mais de 11.800 referencias<\/h6>\n<\/div><div id=\"cmsmasters_heading_l7skkxq6o7\" class=\"cmsmasters_heading_wrap cmsmasters_heading_align_left\">\n\t<h2 class=\"cmsmasters_heading\">Focus<\/h2>\n<\/div><div id=\"cmsmasters_heading_ix5j1is9p\" class=\"cmsmasters_heading_wrap cmsmasters_heading_align_left\">\n\t<h3 class=\"cmsmasters_heading\">Juntas Illinois apresenta uma ampla gama de produtos para a selagem do motor. Os produtos s\u00e3o fabricados sob as mais rigorosas normas internacionais de qualidade, utilizando mat\u00e9rias primas de origem europ\u00e9ia e norte-americana.<\/h3>\n<\/div><div id=\"cmsmasters_heading_vb1br48fqg\" class=\"cmsmasters_heading_wrap cmsmasters_heading_align_left\">\n\t<h3 class=\"cmsmasters_heading\">Atualmente, o cat\u00e1logo de produtos conta com uma oferta de mais de 11.800 itens e continua em processo de amplia\u00e7\u00e3o. Para alcan\u00e7ar estes volumes, a empresa foi incorporando novas tecnolog\u00edas e capacitando seus funcion\u00e1rios. Al\u00e9m disso, implementou uma importante pol\u00edtica de desenvolvimento com os fornecedores, de maneira onde toda a Cadeia de Valor se encontra sob um mesmo lineamento.<\/h3>\n<\/div>\n<\/div><\/div>\n<\/div>\n<\/div>\n<\/div>\n<\/div>\n<\/div>\n<div id=\"cmsmasters_row_lw9lq843nb\" class=\"cmsmasters_row cmsmasters_color_scheme_default cmsmasters_row_top_default cmsmasters_row_bot_default cmsmasters_row_boxed\">\n<div class=\"cmsmasters_row_outer_parent\">\n<div class=\"cmsmasters_row_outer\">\n<div class=\"cmsmasters_row_inner\">\n<div class=\"cmsmasters_row_margin cmsmasters_row_columns_behavior\">\n<div id=\"cmsmasters_column_sg3mfggeen\" class=\"cmsmasters_column one_half\">\n<div class=\"cmsmasters_column_inner\"><div id=\"cmsmasters_heading_3iaekszys9\" class=\"cmsmasters_heading_wrap cmsmasters_heading_align_left\">\n\t<h6 class=\"cmsmasters_heading\">Desenvolvimento permanente<\/h6>\n<\/div><div id=\"cmsmasters_heading_q7x6sexu8\" class=\"cmsmasters_heading_wrap cmsmasters_heading_align_left\">\n\t<h2 class=\"cmsmasters_heading\">Engenharia<\/h2>\n<\/div><div id=\"cmsmasters_heading_2ehaonain\" class=\"cmsmasters_heading_wrap cmsmasters_heading_align_left\">\n\t<h3 class=\"cmsmasters_heading\">A empresa possui um departamento de engenharia altamente capacitado onde permanentemente s\u00e3o desenvolvidos novos produtos para satisfazer as demandas de um mercado cada vez mais exigente e em constante evolu\u00e7\u00e3o. Neste departamento se articula o trabalho de uma numerosa equipe com uma vasta experi\u00eancia t\u00e9cnica e especializa\u00e7\u00e3o na \u00e1rea. Tanto o desenho quanto a execu\u00e7\u00e3o das matrizes s\u00e3o realizadas dentro da empresa com ferramental pr\u00f3prio, sem requerer recursos externos. Isso permite uma r\u00e1pida adapta\u00e7\u00e3o \u00e0s mudan\u00e7as das necessidades dos mercados e oferece aos clientes um importante valor agregado.<\/h3>\n<\/div>\n<\/div><\/div>\n<div id=\"cmsmasters_column_lkbvsxw6jn\" class=\"cmsmasters_column one_half\">\n<div class=\"cmsmasters_column_inner\"><div class=\"cmsmasters_img  cmsmasters_image_n\"><img decoding=\"async\" src=\"https:\/\/juntasillinois.com\/br\/wp-content\/uploads\/sites\/2\/2020\/03\/ingenieria.jpg\" \/><\/div>\n<\/div><\/div>\n<\/div>\n<\/div>\n<\/div>\n<\/div>\n<\/div>\n<div id=\"cmsmasters_row_3gysg056y9\" class=\"cmsmasters_row cmsmasters_color_scheme_default cmsmasters_row_top_default cmsmasters_row_bot_default cmsmasters_row_boxed\">\n<div class=\"cmsmasters_row_outer_parent\">\n<div class=\"cmsmasters_row_outer\">\n<div class=\"cmsmasters_row_inner\">\n<div class=\"cmsmasters_row_margin cmsmasters_row_columns_behavior\">\n<div id=\"cmsmasters_column_jvhvb9rqz\" class=\"cmsmasters_column one_half\">\n<div class=\"cmsmasters_column_inner\"><div class=\"cmsmasters_img  cmsmasters_image_n\"><img decoding=\"async\" src=\"https:\/\/juntasillinois.com\/br\/wp-content\/uploads\/sites\/2\/2019\/12\/Illinois-Valores.jpg\" \/><\/div>\n<\/div><\/div>\n<div id=\"cmsmasters_column_e15d0bhux\" class=\"cmsmasters_column one_half\">\n<div class=\"cmsmasters_column_inner\"><div id=\"cmsmasters_heading_63zc5kipwf\" class=\"cmsmasters_heading_wrap cmsmasters_heading_align_left\">\n\t<h6 class=\"cmsmasters_heading\">Excel\u00eancia<\/h6>\n<\/div><div id=\"cmsmasters_heading_wx05ae1viu\" class=\"cmsmasters_heading_wrap cmsmasters_heading_align_left\">\n\t<h2 class=\"cmsmasters_heading\">Valores<\/h2>\n<\/div><div class=\"cmsmasters_text\">\n<p>A meta corporativa da Juntas Illinois S.A. \u00e9:<\/p>\n<p><strong>&#8220;Ser a melhor op\u00e7\u00e3o em qualidade, servi\u00e7o e confiabilidade, de forma que nossos clientes associem Juntas Illinois S.A. a excel\u00eancia&#8221;.<\/strong><\/p>\n<p>Atr\u00e1s desta meta, procuramos permanentemente criar e estimular condi\u00e7\u00f5es para que nossos colaboradores se sintam comprometidos neste processo de valor e na aplica\u00e7\u00e3o dos princ\u00edpios que sustentam nossa gest\u00e3o:<\/p>\n<p class=\"x_MsoNormal\">\u25cf\u00a0Desenvolvimento pessoal e profissional de nossos colaboradores.<\/p>\n<p class=\"x_MsoNormal\">\u25cf\u00a0Compromisso de nossos funcion\u00e1rios com a qualidade do trabalho.<\/p>\n<p class=\"x_MsoNormal\">\u25cf\u00a0Compromisso da Dire\u00e7\u00e3o com a qualidade e melhora cont\u00ednua.<\/p>\n<p class=\"x_MsoNormal\">\u25cf Rela\u00e7\u00f5es internas e externas regidas sob normas de \u00e9tica, honestidade e integridade.<\/p>\n<p class=\"x_MsoNormal\">\u25cf\u00a0 Compromisso de nossos funcion\u00e1rios para executar tarefas em alinhamento com os objetivos de qualidade estabelecidos.<\/p>\n<\/div>\n<\/div><\/div>\n<\/div>\n<\/div>\n<\/div>\n<\/div>\n<\/div>\n<div id=\"cmsmasters_row_x5rgo3wtr5\" class=\"cmsmasters_row cmsmasters_color_scheme_default cmsmasters_row_top_default cmsmasters_row_bot_default cmsmasters_row_fullwidth\">\n<div class=\"cmsmasters_row_outer_parent\">\n<div class=\"cmsmasters_row_outer\">\n<div class=\"cmsmasters_row_inner cmsmasters_row_fullwidth cmsmasters_row_no_margin\">\n<div class=\"cmsmasters_row_margin cmsmasters_row_columns_behavior\">\n<div id=\"cmsmasters_column_0wxakhx11\" class=\"cmsmasters_column one_first\">\n<div class=\"cmsmasters_column_inner\"><div class=\"cmsmasters_text\">\n<iframe loading=\"lazy\" src=\"https:\/\/www.youtube.com\/embed\/oUTC9Ks_yhc\" width=\"100%\" height=\"500\" frameborder=\"0\" allowfullscreen=\"allowfullscreen\"><\/iframe>\n<\/div>\n<\/div><\/div>\n<\/div>\n<\/div>\n<\/div>\n<\/div>\n<\/div>\n\n","protected":false},"excerpt":{"rendered":"","protected":false},"author":1,"featured_media":0,"parent":0,"menu_order":0,"comment_status":"closed","ping_status":"closed","template":"","meta":{"footnotes":""},"class_list":["post-17170","page","type-page","status-publish","hentry"],"yoast_head":"<!-- This site is optimized with the Yoast SEO plugin v27.5 - https:\/\/yoast.com\/product\/yoast-seo-wordpress\/ -->\n<title>Empresa - Juntas Illinois<\/title>\n<meta name=\"robots\" content=\"index, follow, max-snippet:-1, max-image-preview:large, max-video-preview:-1\" \/>\n<link rel=\"canonical\" href=\"https:\/\/juntasillinois.com\/br\/?page_id=17170\" \/>\n<meta property=\"og:locale\" content=\"pt_BR\" \/>\n<meta property=\"og:type\" content=\"article\" \/>\n<meta property=\"og:title\" content=\"Empresa - Juntas Illinois\" \/>\n<meta property=\"og:url\" content=\"https:\/\/juntasillinois.com\/br\/?page_id=17170\" \/>\n<meta property=\"og:site_name\" content=\"Juntas Illinois\" \/>\n<meta property=\"article:modified_time\" content=\"2024-02-20T14:37:53+00:00\" \/>\n<meta name=\"twitter:card\" content=\"summary_large_image\" \/>\n<meta name=\"twitter:label1\" content=\"Est. tempo de leitura\" \/>\n\t<meta name=\"twitter:data1\" content=\"11 minutos\" \/>\n<script type=\"application\/ld+json\" class=\"yoast-schema-graph\">{\"@context\":\"https:\\\/\\\/schema.org\",\"@graph\":[{\"@type\":\"WebPage\",\"@id\":\"https:\\\/\\\/juntasillinois.com\\\/br\\\/?page_id=17170\",\"url\":\"https:\\\/\\\/juntasillinois.com\\\/br\\\/?page_id=17170\",\"name\":\"Empresa - Juntas Illinois\",\"isPartOf\":{\"@id\":\"https:\\\/\\\/juntasillinois.com\\\/br\\\/#website\"},\"datePublished\":\"2019-12-04T21:44:15+00:00\",\"dateModified\":\"2024-02-20T14:37:53+00:00\",\"breadcrumb\":{\"@id\":\"https:\\\/\\\/juntasillinois.com\\\/br\\\/?page_id=17170#breadcrumb\"},\"inLanguage\":\"pt-BR\",\"potentialAction\":[{\"@type\":\"ReadAction\",\"target\":[\"https:\\\/\\\/juntasillinois.com\\\/br\\\/?page_id=17170\"]}]},{\"@type\":\"BreadcrumbList\",\"@id\":\"https:\\\/\\\/juntasillinois.com\\\/br\\\/?page_id=17170#breadcrumb\",\"itemListElement\":[{\"@type\":\"ListItem\",\"position\":1,\"name\":\"Inicio\",\"item\":\"https:\\\/\\\/juntasillinois.com\\\/br\\\/\"},{\"@type\":\"ListItem\",\"position\":2,\"name\":\"Empresa\"}]},{\"@type\":\"WebSite\",\"@id\":\"https:\\\/\\\/juntasillinois.com\\\/br\\\/#website\",\"url\":\"https:\\\/\\\/juntasillinois.com\\\/br\\\/\",\"name\":\"Juntas Illinois\",\"description\":\"\",\"potentialAction\":[{\"@type\":\"SearchAction\",\"target\":{\"@type\":\"EntryPoint\",\"urlTemplate\":\"https:\\\/\\\/juntasillinois.com\\\/br\\\/?s={search_term_string}\"},\"query-input\":{\"@type\":\"PropertyValueSpecification\",\"valueRequired\":true,\"valueName\":\"search_term_string\"}}],\"inLanguage\":\"pt-BR\"}]}<\/script>\n<!-- \/ Yoast SEO plugin. -->","yoast_head_json":{"title":"Empresa - Juntas Illinois","robots":{"index":"index","follow":"follow","max-snippet":"max-snippet:-1","max-image-preview":"max-image-preview:large","max-video-preview":"max-video-preview:-1"},"canonical":"https:\/\/juntasillinois.com\/br\/?page_id=17170","og_locale":"pt_BR","og_type":"article","og_title":"Empresa - Juntas Illinois","og_url":"https:\/\/juntasillinois.com\/br\/?page_id=17170","og_site_name":"Juntas Illinois","article_modified_time":"2024-02-20T14:37:53+00:00","twitter_card":"summary_large_image","twitter_misc":{"Est. tempo de leitura":"11 minutos"},"schema":{"@context":"https:\/\/schema.org","@graph":[{"@type":"WebPage","@id":"https:\/\/juntasillinois.com\/br\/?page_id=17170","url":"https:\/\/juntasillinois.com\/br\/?page_id=17170","name":"Empresa - Juntas Illinois","isPartOf":{"@id":"https:\/\/juntasillinois.com\/br\/#website"},"datePublished":"2019-12-04T21:44:15+00:00","dateModified":"2024-02-20T14:37:53+00:00","breadcrumb":{"@id":"https:\/\/juntasillinois.com\/br\/?page_id=17170#breadcrumb"},"inLanguage":"pt-BR","potentialAction":[{"@type":"ReadAction","target":["https:\/\/juntasillinois.com\/br\/?page_id=17170"]}]},{"@type":"BreadcrumbList","@id":"https:\/\/juntasillinois.com\/br\/?page_id=17170#breadcrumb","itemListElement":[{"@type":"ListItem","position":1,"name":"Inicio","item":"https:\/\/juntasillinois.com\/br\/"},{"@type":"ListItem","position":2,"name":"Empresa"}]},{"@type":"WebSite","@id":"https:\/\/juntasillinois.com\/br\/#website","url":"https:\/\/juntasillinois.com\/br\/","name":"Juntas Illinois","description":"","potentialAction":[{"@type":"SearchAction","target":{"@type":"EntryPoint","urlTemplate":"https:\/\/juntasillinois.com\/br\/?s={search_term_string}"},"query-input":{"@type":"PropertyValueSpecification","valueRequired":true,"valueName":"search_term_string"}}],"inLanguage":"pt-BR"}]}},"_links":{"self":[{"href":"https:\/\/juntasillinois.com\/br\/index.php?rest_route=\/wp\/v2\/pages\/17170","targetHints":{"allow":["GET"]}}],"collection":[{"href":"https:\/\/juntasillinois.com\/br\/index.php?rest_route=\/wp\/v2\/pages"}],"about":[{"href":"https:\/\/juntasillinois.com\/br\/index.php?rest_route=\/wp\/v2\/types\/page"}],"author":[{"embeddable":true,"href":"https:\/\/juntasillinois.com\/br\/index.php?rest_route=\/wp\/v2\/users\/1"}],"replies":[{"embeddable":true,"href":"https:\/\/juntasillinois.com\/br\/index.php?rest_route=%2Fwp%2Fv2%2Fcomments&post=17170"}],"version-history":[{"count":7,"href":"https:\/\/juntasillinois.com\/br\/index.php?rest_route=\/wp\/v2\/pages\/17170\/revisions"}],"predecessor-version":[{"id":17892,"href":"https:\/\/juntasillinois.com\/br\/index.php?rest_route=\/wp\/v2\/pages\/17170\/revisions\/17892"}],"wp:attachment":[{"href":"https:\/\/juntasillinois.com\/br\/index.php?rest_route=%2Fwp%2Fv2%2Fmedia&parent=17170"}],"curies":[{"name":"wp","href":"https:\/\/api.w.org\/{rel}","templated":true}]}}