{"id":17200,"date":"2019-12-05T18:15:58","date_gmt":"2019-12-05T21:15:58","guid":{"rendered":"http:\/\/juntasillinois.com\/19web\/?page_id=17200"},"modified":"2025-09-10T20:58:42","modified_gmt":"2025-09-10T23:58:42","slug":"qualidade","status":"publish","type":"page","link":"https:\/\/juntasillinois.com\/br\/?page_id=17200","title":{"rendered":"Qualidade"},"content":{"rendered":"<div id=\"cmsmasters_row_krkva74b0d\" class=\"cmsmasters_row cmsmasters_color_scheme_default cmsmasters_row_top_default cmsmasters_row_bot_default cmsmasters_row_boxed\">\n<div class=\"cmsmasters_row_outer_parent\">\n<div class=\"cmsmasters_row_outer\">\n<div class=\"cmsmasters_row_inner\">\n<div class=\"cmsmasters_row_margin\">\n<div id=\"cmsmasters_column_mzp30a03q\" class=\"cmsmasters_column one_first\">\n<div class=\"cmsmasters_column_inner\"><div class=\"cmsmasters_text\">\n<h2 class=\"blanco\" style=\"text-align: center;\">Illinois, qualidade certificada<\/h2>\n<\/div>\n<\/div><\/div>\n<\/div>\n<\/div>\n<\/div>\n<\/div>\n<\/div>\n<div id=\"cmsmasters_row_dynzowuw9l\" class=\"cmsmasters_row cmsmasters_color_scheme_default oculta1 cmsmasters_row_top_default cmsmasters_row_bot_default cmsmasters_row_boxed\">\n<div class=\"cmsmasters_row_outer_parent\">\n<div class=\"cmsmasters_row_outer\">\n<div class=\"cmsmasters_row_inner\">\n<div class=\"cmsmasters_row_margin cmsmasters_row_columns_behavior\">\n<div id=\"cmsmasters_column_ropzoelre\" class=\"cmsmasters_column one_half\">\n<div class=\"cmsmasters_column_inner\"><div class=\"cmsmasters_img  cmsmasters_image_n\"><img decoding=\"async\" src=\"https:\/\/juntasillinois.com\/br\/wp-content\/uploads\/sites\/2\/2019\/12\/calidad-illinois.jpg\" \/><\/div>\n<div id=\"cmsmasters_divider_d5d18p6yd4\" class=\"cmsmasters_divider cmsmasters_divider_width_short cmsmasters_divider_pos_center\"><\/div>\n<div class=\"cmsmasters_img  cmsmasters_image_n\"><img decoding=\"async\" src=\"https:\/\/juntasillinois.com\/br\/wp-content\/uploads\/sites\/2\/2019\/12\/calidad-illinois-2.jpg\" \/><\/div>\n<\/div><\/div>\n<div id=\"cmsmasters_column_9z1vo5fg8n\" class=\"cmsmasters_column one_half\">\n<div class=\"cmsmasters_column_inner\"><div id=\"cmsmasters_heading_c0wgukpaeg\" class=\"cmsmasters_heading_wrap cmsmasters_heading_align_left\">\n\t<h2 class=\"cmsmasters_heading\">Certifica\u00e7\u00f5es internacionais<\/h2>\n<\/div><div id=\"cmsmasters_heading_pf37nzfpjj\" class=\"cmsmasters_heading_wrap cmsmasters_heading_align_left\">\n\t<h3 class=\"cmsmasters_heading\">Juntas Illinois S.A. implementou seu Sistema de Gest\u00e3o da Qualidade, orientando os esfor\u00e7os para atender as expectativas dos clientes em termos de produtos e servi\u00e7os. Para atingir estes objetivos, a empresa trabalha focada na melhoria cont\u00ednua e monitora constantemente o nivel de satisfa\u00e7\u00e3o em toda a cadeia de valor. Para assegurar a qualidade dos produtos correspondem \u00e0s exig\u00eancias dos clientes, a empresa estendeu suas pr\u00f3prias exig\u00eancias para seus fornecedores.<\/h3>\n<\/div>\n<div id=\"cmsmasters_divider_gp1vjq3pgb\" class=\"cl\"><\/div>\n<div id=\"cmsmasters_button_imwzgxcdtx\" class=\"button_wrap\"><a href=\"https:\/\/juntasillinois.com\/wp-content\/uploads\/2025\/09\/ISO_9001-ESP-C603740-1-20250909.pdf\" class=\"cmsmasters_button cmsmasters_but_clear_styles cmsmasters_but_icon_hover_slide_bottom cmsmasters-icon-file-pdf\" target=\"_blank\"><span>Descarregar certificado de qualidade<\/span><\/a><\/div>\n\n<div id=\"cmsmasters_divider_ds4j0y3lkf\" class=\"cl\"><\/div>\n<div id=\"cmsmasters_heading_pj0wznq06p\" class=\"cmsmasters_heading_wrap cmsmasters_heading_align_left\">\n\t<h2 class=\"cmsmasters_heading\">M\u00e1xima Qualidade<\/h2>\n<\/div><div id=\"cmsmasters_heading_sifcg6w1tk\" class=\"cmsmasters_heading_wrap cmsmasters_heading_align_left\">\n\t<h3 class=\"cmsmasters_heading\">Produtos testado de acordo com as normas internacionais SAE 921484, DIN 52913, ASTM F36 y ASTM F37, sujeitos a um rigoroso controle de qualidade durante todo o processo de fabrica\u00e7\u00e3o. Eles apresentam a combina\u00e7\u00e3o de materiais O.E.M. de \u00faltima gera\u00e7\u00e3o e de alta qualidade. Sistema de Gest\u00e3o da Qualidade certificado pela ISO 9001:2015 (243918-AQ-ARG-RvA).<\/h3>\n<\/div>\n<\/div><\/div>\n<\/div>\n<\/div>\n<\/div>\n<\/div>\n<\/div>\n<div id=\"cmsmasters_row_secooqdvv\" class=\"cmsmasters_row cmsmasters_color_scheme_default oculta2 cmsmasters_row_top_default cmsmasters_row_bot_default cmsmasters_row_boxed\">\n<div class=\"cmsmasters_row_outer_parent\">\n<div class=\"cmsmasters_row_outer\">\n<div class=\"cmsmasters_row_inner\">\n<div class=\"cmsmasters_row_margin cmsmasters_row_columns_behavior\">\n<div id=\"cmsmasters_column_3ojk50209w\" class=\"cmsmasters_column one_half\">\n<div class=\"cmsmasters_column_inner\"><div id=\"cmsmasters_heading_1colul9xe\" class=\"cmsmasters_heading_wrap cmsmasters_heading_align_left\">\n\t<h2 class=\"cmsmasters_heading\">Certificaciones internacionales<\/h2>\n<\/div><div id=\"cmsmasters_heading_64dnbz4ayw\" class=\"cmsmasters_heading_wrap cmsmasters_heading_align_left\">\n\t<h3 class=\"cmsmasters_heading\">Juntas Illinois S.A. implementou seu Sistema de Grest\u00e3o da Qualidade, orientando os esfor\u00e7os para atender as expectativas dos clientes em termos de productos e servi\u00e7os. Para atingir estes objetivos, a empresa trabalha focada na melhoria cont\u00ednua e monitora constantemente o nivel de satisfa\u00e7\u00e3o em toda a cadeia de valor. Para assegurar a qualidade dos produtos correspondem \u00e0s exig\u00eancias dos clientes, a empresa estendeu suas pr\u00f3prias exig\u00eancias para seus fornecedores.<\/h3>\n<\/div>\n<div id=\"cmsmasters_divider_0tqthebgo\" class=\"cl\"><\/div>\n<div id=\"cmsmasters_button_k2js9qsonk\" class=\"button_wrap\"><a href=\"http:\/\/www.juntasillinois.com\/2014\/pdf\/politica_de_calidad-es.pdf\" class=\"cmsmasters_button cmsmasters_but_clear_styles cmsmasters_but_icon_hover_slide_bottom cmsmasters-icon-file-pdf\" target=\"_blank\"><span>Descargar certificado de calidad<\/span><\/a><\/div>\n\n<div id=\"cmsmasters_divider_xgfgcu5qxb\" class=\"cl\"><\/div>\n<div id=\"cmsmasters_heading_t8rdpm28d\" class=\"cmsmasters_heading_wrap cmsmasters_heading_align_left\">\n\t<h2 class=\"cmsmasters_heading\">M\u00e1xima Qualidade<\/h2>\n<\/div><div id=\"cmsmasters_heading_zrqkz8n0mf\" class=\"cmsmasters_heading_wrap cmsmasters_heading_align_left\">\n\t<h3 class=\"cmsmasters_heading\">Produtos testado de acordo com as normas internacionais SAE 921484, DIN 52913, ASTM F36 y ASTM F37, sujeitos a um rigoroso controle de qualidade durante todo o processo de fabrica\u00e7\u00e3o. Eles apresentam a combina\u00e7\u00e3o de materiais O.E.M. de \u00faltima gera\u00e7\u00e3o e de alta qualidade. Sistema de Gest\u00e3o da Qualidade certificado pela ISO 9001:2015 (243918-AQ-ARG-RvA).<\/h3>\n<\/div>\n<\/div><\/div>\n<div id=\"cmsmasters_column_1or523a3y\" class=\"cmsmasters_column one_half\">\n<div class=\"cmsmasters_column_inner\"><div class=\"cmsmasters_img  cmsmasters_image_n\"><img decoding=\"async\" src=\"https:\/\/juntasillinois.com\/br\/wp-content\/uploads\/sites\/2\/2019\/12\/calidad-illinois.jpg\" \/><\/div>\n<div id=\"cmsmasters_divider_nhdxu78ox4\" class=\"cmsmasters_divider cmsmasters_divider_width_short cmsmasters_divider_pos_center\"><\/div>\n<div class=\"cmsmasters_img  cmsmasters_image_n\"><img decoding=\"async\" src=\"https:\/\/juntasillinois.com\/br\/wp-content\/uploads\/sites\/2\/2019\/12\/calidad-illinois-2.jpg\" \/><\/div>\n<\/div><\/div>\n<\/div>\n<\/div>\n<\/div>\n<\/div>\n<\/div>\n\n","protected":false},"excerpt":{"rendered":"","protected":false},"author":1,"featured_media":0,"parent":0,"menu_order":0,"comment_status":"closed","ping_status":"closed","template":"","meta":{"footnotes":""},"class_list":["post-17200","page","type-page","status-publish","hentry"],"yoast_head":"<!-- This site is optimized with the Yoast SEO plugin v27.5 - https:\/\/yoast.com\/product\/yoast-seo-wordpress\/ -->\n<title>Qualidade - Juntas Illinois<\/title>\n<meta name=\"robots\" content=\"index, follow, max-snippet:-1, max-image-preview:large, max-video-preview:-1\" \/>\n<link rel=\"canonical\" href=\"https:\/\/juntasillinois.com\/br\/?page_id=17200\" \/>\n<meta property=\"og:locale\" content=\"pt_BR\" \/>\n<meta property=\"og:type\" content=\"article\" \/>\n<meta property=\"og:title\" content=\"Qualidade - Juntas Illinois\" \/>\n<meta property=\"og:url\" content=\"https:\/\/juntasillinois.com\/br\/?page_id=17200\" \/>\n<meta property=\"og:site_name\" content=\"Juntas Illinois\" \/>\n<meta property=\"article:modified_time\" content=\"2025-09-10T23:58:42+00:00\" \/>\n<meta name=\"twitter:card\" content=\"summary_large_image\" \/>\n<meta name=\"twitter:label1\" content=\"Est. tempo de leitura\" \/>\n\t<meta name=\"twitter:data1\" content=\"4 minutos\" \/>\n<script type=\"application\/ld+json\" class=\"yoast-schema-graph\">{\"@context\":\"https:\\\/\\\/schema.org\",\"@graph\":[{\"@type\":\"WebPage\",\"@id\":\"https:\\\/\\\/juntasillinois.com\\\/br\\\/?page_id=17200\",\"url\":\"https:\\\/\\\/juntasillinois.com\\\/br\\\/?page_id=17200\",\"name\":\"Qualidade - Juntas Illinois\",\"isPartOf\":{\"@id\":\"https:\\\/\\\/juntasillinois.com\\\/br\\\/#website\"},\"datePublished\":\"2019-12-05T21:15:58+00:00\",\"dateModified\":\"2025-09-10T23:58:42+00:00\",\"breadcrumb\":{\"@id\":\"https:\\\/\\\/juntasillinois.com\\\/br\\\/?page_id=17200#breadcrumb\"},\"inLanguage\":\"pt-BR\",\"potentialAction\":[{\"@type\":\"ReadAction\",\"target\":[\"https:\\\/\\\/juntasillinois.com\\\/br\\\/?page_id=17200\"]}]},{\"@type\":\"BreadcrumbList\",\"@id\":\"https:\\\/\\\/juntasillinois.com\\\/br\\\/?page_id=17200#breadcrumb\",\"itemListElement\":[{\"@type\":\"ListItem\",\"position\":1,\"name\":\"Inicio\",\"item\":\"https:\\\/\\\/juntasillinois.com\\\/br\\\/\"},{\"@type\":\"ListItem\",\"position\":2,\"name\":\"Qualidade\"}]},{\"@type\":\"WebSite\",\"@id\":\"https:\\\/\\\/juntasillinois.com\\\/br\\\/#website\",\"url\":\"https:\\\/\\\/juntasillinois.com\\\/br\\\/\",\"name\":\"Juntas Illinois\",\"description\":\"\",\"potentialAction\":[{\"@type\":\"SearchAction\",\"target\":{\"@type\":\"EntryPoint\",\"urlTemplate\":\"https:\\\/\\\/juntasillinois.com\\\/br\\\/?s={search_term_string}\"},\"query-input\":{\"@type\":\"PropertyValueSpecification\",\"valueRequired\":true,\"valueName\":\"search_term_string\"}}],\"inLanguage\":\"pt-BR\"}]}<\/script>\n<!-- \/ Yoast SEO plugin. -->","yoast_head_json":{"title":"Qualidade - Juntas Illinois","robots":{"index":"index","follow":"follow","max-snippet":"max-snippet:-1","max-image-preview":"max-image-preview:large","max-video-preview":"max-video-preview:-1"},"canonical":"https:\/\/juntasillinois.com\/br\/?page_id=17200","og_locale":"pt_BR","og_type":"article","og_title":"Qualidade - Juntas Illinois","og_url":"https:\/\/juntasillinois.com\/br\/?page_id=17200","og_site_name":"Juntas Illinois","article_modified_time":"2025-09-10T23:58:42+00:00","twitter_card":"summary_large_image","twitter_misc":{"Est. tempo de leitura":"4 minutos"},"schema":{"@context":"https:\/\/schema.org","@graph":[{"@type":"WebPage","@id":"https:\/\/juntasillinois.com\/br\/?page_id=17200","url":"https:\/\/juntasillinois.com\/br\/?page_id=17200","name":"Qualidade - Juntas Illinois","isPartOf":{"@id":"https:\/\/juntasillinois.com\/br\/#website"},"datePublished":"2019-12-05T21:15:58+00:00","dateModified":"2025-09-10T23:58:42+00:00","breadcrumb":{"@id":"https:\/\/juntasillinois.com\/br\/?page_id=17200#breadcrumb"},"inLanguage":"pt-BR","potentialAction":[{"@type":"ReadAction","target":["https:\/\/juntasillinois.com\/br\/?page_id=17200"]}]},{"@type":"BreadcrumbList","@id":"https:\/\/juntasillinois.com\/br\/?page_id=17200#breadcrumb","itemListElement":[{"@type":"ListItem","position":1,"name":"Inicio","item":"https:\/\/juntasillinois.com\/br\/"},{"@type":"ListItem","position":2,"name":"Qualidade"}]},{"@type":"WebSite","@id":"https:\/\/juntasillinois.com\/br\/#website","url":"https:\/\/juntasillinois.com\/br\/","name":"Juntas Illinois","description":"","potentialAction":[{"@type":"SearchAction","target":{"@type":"EntryPoint","urlTemplate":"https:\/\/juntasillinois.com\/br\/?s={search_term_string}"},"query-input":{"@type":"PropertyValueSpecification","valueRequired":true,"valueName":"search_term_string"}}],"inLanguage":"pt-BR"}]}},"_links":{"self":[{"href":"https:\/\/juntasillinois.com\/br\/index.php?rest_route=\/wp\/v2\/pages\/17200","targetHints":{"allow":["GET"]}}],"collection":[{"href":"https:\/\/juntasillinois.com\/br\/index.php?rest_route=\/wp\/v2\/pages"}],"about":[{"href":"https:\/\/juntasillinois.com\/br\/index.php?rest_route=\/wp\/v2\/types\/page"}],"author":[{"embeddable":true,"href":"https:\/\/juntasillinois.com\/br\/index.php?rest_route=\/wp\/v2\/users\/1"}],"replies":[{"embeddable":true,"href":"https:\/\/juntasillinois.com\/br\/index.php?rest_route=%2Fwp%2Fv2%2Fcomments&post=17200"}],"version-history":[{"count":6,"href":"https:\/\/juntasillinois.com\/br\/index.php?rest_route=\/wp\/v2\/pages\/17200\/revisions"}],"predecessor-version":[{"id":17919,"href":"https:\/\/juntasillinois.com\/br\/index.php?rest_route=\/wp\/v2\/pages\/17200\/revisions\/17919"}],"wp:attachment":[{"href":"https:\/\/juntasillinois.com\/br\/index.php?rest_route=%2Fwp%2Fv2%2Fmedia&parent=17200"}],"curies":[{"name":"wp","href":"https:\/\/api.w.org\/{rel}","templated":true}]}}