{"id":17219,"date":"2019-12-07T13:01:20","date_gmt":"2019-12-07T16:01:20","guid":{"rendered":"http:\/\/juntasillinois.com\/19web\/?page_id=17219"},"modified":"2026-03-03T09:42:02","modified_gmt":"2026-03-03T12:42:02","slug":"exportacao","status":"publish","type":"page","link":"https:\/\/juntasillinois.com\/br\/?page_id=17219","title":{"rendered":"EXPORTA\u00c7\u00c3O"},"content":{"rendered":"<div id=\"cmsmasters_row_gxjdsyh9hr\" class=\"cmsmasters_row cmsmasters_color_scheme_default cmsmasters_row_top_default cmsmasters_row_bot_default cmsmasters_row_boxed\">\n<div class=\"cmsmasters_row_outer_parent\">\n<div class=\"cmsmasters_row_outer\">\n<div class=\"cmsmasters_row_inner\">\n<div class=\"cmsmasters_row_margin\">\n<div id=\"cmsmasters_column_0yxhhe7ft7\" class=\"cmsmasters_column one_first\">\n<div class=\"cmsmasters_column_inner\"><div class=\"cmsmasters_text\">\n<h2 class=\"blanco\" style=\"text-align: center;\">Uma equipe inteira, exportando qualidade para o mundo<\/h2>\n<\/div>\n<\/div><\/div>\n<\/div>\n<\/div>\n<\/div>\n<\/div>\n<\/div>\n<div id=\"cmsmasters_row_gokb9a356o\" class=\"cmsmasters_row cmsmasters_color_scheme_default cmsmasters_row_top_default cmsmasters_row_bot_default cmsmasters_row_boxed\">\n<div class=\"cmsmasters_row_outer_parent\">\n<div class=\"cmsmasters_row_outer\">\n<div class=\"cmsmasters_row_inner\">\n<div class=\"cmsmasters_row_margin cmsmasters_row_columns_behavior\">\n<div id=\"cmsmasters_column_yyrjs4k8xr\" class=\"cmsmasters_column one_half\">\n<div class=\"cmsmasters_column_inner\"><div id=\"cmsmasters_heading_ff2ect7jlj\" class=\"cmsmasters_heading_wrap cmsmasters_heading_align_left\">\n\t<h2 class=\"cmsmasters_heading\">Illinois, exportando qualidade para o mundo.<\/h2>\n<\/div><div id=\"cmsmasters_heading_ni2gicv78r\" class=\"cmsmasters_heading_wrap cmsmasters_heading_align_left\">\n\t<h3 class=\"cmsmasters_heading\">Atualmente, a <b>Juntas Illinois<\/b> exporta seus produtos para todo o continente americano, para pa\u00edses da Europa e da \u00c1frica, no \u00e2mbito de uma pol\u00edtica exportadora em permanente desenvolvimento, em busca de novos mercados internacionais. Estes resultados representam 35% do faturamento anual, demonstrando um perfil exportador que se vem firmando com o tempo.<\/h3>\n<\/div><div id=\"cmsmasters_heading_67hgdny1iq\" class=\"cmsmasters_heading_wrap cmsmasters_heading_align_left\">\n\t<h3 class=\"cmsmasters_heading\"><b>O trabalho sob as normas ISO<\/b>, o compromisso com a qualidade aplicando tecnologias de \u00faltima gera\u00e7\u00e3o e preservando o meio ambiente, a sa\u00fade e a seguran\u00e7a caracterizam a responsabilidade da empresa para cumprir com as necessidades de seus clientes tanto nacionais, quanto internacionais.<\/h3>\n<\/div><div id=\"cmsmasters_button_6db9w7wps7\" class=\"button_wrap\"><a href=\"http:\/\/autopartesrosario.com.ar\/\" class=\"cmsmasters_button cmsmasters_but_clear_styles cmsmasters_but_icon_hover_slide_bottom cmsmasters-icon-add\" target=\"_blank\"><span>Rosario auto parts group<\/span><\/a><\/div>\n<\/div><\/div>\n<div id=\"cmsmasters_column_j32v1xlg4m\" class=\"cmsmasters_column one_half\">\n<div class=\"cmsmasters_column_inner\"><div class=\"cmsmasters_img  cmsmasters_image_n\"><img decoding=\"async\" src=\"https:\/\/juntasillinois.com\/br\/wp-content\/uploads\/sites\/2\/2019\/12\/Illinois-exportacion.jpg\" \/><\/div>\n<\/div><\/div>\n<\/div>\n<\/div>\n<\/div>\n<\/div>\n<\/div>\n<div id=\"cmsmasters_row_lin0jnsl9r\" class=\"cmsmasters_row cmsmasters_color_scheme_default cmsmasters_row_top_default cmsmasters_row_bot_default cmsmasters_row_boxed\">\n<div class=\"cmsmasters_row_outer_parent\">\n<div class=\"cmsmasters_row_outer\">\n<div class=\"cmsmasters_row_inner\">\n<div class=\"cmsmasters_row_margin\">\n<div id=\"cmsmasters_column_yh1pboaogu\" class=\"cmsmasters_column one_half\">\n<div class=\"cmsmasters_column_inner\"><div id=\"cmsmasters_heading_5lv5mzfeqs\" class=\"cmsmasters_heading_wrap cmsmasters_heading_align_left\">\n\t<h2 class=\"cmsmasters_heading\">Representantes<\/h2>\n<\/div>\n<\/div><\/div>\n<div id=\"cmsmasters_column_podfigkht5\" class=\"cmsmasters_column one_half\">\n<div class=\"cmsmasters_column_inner\"><\/div><\/div>\n<\/div>\n<\/div>\n<\/div>\n<\/div>\n<\/div>\n<div id=\"cmsmasters_row_dddx8flh0h\" class=\"cmsmasters_row cmsmasters_color_scheme_default cmsmasters_row_top_default cmsmasters_row_bot_default cmsmasters_row_boxed\">\n<div class=\"cmsmasters_row_outer_parent\">\n<div class=\"cmsmasters_row_outer\">\n<div class=\"cmsmasters_row_inner\">\n<div class=\"cmsmasters_row_margin\">\n<div id=\"cmsmasters_column_l5alkks614\" class=\"cmsmasters_column one_half\">\n<div class=\"cmsmasters_column_inner\"><div class=\"cmsmasters_text\">\n<p><strong>EUROPA E \u00c1FRICA DO NORTE<\/strong><br \/>\n<strong>Empresa:<\/strong> TANGO INTERNATIONAL S.A.S<br \/>\n<strong>Contato:<\/strong> Cinzia Griffa \/ Claudia Siesto.<br \/>\n<strong>Endere\u00e7o:<\/strong> Strada Genova 70C<br \/>\n<strong>Cidade:<\/strong> Moncalieri (TD). C\u00f3digo postal: 10024<br \/>\n<strong>Pa\u00eds:<\/strong> Italia<br \/>\n<strong>Telefone: <\/strong>+39 011 7606861<br \/>\n<strong>Cel:<\/strong> +39 392 483 6835 \/ +39 333 690 2955<br \/>\n<strong>E-mail:<\/strong> europe@juntasillinois.com, cinzia@tangointernational.it, claudia@tangointernational.it<br \/>\n<strong>Web: <\/strong>www.tangointernational.it<\/p>\n<\/div>\n<div id=\"cmsmasters_divider_70slj4fq7b\" class=\"cmsmasters_divider cmsmasters_divider_width_long cmsmasters_divider_pos_left\"><\/div>\n<div class=\"cmsmasters_text\">\n<\/div>\n\n<div class=\"cmsmasters_text\">\n<p><strong>ECUADOR<\/strong><br \/>\n<strong>Empresa:\u00a0<\/strong>REINTEC S.C.C.<br \/>\n<strong>Contato:<\/strong>\u00a0Amparo Rodr\u00edguez<br \/>\n<strong>Endere\u00e7o:\u00a0<\/strong>Isla Pinz\u00f3n N43-129 y Louvre<br \/>\n<strong>Cidade:<\/strong>\u00a0Quito. C\u00f3digo Postal: 170513<br \/>\n<strong>E-mail:\u00a0<\/strong>reintec-quito@reintec.com.ec \u2013 amparo@reintec.com.ec<br \/>\n<strong>Telefones:\u00a0<\/strong>+593-2 2243933 \/ +593-2 2267414<\/p>\n<\/div>\n\n<div id=\"cmsmasters_divider_grj1uj92jg\" class=\"cmsmasters_divider cmsmasters_divider_width_long cmsmasters_divider_pos_left\"><\/div>\n<div class=\"cmsmasters_text\">\n<p><strong>VENEZUELA<\/strong><br \/>\n<strong>Empresa:<\/strong>\u00a0Corporaci\u00f3n Seven 0910 C.A.<br \/>\n<strong>Contato:<\/strong>\u00a0Jairo Vivas<br \/>\n<strong>Endere\u00e7o:<\/strong>\u00a0Av. Veracruz con calle Orinoco, Torre Orinoco, Piso 5, Oficina 5-E. Las Mercedes.<br \/>\n<strong>Cidade:<\/strong>\u00a0Caracas. C\u00f3digo Postal: 1060<br \/>\n<strong>E-mail:<\/strong>\u00a0corp.seven0910@gmail.com<br \/>\n<strong>Telefones:<\/strong>\u00a0+58 212 9938070 \/ +58 212 9938476<br \/>\n<strong>Cel:<\/strong>\u00a0+58-412-2531232 \/ +58-414-2331232<\/p>\n<\/div>\n\n<div id=\"cmsmasters_divider_e7rqplk55n\" class=\"cmsmasters_divider cmsmasters_divider_width_long cmsmasters_divider_pos_left\"><\/div>\n<\/div><\/div>\n<div id=\"cmsmasters_column_gsyp6wzx12\" class=\"cmsmasters_column one_half\">\n<div class=\"cmsmasters_column_inner\"><div class=\"cmsmasters_text\">\n<p><strong>BOLIVIA<\/strong><br \/>\n<strong>Empresa:<\/strong>\u00a0NOMACO S.A<br \/>\n<strong>Contato:\u00a0<\/strong>Ing. Johny Guerrero<br \/>\n<strong>Endere\u00e7o:<\/strong>\u00a0Los Robles 391, San Isidro.<br \/>\n<strong>E-mail:<\/strong>\u00a0nomacoger@infonegocio.net.pe \u2013 nomacoventas@infonegocio.net.pe<br \/>\n<strong>Telefones:<\/strong>\u00a0+511-4427841\/ +511-4427855<\/p>\n<\/div>\n<div id=\"cmsmasters_divider_mtxhsvdc2\" class=\"cmsmasters_divider cmsmasters_divider_width_long cmsmasters_divider_pos_left\"><\/div>\n<div class=\"cmsmasters_text\">\n<p><strong>COLOMBIA<\/strong><br \/>\n<strong>Empresa:<\/strong>\u00a0REPRESEG REPRESENTACIONES<br \/>\n<strong>Contato:<\/strong>\u00a0Luis Alberto Segura<br \/>\n<strong>Endere\u00e7o:\u00a0<\/strong>Cra. 10C N\u00b0 31-71 Sur Piso 3<br \/>\n<strong>Cidade:<\/strong>\u00a0Bogot\u00e1<br \/>\n<strong>Telefones:\u00a0<\/strong>+57 1 567 9116 \/ M\u00f3vil: +57 311 208 8341<br \/>\n<strong>E-mail:<\/strong>\u00a0las@represeg.com<\/p>\n<\/div>\n\n<div id=\"cmsmasters_divider_57veu2piqj\" class=\"cmsmasters_divider cmsmasters_divider_width_long cmsmasters_divider_pos_left\"><\/div>\n<div class=\"cmsmasters_text\">\n<p><strong>PER\u00da<\/strong><br \/>\n<strong>Empresa:<\/strong>\u00a0NOMACO S.A<br \/>\n<strong>Contato:\u00a0<\/strong>Ing. Johny Guerrero<br \/>\n<strong>Endere\u00e7o:<\/strong>\u00a0Los Robles 391, San Isidro.<br \/>\n<strong>Cidade:<\/strong>\u00a0Lima \u2013 Per\u00fa<br \/>\n<strong>E-mail:<\/strong>\u00a0nomacoger@infonegocio.net.pe \u2013 nomacoventas@infonegocio.net.pe<br \/>\n<strong>Telefones:<\/strong>\u00a0+511-4427841\/ +511-4427855<\/p>\n<\/div>\n\n<div id=\"cmsmasters_divider_4y2k0kqqls\" class=\"cmsmasters_divider cmsmasters_divider_width_long cmsmasters_divider_pos_left\"><\/div>\n<div class=\"cmsmasters_text\">\n<p><strong>BRASIL<\/strong><br \/>\n<strong>Empresa:<\/strong>\u00a0IDB COMERCIO IMP. EXP. DE AUTOPECAS LTDA<br \/>\n<strong>Contato<\/strong><strong>:\u00a0<\/strong>Mario Rio<br \/>\n<strong>Endere\u00e7o:<\/strong>\u00a0Av. Marechal Rondon, 304 \u2013 CEP 07030-060.<br \/>\n<strong>Cidade:\u00a0<\/strong>Ponte Grande \u2013 Guarulhos<br \/>\n<strong>Telefones<\/strong><strong>:<\/strong>\u00a0+5511-4378-7136 \/ 7153<\/p>\n<\/div>\n\n<div id=\"cmsmasters_divider_hwx4qyehz6\" class=\"cl\"><\/div>\n<div id=\"cmsmasters_button_9rlxtjsegt\" class=\"button_wrap\"><a href=\"https:\/\/juntasillinois.com\/wp-content\/uploads\/2026\/03\/Representantes-Comerciais-Filial-Brasil-18-02-26.pdf\" class=\"cmsmasters_button cmsmasters_but_clear_styles cmsmasters_but_icon_hover_slide_bottom cmsmasters-icon-file-pdf\" target=\"_blank\"><span>Rede de Representantes<\/span><\/a><\/div>\n<\/div><\/div>\n<\/div>\n<\/div>\n<\/div>\n<\/div>\n<\/div>\n<div id=\"cmsmasters_row_gzw2x9vncs\" class=\"cmsmasters_row cmsmasters_color_scheme_default cmsmasters_row_top_default cmsmasters_row_bot_default cmsmasters_row_boxed\">\n<div class=\"cmsmasters_row_outer_parent\">\n<div class=\"cmsmasters_row_outer\">\n<div class=\"cmsmasters_row_inner\">\n<div class=\"cmsmasters_row_margin\">\n<div id=\"cmsmasters_column_2u3678xaf5\" class=\"cmsmasters_column one_half\">\n<div class=\"cmsmasters_column_inner\"><div id=\"cmsmasters_heading_hr4fcd3moq\" class=\"cmsmasters_heading_wrap cmsmasters_heading_align_left\">\n\t<h2 class=\"cmsmasters_heading\"> Mercados internacionais<\/h2>\n<\/div>\n<\/div><\/div>\n<div id=\"cmsmasters_column_g07481p3sk\" class=\"cmsmasters_column one_half\">\n<div class=\"cmsmasters_column_inner\"><\/div><\/div>\n<\/div>\n<\/div>\n<\/div>\n<\/div>\n<\/div>\n<div id=\"cmsmasters_row_kfabmbk9xv\" class=\"cmsmasters_row cmsmasters_color_scheme_default cmsmasters_row_top_default cmsmasters_row_bot_default cmsmasters_row_boxed\">\n<div class=\"cmsmasters_row_outer_parent\">\n<div class=\"cmsmasters_row_outer\">\n<div class=\"cmsmasters_row_inner\">\n<div class=\"cmsmasters_row_margin\">\n<div id=\"cmsmasters_column_jorehho2nc\" class=\"cmsmasters_column one_first\">\n<div class=\"cmsmasters_column_inner\"><div class=\"custom_html\">\n<iframe loading=\"lazy\" src=\"https:\/\/www.google.com\/maps\/d\/embed?mid=1wN66kRJ8aLLMlaFJ2WRJwkxCEZpkLwp5\" width=\"100%\" height=\"700\"><\/iframe>\n<\/div>\n<\/div><\/div>\n<\/div>\n<\/div>\n<\/div>\n<\/div>\n<\/div>\n\n","protected":false},"excerpt":{"rendered":"","protected":false},"author":1,"featured_media":0,"parent":0,"menu_order":0,"comment_status":"closed","ping_status":"closed","template":"","meta":{"footnotes":""},"class_list":["post-17219","page","type-page","status-publish","hentry"],"yoast_head":"<!-- This site is optimized with the Yoast SEO plugin v27.3 - https:\/\/yoast.com\/product\/yoast-seo-wordpress\/ -->\n<title>EXPORTA\u00c7\u00c3O - Juntas Illinois<\/title>\n<meta name=\"robots\" content=\"index, follow, max-snippet:-1, max-image-preview:large, max-video-preview:-1\" \/>\n<link rel=\"canonical\" href=\"https:\/\/juntasillinois.com\/br\/?page_id=17219\" \/>\n<meta property=\"og:locale\" content=\"pt_BR\" \/>\n<meta property=\"og:type\" content=\"article\" \/>\n<meta property=\"og:title\" content=\"EXPORTA\u00c7\u00c3O - Juntas Illinois\" \/>\n<meta property=\"og:url\" content=\"https:\/\/juntasillinois.com\/br\/?page_id=17219\" \/>\n<meta property=\"og:site_name\" content=\"Juntas Illinois\" \/>\n<meta property=\"article:modified_time\" content=\"2026-03-03T12:42:02+00:00\" \/>\n<meta name=\"twitter:card\" content=\"summary_large_image\" \/>\n<meta name=\"twitter:label1\" content=\"Est. tempo de leitura\" \/>\n\t<meta name=\"twitter:data1\" content=\"4 minutos\" \/>\n<script type=\"application\/ld+json\" class=\"yoast-schema-graph\">{\"@context\":\"https:\\\/\\\/schema.org\",\"@graph\":[{\"@type\":\"WebPage\",\"@id\":\"https:\\\/\\\/juntasillinois.com\\\/br\\\/?page_id=17219\",\"url\":\"https:\\\/\\\/juntasillinois.com\\\/br\\\/?page_id=17219\",\"name\":\"EXPORTA\u00c7\u00c3O - Juntas Illinois\",\"isPartOf\":{\"@id\":\"https:\\\/\\\/juntasillinois.com\\\/br\\\/#website\"},\"datePublished\":\"2019-12-07T16:01:20+00:00\",\"dateModified\":\"2026-03-03T12:42:02+00:00\",\"breadcrumb\":{\"@id\":\"https:\\\/\\\/juntasillinois.com\\\/br\\\/?page_id=17219#breadcrumb\"},\"inLanguage\":\"pt-BR\",\"potentialAction\":[{\"@type\":\"ReadAction\",\"target\":[\"https:\\\/\\\/juntasillinois.com\\\/br\\\/?page_id=17219\"]}]},{\"@type\":\"BreadcrumbList\",\"@id\":\"https:\\\/\\\/juntasillinois.com\\\/br\\\/?page_id=17219#breadcrumb\",\"itemListElement\":[{\"@type\":\"ListItem\",\"position\":1,\"name\":\"Inicio\",\"item\":\"https:\\\/\\\/juntasillinois.com\\\/br\\\/\"},{\"@type\":\"ListItem\",\"position\":2,\"name\":\"EXPORTA\u00c7\u00c3O\"}]},{\"@type\":\"WebSite\",\"@id\":\"https:\\\/\\\/juntasillinois.com\\\/br\\\/#website\",\"url\":\"https:\\\/\\\/juntasillinois.com\\\/br\\\/\",\"name\":\"Juntas Illinois\",\"description\":\"\",\"potentialAction\":[{\"@type\":\"SearchAction\",\"target\":{\"@type\":\"EntryPoint\",\"urlTemplate\":\"https:\\\/\\\/juntasillinois.com\\\/br\\\/?s={search_term_string}\"},\"query-input\":{\"@type\":\"PropertyValueSpecification\",\"valueRequired\":true,\"valueName\":\"search_term_string\"}}],\"inLanguage\":\"pt-BR\"}]}<\/script>\n<!-- \/ Yoast SEO plugin. -->","yoast_head_json":{"title":"EXPORTA\u00c7\u00c3O - Juntas Illinois","robots":{"index":"index","follow":"follow","max-snippet":"max-snippet:-1","max-image-preview":"max-image-preview:large","max-video-preview":"max-video-preview:-1"},"canonical":"https:\/\/juntasillinois.com\/br\/?page_id=17219","og_locale":"pt_BR","og_type":"article","og_title":"EXPORTA\u00c7\u00c3O - Juntas Illinois","og_url":"https:\/\/juntasillinois.com\/br\/?page_id=17219","og_site_name":"Juntas Illinois","article_modified_time":"2026-03-03T12:42:02+00:00","twitter_card":"summary_large_image","twitter_misc":{"Est. tempo de leitura":"4 minutos"},"schema":{"@context":"https:\/\/schema.org","@graph":[{"@type":"WebPage","@id":"https:\/\/juntasillinois.com\/br\/?page_id=17219","url":"https:\/\/juntasillinois.com\/br\/?page_id=17219","name":"EXPORTA\u00c7\u00c3O - Juntas Illinois","isPartOf":{"@id":"https:\/\/juntasillinois.com\/br\/#website"},"datePublished":"2019-12-07T16:01:20+00:00","dateModified":"2026-03-03T12:42:02+00:00","breadcrumb":{"@id":"https:\/\/juntasillinois.com\/br\/?page_id=17219#breadcrumb"},"inLanguage":"pt-BR","potentialAction":[{"@type":"ReadAction","target":["https:\/\/juntasillinois.com\/br\/?page_id=17219"]}]},{"@type":"BreadcrumbList","@id":"https:\/\/juntasillinois.com\/br\/?page_id=17219#breadcrumb","itemListElement":[{"@type":"ListItem","position":1,"name":"Inicio","item":"https:\/\/juntasillinois.com\/br\/"},{"@type":"ListItem","position":2,"name":"EXPORTA\u00c7\u00c3O"}]},{"@type":"WebSite","@id":"https:\/\/juntasillinois.com\/br\/#website","url":"https:\/\/juntasillinois.com\/br\/","name":"Juntas Illinois","description":"","potentialAction":[{"@type":"SearchAction","target":{"@type":"EntryPoint","urlTemplate":"https:\/\/juntasillinois.com\/br\/?s={search_term_string}"},"query-input":{"@type":"PropertyValueSpecification","valueRequired":true,"valueName":"search_term_string"}}],"inLanguage":"pt-BR"}]}},"_links":{"self":[{"href":"https:\/\/juntasillinois.com\/br\/index.php?rest_route=\/wp\/v2\/pages\/17219","targetHints":{"allow":["GET"]}}],"collection":[{"href":"https:\/\/juntasillinois.com\/br\/index.php?rest_route=\/wp\/v2\/pages"}],"about":[{"href":"https:\/\/juntasillinois.com\/br\/index.php?rest_route=\/wp\/v2\/types\/page"}],"author":[{"embeddable":true,"href":"https:\/\/juntasillinois.com\/br\/index.php?rest_route=\/wp\/v2\/users\/1"}],"replies":[{"embeddable":true,"href":"https:\/\/juntasillinois.com\/br\/index.php?rest_route=%2Fwp%2Fv2%2Fcomments&post=17219"}],"version-history":[{"count":15,"href":"https:\/\/juntasillinois.com\/br\/index.php?rest_route=\/wp\/v2\/pages\/17219\/revisions"}],"predecessor-version":[{"id":17923,"href":"https:\/\/juntasillinois.com\/br\/index.php?rest_route=\/wp\/v2\/pages\/17219\/revisions\/17923"}],"wp:attachment":[{"href":"https:\/\/juntasillinois.com\/br\/index.php?rest_route=%2Fwp%2Fv2%2Fmedia&parent=17219"}],"curies":[{"name":"wp","href":"https:\/\/api.w.org\/{rel}","templated":true}]}}