{"id":17290,"date":"2019-12-10T10:07:25","date_gmt":"2019-12-10T13:07:25","guid":{"rendered":"http:\/\/juntasillinois.com\/19web\/?page_id=17290"},"modified":"2024-02-20T11:13:00","modified_gmt":"2024-02-20T14:13:00","slug":"parafusos","status":"publish","type":"page","link":"https:\/\/juntasillinois.com\/br\/?page_id=17290","title":{"rendered":"Parafusos"},"content":{"rendered":"<div id=\"cmsmasters_row_fldf2oyx4j\" class=\"cmsmasters_row cmsmasters_color_scheme_default cmsmasters_row_top_default cmsmasters_row_bot_default cmsmasters_row_fullwidth\">\n<div class=\"cmsmasters_row_outer_parent\">\n<div class=\"cmsmasters_row_outer\">\n<div class=\"cmsmasters_row_inner cmsmasters_row_fullwidth cmsmasters_row_no_margin\">\n<div class=\"cmsmasters_row_margin\">\n<div id=\"cmsmasters_column_ukna2twams\" class=\"cmsmasters_column one_half\">\n<div class=\"cmsmasters_column_inner\"><div class=\"cmsmasters_img  cmsmasters_image_n\"><img decoding=\"async\" src=\"https:\/\/juntasillinois.com\/br\/wp-content\/uploads\/sites\/2\/2019\/12\/tornillos.jpg\" \/><\/div>\n<\/div><\/div>\n<div id=\"cmsmasters_column_9mrce86v7u\" class=\"cmsmasters_column one_half\">\n<div class=\"cmsmasters_column_inner\"><div id=\"cmsmasters_heading_ql4skhj0hi\" class=\"cmsmasters_heading_wrap cmsmasters_heading_align_left\">\n\t<h2 class=\"cmsmasters_heading\">PARAFUSOS ILLINOIS, REPARA\u00c7\u00c3O PROFISSIONAL <\/h2>\n<\/div><div class=\"cmsmasters_text listas\">\n<div class=\"listas\">\n<h3><b>Para um correto aperto, substitua sempre os parafusos de cabe\u00e7ote de cilindros. <\/b><\/h3>\n<div class=\"col-xs-12 col-sm-4 col-md-4 col-lg-4\">\n<p>Os parafusos de uni\u00e3o de bloco e cabe\u00e7ote devem ser substitu\u00eddos sistematicamente depois de cada desmontagem. As exig\u00eancias de aperto dos novos modelos de motor, requerem que os parafusos de cabe\u00e7ote trabalhem sobre a \u201czona pl\u00e1stica\u201d. A for\u00e7a e tra\u00e7\u00e3o exercida nesta sele\u00e7\u00e3o somada a deforma\u00e7\u00e3o t\u00e9rmica, modificam a estrutura original e as propriedades do produto.<\/p>\n<p><strong>POR QUE N\u00c3O DEVEM SER REUTILIZADOS OS PARAFUSOS?<\/strong><\/p>\n<p><strong>No aperto por Kg<\/strong>. a for\u00e7a exercida sobre o parafuso se encontra dentro dos limites el\u00e1sticos do produto; isto significa que quando \u00e9 retirada a for\u00e7a aplicada, o parafuso volta a sua longitude inicial. Neste caso, os parafusos n\u00e3o sofrem deforma\u00e7\u00f5es, portanto, poderiam ser reutilizados.<\/p>\n<p><strong>Em apertos angulares, <\/strong>o parafuso recebe uma importante tens\u00e3o que provoca deforma\u00e7\u00f5es pl\u00e1sticas (trabalha sobre a \u201czona pl\u00e1stica\u201d); entretanto, o regime vari\u00e1vel das temperaturas dos motores modernos expande os valores de alongamento t\u00e9rmico. Alongamento na &#8220;zona pl\u00e1stica&#8221; \u00e9 acumulativo. Ao trabalhar nessa se\u00e7\u00e3o, o parafuso perde a mem\u00f3ria de seu comprimento inicial quando retirado na desmontagem. Esta \u00e9 a raz\u00e3o pela qual se torna imposs\u00edvel a reutiliza\u00e7\u00e3o, porque a capacidade de fixa\u00e7\u00e3o n\u00e3o corresponde as exig\u00eancias de uma uni\u00e3o apropriada do bloco e cabe\u00e7ote. O bom reparo do motor s\u00f3 \u00e9 garantido se voc\u00ea estiver usando parafusos novos.<\/p>\n<\/div>\n<div class=\"col-xs-12 col-sm-4 col-md-4 col-lg-4\">\n<p><strong>Voc\u00ea arriscaria o sucesso da repara\u00e7\u00e3o?<\/strong><\/p>\n<p>Nosso r\u00edgido controle de qualidade, garante a seguran\u00e7a dos parafusos, de acordo com as especifica\u00e7\u00f5es t\u00e9cnicas de cada tipo de motor.<\/p>\n<\/div>\n<\/div>\n<\/div>\n<div id=\"cmsmasters_divider_rmcylyak87\" class=\"cmsmasters_divider cmsmasters_divider_width_short cmsmasters_divider_pos_center\"><\/div>\n<div id=\"cmsmasters_button_18ub1dbhuc\" class=\"button_wrap\"><a href=\"https:\/\/juntasillinois.com\/br\/wp-content\/uploads\/sites\/2\/2024\/02\/Tornillos_PORT_web.pdf\" class=\"cmsmasters_button cmsmasters_but_clear_styles cmsmasters_but_bg_hover cmsmasters-icon-custom-download botones\" target=\"_blank\"><span>Descargar PDF<\/span><\/a><\/div>\n<div id=\"cmsmasters_button_5mm631iuc\" class=\"button_wrap\"><a href=\"https:\/\/www.youtube.com\/watch?v=iEO5G310Roo\" class=\"cmsmasters_button cmsmasters_but_clear_styles cmsmasters_but_bg_hover cmsmasters-icon-youtube-play sg-popup-id-17484\" target=\"_blank\"><span>Ver video<\/span><\/a><\/div>\n<\/div><\/div>\n<\/div>\n<\/div>\n<\/div>\n<\/div>\n<\/div>\n<div id=\"cmsmasters_row_m9spu3l3re\" class=\"cmsmasters_row cmsmasters_color_scheme_default cmsmasters_row_top_default cmsmasters_row_bot_default cmsmasters_row_boxed\">\n<div class=\"cmsmasters_row_outer_parent\">\n<div class=\"cmsmasters_row_outer\">\n<div class=\"cmsmasters_row_inner\">\n<div class=\"cmsmasters_row_margin\">\n<div id=\"cmsmasters_column_xx6970df3k\" class=\"cmsmasters_column one_third\">\n<div class=\"cmsmasters_column_inner\"><div id=\"cmsmasters_heading_pysepgku\" class=\"cmsmasters_heading_wrap cmsmasters_heading_align_left\">\n\t<h2 class=\"cmsmasters_heading\">MEDI\u00c7\u00c3O DE PARAFUSOS<\/h2>\n<\/div>\n<\/div><\/div>\n<div id=\"cmsmasters_column_2rymsu53op\" class=\"cmsmasters_column one_third\">\n<div class=\"cmsmasters_column_inner\"><div class=\"cmsmasters_img  cmsmasters_image_n\"><img decoding=\"async\" src=\"https:\/\/juntasillinois.com\/br\/wp-content\/uploads\/sites\/2\/2020\/03\/ejemplo-medicion.png\" \/><\/div>\n<\/div><\/div>\n<div id=\"cmsmasters_column_i13xj8thxh\" class=\"cmsmasters_column one_third\">\n<div class=\"cmsmasters_column_inner\"><\/div><\/div>\n<\/div>\n<\/div>\n<\/div>\n<\/div>\n<\/div>\n<div id=\"cmsmasters_row_x10ljoskz\" class=\"cmsmasters_row cmsmasters_color_scheme_default cmsmasters_row_top_default cmsmasters_row_bot_default cmsmasters_row_boxed\">\n<div class=\"cmsmasters_row_outer_parent\">\n<div class=\"cmsmasters_row_outer\">\n<div class=\"cmsmasters_row_inner\">\n<div class=\"cmsmasters_row_margin\">\n<div id=\"cmsmasters_column_dv0547xfx\" class=\"cmsmasters_column one_third\">\n<div class=\"cmsmasters_column_inner\"><div class=\"cmsmasters_img  cmsmasters_image_n\"><img decoding=\"async\" src=\"https:\/\/juntasillinois.com\/br\/wp-content\/uploads\/sites\/2\/2020\/03\/medicion-1.png\" \/><\/div>\n<\/div><\/div>\n<div id=\"cmsmasters_column_w4n0kkhtib\" class=\"cmsmasters_column one_third\">\n<div class=\"cmsmasters_column_inner\"><div class=\"cmsmasters_img  cmsmasters_image_n\"><img decoding=\"async\" src=\"https:\/\/juntasillinois.com\/br\/wp-content\/uploads\/sites\/2\/2020\/03\/medicion-2.png\" \/><\/div>\n<\/div><\/div>\n<div id=\"cmsmasters_column_pjkt1bquwi\" class=\"cmsmasters_column one_third\">\n<div class=\"cmsmasters_column_inner\"><div class=\"cmsmasters_img  cmsmasters_image_n\"><img decoding=\"async\" src=\"https:\/\/juntasillinois.com\/br\/wp-content\/uploads\/sites\/2\/2020\/03\/medicion-3.png\" \/><\/div>\n<\/div><\/div>\n<\/div>\n<\/div>\n<\/div>\n<\/div>\n<\/div>\n<div id=\"cmsmasters_row_tl4usjwws5\" class=\"cmsmasters_row cmsmasters_color_scheme_default cmsmasters_row_top_default cmsmasters_row_bot_default cmsmasters_row_boxed\">\n<div class=\"cmsmasters_row_outer_parent\">\n<div class=\"cmsmasters_row_outer\">\n<div class=\"cmsmasters_row_inner\">\n<div class=\"cmsmasters_row_margin\">\n<div id=\"cmsmasters_column_zzzvw167yo\" class=\"cmsmasters_column one_half\">\n<div class=\"cmsmasters_column_inner\"><div id=\"cmsmasters_heading_t7gsdpecmj\" class=\"cmsmasters_heading_wrap cmsmasters_heading_align_left\">\n\t<h2 class=\"cmsmasters_heading\"> TIPO DE CABE\u00c7AS:<\/h2>\n<\/div>\n<\/div><\/div>\n<div id=\"cmsmasters_column_76uv9od2sr\" class=\"cmsmasters_column one_half\">\n<div class=\"cmsmasters_column_inner\"><\/div><\/div>\n<\/div>\n<\/div>\n<\/div>\n<\/div>\n<\/div>\n<div id=\"cmsmasters_row_mgujwaelii\" class=\"cmsmasters_row cmsmasters_color_scheme_default cmsmasters_row_top_default cmsmasters_row_bot_default cmsmasters_row_boxed\">\n<div class=\"cmsmasters_row_outer_parent\">\n<div class=\"cmsmasters_row_outer\">\n<div class=\"cmsmasters_row_inner\">\n<div class=\"cmsmasters_row_margin\">\n<div id=\"cmsmasters_column_tun8wkyf38\" class=\"cmsmasters_column one_fourth\">\n<div class=\"cmsmasters_column_inner\"><div class=\"cmsmasters_img  cmsmasters_image_n\"><img decoding=\"async\" src=\"https:\/\/juntasillinois.com\/br\/wp-content\/uploads\/sites\/2\/2020\/03\/tornillos-1.png\" \/><\/div>\n<\/div><\/div>\n<div id=\"cmsmasters_column_4i9jcpcmbv\" class=\"cmsmasters_column one_fourth\">\n<div class=\"cmsmasters_column_inner\"><div class=\"cmsmasters_img  cmsmasters_image_n\"><img decoding=\"async\" src=\"https:\/\/juntasillinois.com\/br\/wp-content\/uploads\/sites\/2\/2020\/03\/tornillos-2.png\" \/><\/div>\n<\/div><\/div>\n<div id=\"cmsmasters_column_meny5nem4\" class=\"cmsmasters_column one_fourth\">\n<div class=\"cmsmasters_column_inner\"><div class=\"cmsmasters_img  cmsmasters_image_n\"><img decoding=\"async\" src=\"https:\/\/juntasillinois.com\/br\/wp-content\/uploads\/sites\/2\/2020\/03\/tornillos-3.png\" \/><\/div>\n<\/div><\/div>\n<div id=\"cmsmasters_column_fdedd2ulg\" class=\"cmsmasters_column one_fourth\">\n<div class=\"cmsmasters_column_inner\"><div class=\"cmsmasters_img  cmsmasters_image_n\"><img decoding=\"async\" src=\"https:\/\/juntasillinois.com\/br\/wp-content\/uploads\/sites\/2\/2020\/03\/tornillos-4.png\" \/><\/div>\n<\/div><\/div>\n<\/div>\n<\/div>\n<\/div>\n<\/div>\n<\/div>\n<div id=\"cmsmasters_row_leankuiwh3\" class=\"cmsmasters_row cmsmasters_color_scheme_default cmsmasters_row_top_default cmsmasters_row_bot_default cmsmasters_row_boxed\">\n<div class=\"cmsmasters_row_outer_parent\">\n<div class=\"cmsmasters_row_outer\">\n<div class=\"cmsmasters_row_inner cmsmasters_row_no_margin\">\n<div class=\"cmsmasters_row_margin\">\n<div id=\"cmsmasters_column_43u7y83sah\" class=\"cmsmasters_column one_half\">\n<div class=\"cmsmasters_column_inner\"><div class=\"cmsmasters_img  cmsmasters_image_n\"><img decoding=\"async\" src=\"https:\/\/juntasillinois.com\/br\/wp-content\/uploads\/sites\/2\/2020\/03\/caja-de-tornillos-illinois-1.png\" \/><\/div>\n<\/div><\/div>\n<div id=\"cmsmasters_column_v3sopi8c7r\" class=\"cmsmasters_column one_half\">\n<div class=\"cmsmasters_column_inner\"><div id=\"cmsmasters_heading_xzqet6xwtf\" class=\"cmsmasters_heading_wrap cmsmasters_heading_align_left\">\n\t<h2 class=\"cmsmasters_heading\">DEFORMA\u00c7\u00c3O DE PARAFUSOS NA ZONA PL\u00c1STICA.<\/h2>\n<\/div><div class=\"cmsmasters_img  cmsmasters_image_n\"><img decoding=\"async\" src=\"https:\/\/juntasillinois.com\/br\/wp-content\/uploads\/sites\/2\/2020\/03\/Elongacion-de-tornillos-2.png\" \/><\/div>\n<\/div><\/div>\n<\/div>\n<\/div>\n<\/div>\n<\/div>\n<\/div>\n<div id=\"cmsmasters_row_ameba8mbut\" class=\"cmsmasters_row cmsmasters_color_scheme_default cmsmasters_row_top_default cmsmasters_row_bot_default cmsmasters_row_boxed\">\n<div class=\"cmsmasters_row_outer_parent\">\n<div class=\"cmsmasters_row_outer\">\n<div class=\"cmsmasters_row_inner\">\n<div class=\"cmsmasters_row_margin\">\n<div id=\"cmsmasters_column_pnbn1nfova\" class=\"cmsmasters_column one_half\">\n<div class=\"cmsmasters_column_inner\"><div id=\"cmsmasters_heading_cd06j0a5vd\" class=\"cmsmasters_heading_wrap cmsmasters_heading_align_left\">\n\t<h2 class=\"cmsmasters_heading\">LEMBRE!!!<\/h2>\n<\/div><div class=\"cmsmasters_text\">\n<p>Em apertos angulares \u00e9 imprescind\u00edvel trocar os parafusos cada vez que se abra o motor. As conseq\u00fc\u00eancias de n\u00e3o trocar os parafusos da Cabe\u00e7ote dos Cilindros s\u00e3o mais custosas que substitu\u00ed-las.<\/p>\n<\/div>\n<\/div><\/div>\n<div id=\"cmsmasters_column_qgj9ppzg4\" class=\"cmsmasters_column one_half\">\n<div class=\"cmsmasters_column_inner\"><div id=\"cmsmasters_heading_2m2ffl51ac\" class=\"cmsmasters_heading_wrap cmsmasters_heading_align_left\">\n\t<h2 class=\"cmsmasters_heading\">IMPORTANTE!!!<\/h2>\n<\/div><div class=\"cmsmasters_text\">\n<p>Siga atentamente as recomenda\u00e7\u00f5es dos informativos que acompanham cada um de nossos produtos, porque a evolu\u00e7\u00e3o dos motores, materiais e mudan\u00e7as tecnol\u00f3gicas t\u00eam mostrado que certos procedimentos e algumas pr\u00e1ticas de costume ficaram ultrapassadas e n\u00e3o sejam v\u00e1lidas na atualidade.<\/p>\n<\/div>\n<\/div><\/div>\n<\/div>\n<\/div>\n<\/div>\n<\/div>\n<\/div>\n\n","protected":false},"excerpt":{"rendered":"","protected":false},"author":1,"featured_media":0,"parent":0,"menu_order":0,"comment_status":"closed","ping_status":"closed","template":"","meta":{"footnotes":""},"class_list":["post-17290","page","type-page","status-publish","hentry"],"yoast_head":"<!-- This site is optimized with the Yoast SEO plugin v27.5 - https:\/\/yoast.com\/product\/yoast-seo-wordpress\/ -->\n<title>Parafusos - Juntas Illinois<\/title>\n<meta name=\"robots\" content=\"index, follow, max-snippet:-1, max-image-preview:large, max-video-preview:-1\" \/>\n<link rel=\"canonical\" href=\"https:\/\/juntasillinois.com\/br\/?page_id=17290\" \/>\n<meta property=\"og:locale\" content=\"pt_BR\" \/>\n<meta property=\"og:type\" content=\"article\" \/>\n<meta property=\"og:title\" content=\"Parafusos - Juntas Illinois\" \/>\n<meta property=\"og:url\" content=\"https:\/\/juntasillinois.com\/br\/?page_id=17290\" \/>\n<meta property=\"og:site_name\" content=\"Juntas Illinois\" \/>\n<meta property=\"article:modified_time\" content=\"2024-02-20T14:13:00+00:00\" \/>\n<meta name=\"twitter:card\" content=\"summary_large_image\" \/>\n<meta name=\"twitter:label1\" content=\"Est. tempo de leitura\" \/>\n\t<meta name=\"twitter:data1\" content=\"9 minutos\" \/>\n<script type=\"application\/ld+json\" class=\"yoast-schema-graph\">{\"@context\":\"https:\\\/\\\/schema.org\",\"@graph\":[{\"@type\":\"WebPage\",\"@id\":\"https:\\\/\\\/juntasillinois.com\\\/br\\\/?page_id=17290\",\"url\":\"https:\\\/\\\/juntasillinois.com\\\/br\\\/?page_id=17290\",\"name\":\"Parafusos - Juntas Illinois\",\"isPartOf\":{\"@id\":\"https:\\\/\\\/juntasillinois.com\\\/br\\\/#website\"},\"datePublished\":\"2019-12-10T13:07:25+00:00\",\"dateModified\":\"2024-02-20T14:13:00+00:00\",\"breadcrumb\":{\"@id\":\"https:\\\/\\\/juntasillinois.com\\\/br\\\/?page_id=17290#breadcrumb\"},\"inLanguage\":\"pt-BR\",\"potentialAction\":[{\"@type\":\"ReadAction\",\"target\":[\"https:\\\/\\\/juntasillinois.com\\\/br\\\/?page_id=17290\"]}]},{\"@type\":\"BreadcrumbList\",\"@id\":\"https:\\\/\\\/juntasillinois.com\\\/br\\\/?page_id=17290#breadcrumb\",\"itemListElement\":[{\"@type\":\"ListItem\",\"position\":1,\"name\":\"Inicio\",\"item\":\"https:\\\/\\\/juntasillinois.com\\\/br\\\/\"},{\"@type\":\"ListItem\",\"position\":2,\"name\":\"Parafusos\"}]},{\"@type\":\"WebSite\",\"@id\":\"https:\\\/\\\/juntasillinois.com\\\/br\\\/#website\",\"url\":\"https:\\\/\\\/juntasillinois.com\\\/br\\\/\",\"name\":\"Juntas Illinois\",\"description\":\"\",\"potentialAction\":[{\"@type\":\"SearchAction\",\"target\":{\"@type\":\"EntryPoint\",\"urlTemplate\":\"https:\\\/\\\/juntasillinois.com\\\/br\\\/?s={search_term_string}\"},\"query-input\":{\"@type\":\"PropertyValueSpecification\",\"valueRequired\":true,\"valueName\":\"search_term_string\"}}],\"inLanguage\":\"pt-BR\"}]}<\/script>\n<!-- \/ Yoast SEO plugin. -->","yoast_head_json":{"title":"Parafusos - Juntas Illinois","robots":{"index":"index","follow":"follow","max-snippet":"max-snippet:-1","max-image-preview":"max-image-preview:large","max-video-preview":"max-video-preview:-1"},"canonical":"https:\/\/juntasillinois.com\/br\/?page_id=17290","og_locale":"pt_BR","og_type":"article","og_title":"Parafusos - Juntas Illinois","og_url":"https:\/\/juntasillinois.com\/br\/?page_id=17290","og_site_name":"Juntas Illinois","article_modified_time":"2024-02-20T14:13:00+00:00","twitter_card":"summary_large_image","twitter_misc":{"Est. tempo de leitura":"9 minutos"},"schema":{"@context":"https:\/\/schema.org","@graph":[{"@type":"WebPage","@id":"https:\/\/juntasillinois.com\/br\/?page_id=17290","url":"https:\/\/juntasillinois.com\/br\/?page_id=17290","name":"Parafusos - Juntas Illinois","isPartOf":{"@id":"https:\/\/juntasillinois.com\/br\/#website"},"datePublished":"2019-12-10T13:07:25+00:00","dateModified":"2024-02-20T14:13:00+00:00","breadcrumb":{"@id":"https:\/\/juntasillinois.com\/br\/?page_id=17290#breadcrumb"},"inLanguage":"pt-BR","potentialAction":[{"@type":"ReadAction","target":["https:\/\/juntasillinois.com\/br\/?page_id=17290"]}]},{"@type":"BreadcrumbList","@id":"https:\/\/juntasillinois.com\/br\/?page_id=17290#breadcrumb","itemListElement":[{"@type":"ListItem","position":1,"name":"Inicio","item":"https:\/\/juntasillinois.com\/br\/"},{"@type":"ListItem","position":2,"name":"Parafusos"}]},{"@type":"WebSite","@id":"https:\/\/juntasillinois.com\/br\/#website","url":"https:\/\/juntasillinois.com\/br\/","name":"Juntas Illinois","description":"","potentialAction":[{"@type":"SearchAction","target":{"@type":"EntryPoint","urlTemplate":"https:\/\/juntasillinois.com\/br\/?s={search_term_string}"},"query-input":{"@type":"PropertyValueSpecification","valueRequired":true,"valueName":"search_term_string"}}],"inLanguage":"pt-BR"}]}},"_links":{"self":[{"href":"https:\/\/juntasillinois.com\/br\/index.php?rest_route=\/wp\/v2\/pages\/17290","targetHints":{"allow":["GET"]}}],"collection":[{"href":"https:\/\/juntasillinois.com\/br\/index.php?rest_route=\/wp\/v2\/pages"}],"about":[{"href":"https:\/\/juntasillinois.com\/br\/index.php?rest_route=\/wp\/v2\/types\/page"}],"author":[{"embeddable":true,"href":"https:\/\/juntasillinois.com\/br\/index.php?rest_route=\/wp\/v2\/users\/1"}],"replies":[{"embeddable":true,"href":"https:\/\/juntasillinois.com\/br\/index.php?rest_route=%2Fwp%2Fv2%2Fcomments&post=17290"}],"version-history":[{"count":11,"href":"https:\/\/juntasillinois.com\/br\/index.php?rest_route=\/wp\/v2\/pages\/17290\/revisions"}],"predecessor-version":[{"id":17889,"href":"https:\/\/juntasillinois.com\/br\/index.php?rest_route=\/wp\/v2\/pages\/17290\/revisions\/17889"}],"wp:attachment":[{"href":"https:\/\/juntasillinois.com\/br\/index.php?rest_route=%2Fwp%2Fv2%2Fmedia&parent=17290"}],"curies":[{"name":"wp","href":"https:\/\/api.w.org\/{rel}","templated":true}]}}