{"id":17387,"date":"2019-12-20T17:26:08","date_gmt":"2019-12-20T20:26:08","guid":{"rendered":"http:\/\/juntasillinois.com\/19web\/?page_id=17387"},"modified":"2024-02-20T11:13:35","modified_gmt":"2024-02-20T14:13:35","slug":"retentores","status":"publish","type":"page","link":"https:\/\/juntasillinois.com\/br\/?page_id=17387","title":{"rendered":"Retentores"},"content":{"rendered":"<div id=\"cmsmasters_row_fldf2oyx4j\" class=\"cmsmasters_row cmsmasters_color_scheme_default cmsmasters_row_top_default cmsmasters_row_bot_default cmsmasters_row_fullwidth\">\n<div class=\"cmsmasters_row_outer_parent\">\n<div class=\"cmsmasters_row_outer\">\n<div class=\"cmsmasters_row_inner cmsmasters_row_fullwidth cmsmasters_row_no_margin\">\n<div class=\"cmsmasters_row_margin\">\n<div id=\"cmsmasters_column_ukna2twams\" class=\"cmsmasters_column one_half\">\n<div class=\"cmsmasters_column_inner\"><div class=\"cmsmasters_img  cmsmasters_image_n\"><img decoding=\"async\" src=\"https:\/\/juntasillinois.com\/br\/wp-content\/uploads\/sites\/2\/2020\/02\/retenes-illiois.jpg\" \/><\/div>\n<\/div><\/div>\n<div id=\"cmsmasters_column_9mrce86v7u\" class=\"cmsmasters_column one_half\">\n<div class=\"cmsmasters_column_inner\"><div id=\"cmsmasters_heading_ql4skhj0hi\" class=\"cmsmasters_heading_wrap cmsmasters_heading_align_left\">\n\t<h2 class=\"cmsmasters_heading\">Retentores Illinois, baixo atrito. Durabilidade m\u00e1xima<\/h2>\n<\/div><div class=\"cmsmasters_text listas\">\n<p><strong>Produtos de veda\u00e7\u00e3o de Alto desempenho <\/strong><br \/>\nAtualmente, os motores de maior pot\u00eancia e compress\u00e3o exigem projetos e materiais de alto desempenho, que demandam uma tecnologia espec\u00edfica. Os Retentores ILLINOIS foram desenvolvidos para atender a esses elevados n\u00edveis de exig\u00eancia.<\/p>\n<\/div>\n<div id=\"cmsmasters_divider_3k0xpv08xo\" class=\"cmsmasters_divider cmsmasters_divider_width_short cmsmasters_divider_pos_left\"><\/div>\n<div id=\"cmsmasters_button_18ub1dbhuc\" class=\"button_wrap\"><a href=\"https:\/\/juntasillinois.com\/br\/wp-content\/uploads\/sites\/2\/2024\/02\/Retenes_PORT_web_01-1.pdf\" class=\"cmsmasters_button cmsmasters_but_clear_styles cmsmasters_but_bg_hover cmsmasters-icon-custom-download botones\" target=\"_blank\"><span>Descargar PDF<\/span><\/a><\/div>\n<div id=\"cmsmasters_button_6l1t3f4u3i\" class=\"button_wrap\"><a href=\"https:\/\/www.youtube.com\/watch?v=zmroiaOIR6E\" class=\"cmsmasters_button cmsmasters_but_clear_styles cmsmasters_but_bg_hover cmsmasters-icon-custom-download sg-popup-id-17474\" target=\"_blank\"><span>Ver Videos<\/span><\/a><\/div>\n<\/div><\/div>\n<\/div>\n<\/div>\n<\/div>\n<\/div>\n<\/div>\n<div id=\"cmsmasters_row_m9spu3l3re\" class=\"cmsmasters_row cmsmasters_color_scheme_default cmsmasters_row_top_default cmsmasters_row_bot_default cmsmasters_row_boxed\">\n<div class=\"cmsmasters_row_outer_parent\">\n<div class=\"cmsmasters_row_outer\">\n<div class=\"cmsmasters_row_inner\">\n<div class=\"cmsmasters_row_margin\">\n<div id=\"cmsmasters_column_xx6970df3k\" class=\"cmsmasters_column one_half\">\n<div class=\"cmsmasters_column_inner\"><div id=\"cmsmasters_heading_pysepgku\" class=\"cmsmasters_heading_wrap cmsmasters_heading_align_left\">\n\t<h2 class=\"cmsmasters_heading\">Linhas completas:<\/h2>\n<\/div><div class=\"cmsmasters_text listas\">\n<p>Leve,comercial, pesada, agr{icola e industrial.<\/p>\n<ul>\n<li>Retentor do Virabrequim<\/li>\n<li>Retentor da Distribui\u00e7\u00e3o<\/li>\n<li>Retentor do Comando de V\u00e1lvulas<\/li>\n<li>Retentor da Haste de V\u00e1lvula<\/li>\n<li>Retentor PTFE (Teflon)<\/li>\n<\/ul>\n<\/div>\n<\/div><\/div>\n<div id=\"cmsmasters_column_2rymsu53op\" class=\"cmsmasters_column one_half\">\n<div class=\"cmsmasters_column_inner\"><div class=\"cmsmasters_img  cmsmasters_image_n\"><img decoding=\"async\" src=\"https:\/\/juntasillinois.com\/br\/wp-content\/uploads\/sites\/2\/2020\/02\/retenes-illiois-1.jpg\" \/><\/div>\n<\/div><\/div>\n<\/div>\n<\/div>\n<\/div>\n<\/div>\n<\/div>\n<div id=\"cmsmasters_row_wc6zwhz4h3\" class=\"cmsmasters_row cmsmasters_color_scheme_default cmsmasters_row_top_default cmsmasters_row_bot_default cmsmasters_row_boxed\">\n<div class=\"cmsmasters_row_outer_parent\">\n<div class=\"cmsmasters_row_outer\">\n<div class=\"cmsmasters_row_inner\">\n<div class=\"cmsmasters_row_margin\">\n<div id=\"cmsmasters_column_vaads0kgck\" class=\"cmsmasters_column one_first\">\n<div class=\"cmsmasters_column_inner\"><div id=\"cmsmasters_heading_sot0ji3hc\" class=\"cmsmasters_heading_wrap cmsmasters_heading_align_left\">\n\t<h2 class=\"cmsmasters_heading\">Principais perfis standard (\u00f8 externo)<\/h2>\n<\/div>\n<\/div><\/div>\n<\/div>\n<\/div>\n<\/div>\n<\/div>\n<\/div>\n<div id=\"cmsmasters_row_z61fhhda2\" class=\"cmsmasters_row cmsmasters_color_scheme_default cmsmasters_row_top_default cmsmasters_row_bot_default cmsmasters_row_boxed\">\n<div class=\"cmsmasters_row_outer_parent\">\n<div class=\"cmsmasters_row_outer\">\n<div class=\"cmsmasters_row_inner\">\n<div class=\"cmsmasters_row_margin\">\n<div id=\"cmsmasters_column_gwibkqym54\" class=\"cmsmasters_column one_half\">\n<div class=\"cmsmasters_column_inner\"><div class=\"cmsmasters_img  cmsmasters_image_n\"><img decoding=\"async\" src=\"https:\/\/juntasillinois.com\/br\/wp-content\/uploads\/sites\/2\/2020\/02\/tipo-l-m.jpg\" \/><\/div><div class=\"cmsmasters_text\">\n<p><strong>Perfil simples, aplica\u00e7\u00e3o convencional.<\/strong> A principal diferen\u00e7a \u00e9 o material aplicado na constru\u00e7\u00e3o externa, que pode ser de borracha ou de metal.<\/p>\n<p>A constru\u00e7\u00e3o em borracha permite a montagem do Retentor em alojamentos danificados, ou seja, que apresentem apenas riscos ou pequenas corros\u00f5es. J\u00e1 a constru\u00e7\u00e3o met\u00e1lica, oferece uma ancoragem mais firme, por\u00e9m n\u00e3o \u00e9 indicado para alojamentos que apresentem as mesmas condi\u00e7\u00f5es de danos.<\/p>\n<p>L\u00e1bio simples ou duplo s\u00e3o op\u00e7\u00f5es de constru\u00e7\u00e3o. O l\u00e1bio duplo oferece uma prote\u00e7\u00e3o adicional, caso o ambiente seja mais agressivo, com presen\u00e7a de contaminantes abrasivos.<\/p>\n<\/div>\n<\/div><\/div>\n<div id=\"cmsmasters_column_4miz67swak\" class=\"cmsmasters_column one_half\">\n<div class=\"cmsmasters_column_inner\"><div class=\"cmsmasters_img  cmsmasters_image_n\"><img decoding=\"async\" src=\"https:\/\/juntasillinois.com\/br\/wp-content\/uploads\/sites\/2\/2020\/02\/tipo-k-lm.jpg\" \/><\/div><div class=\"cmsmasters_text\">\n<p><strong>Perfis de estrutura refor\u00e7ada,<\/strong> que oferecem uma melhor prote\u00e7\u00e3o para a \u00e1rea dos l\u00e1bios de veda\u00e7\u00e3o.<\/p>\n<p>Combinando padr\u00f5es L e M.<\/p>\n<p>T\u00eam como objetivo uma melhor ancoragem e a veda\u00e7\u00e3o de pequenas ranhuras e\/ou corros\u00f5es.<\/p>\n<\/div>\n<\/div><\/div>\n<\/div>\n<\/div>\n<\/div>\n<\/div>\n<\/div>\n<div id=\"cmsmasters_row_tl4usjwws5\" class=\"cmsmasters_row cmsmasters_color_scheme_default cmsmasters_row_top_default cmsmasters_row_bot_default cmsmasters_row_boxed\">\n<div class=\"cmsmasters_row_outer_parent\">\n<div class=\"cmsmasters_row_outer\">\n<div class=\"cmsmasters_row_inner\">\n<div class=\"cmsmasters_row_margin\">\n<div id=\"cmsmasters_column_zzzvw167yo\" class=\"cmsmasters_column one_first\">\n<div class=\"cmsmasters_column_inner\"><div id=\"cmsmasters_heading_t7gsdpecmj\" class=\"cmsmasters_heading_wrap cmsmasters_heading_align_left\">\n\t<h2 class=\"cmsmasters_heading\">Partes do retentor<\/h2>\n<\/div>\n<\/div><\/div>\n<\/div>\n<\/div>\n<\/div>\n<\/div>\n<\/div>\n<div id=\"cmsmasters_row_c3ie2jnx5s\" class=\"cmsmasters_row cmsmasters_color_scheme_default cmsmasters_row_top_default cmsmasters_row_bot_default cmsmasters_row_boxed\">\n<div class=\"cmsmasters_row_outer_parent\">\n<div class=\"cmsmasters_row_outer\">\n<div class=\"cmsmasters_row_inner\">\n<div class=\"cmsmasters_row_margin\">\n<div id=\"cmsmasters_column_nheh0zbzs\" class=\"cmsmasters_column one_first\">\n<div class=\"cmsmasters_column_inner\"><div class=\"cmsmasters_img  cmsmasters_image_n\"><img decoding=\"async\" src=\"https:\/\/juntasillinois.com\/br\/wp-content\/uploads\/sites\/2\/2020\/03\/retentores.png\" \/><\/div>\n<\/div><\/div>\n<\/div>\n<\/div>\n<\/div>\n<\/div>\n<\/div>\n<div id=\"cmsmasters_row_k2okiwpiwf\" class=\"cmsmasters_row cmsmasters_color_scheme_default cmsmasters_row_top_default cmsmasters_row_bot_default cmsmasters_row_boxed\">\n<div class=\"cmsmasters_row_outer_parent\">\n<div class=\"cmsmasters_row_outer\">\n<div class=\"cmsmasters_row_inner\">\n<div class=\"cmsmasters_row_margin\">\n<div id=\"cmsmasters_column_krb0m8hau\" class=\"cmsmasters_column one_half\">\n<div class=\"cmsmasters_column_inner\"><div id=\"cmsmasters_heading_6ytasmft1\" class=\"cmsmasters_heading_wrap cmsmasters_heading_align_left\">\n\t<h2 class=\"cmsmasters_heading\">Repara\u00e7\u00e3o Duradoura<\/h2>\n<\/div><div class=\"cmsmasters_text listas\">\n<ul>\n<li>Excelentes caracter\u00edsticas de veda\u00e7\u00e3o<\/li>\n<li>Alta resist\u00eancia a desgastes<\/li>\n<li>Boa resposta a choques t\u00e9rmicos<\/li>\n<li>Alta resist\u00eancia \u00e0s agress\u00f5es de l\u00edquidos e gases<\/li>\n<li>F\u00e1cil montagem<\/li>\n<li>Longa vida \u00fatil<\/li>\n<\/ul>\n<\/div>\n<\/div><\/div>\n<div id=\"cmsmasters_column_7pbdgnk7tm\" class=\"cmsmasters_column one_half\">\n<div class=\"cmsmasters_column_inner\"><div class=\"cmsmasters_img  cmsmasters_image_n\"><img decoding=\"async\" src=\"https:\/\/juntasillinois.com\/br\/wp-content\/uploads\/sites\/2\/2020\/01\/02-RETENES-792-x-577.png\" \/><\/div>\n<\/div><\/div>\n<\/div>\n<\/div>\n<\/div>\n<\/div>\n<\/div>\n<div id=\"cmsmasters_row_6jkhuqh7ok\" class=\"cmsmasters_row cmsmasters_color_scheme_default cmsmasters_row_top_default cmsmasters_row_bot_default cmsmasters_row_boxed\">\n<div class=\"cmsmasters_row_outer_parent\">\n<div class=\"cmsmasters_row_outer\">\n<div class=\"cmsmasters_row_inner\">\n<div class=\"cmsmasters_row_margin\">\n<div id=\"cmsmasters_column_15fxtxdhjj\" class=\"cmsmasters_column one_first\">\n<div class=\"cmsmasters_column_inner\"><div id=\"cmsmasters_heading_w4jzv25g6\" class=\"cmsmasters_heading_wrap cmsmasters_heading_align_left\">\n\t<h2 class=\"cmsmasters_heading\">Qualidade M\u00e1xima<\/h2>\n<\/div><div class=\"cmsmasters_text\">\n<p>Produto testado de acordo com as normas internacionais SAE 921484, DIN 52913, ASTM F36 e ASTM F37, sujeito a rigoroso controle de qualidade durante todo o processo de fabrica\u00e7\u00e3o. Apresenta a combina\u00e7\u00e3o de O.E.M. de \u00faltima gera\u00e7\u00e3o e da mais alta qualidade. Sistema de Gest\u00e3o da Qualidade certificado pela ISO 9001: 2015 (243918-AQ-ARG-RvA)<\/p>\n<\/div>\n<\/div><\/div>\n<\/div>\n<\/div>\n<\/div>\n<\/div>\n<\/div>\n\n","protected":false},"excerpt":{"rendered":"","protected":false},"author":1,"featured_media":0,"parent":0,"menu_order":0,"comment_status":"closed","ping_status":"closed","template":"","meta":{"footnotes":""},"class_list":["post-17387","page","type-page","status-publish","hentry"],"yoast_head":"<!-- This site is optimized with the Yoast SEO plugin v27.5 - https:\/\/yoast.com\/product\/yoast-seo-wordpress\/ -->\n<title>Retentores - Juntas Illinois<\/title>\n<meta name=\"robots\" content=\"index, follow, max-snippet:-1, max-image-preview:large, max-video-preview:-1\" \/>\n<link rel=\"canonical\" href=\"https:\/\/juntasillinois.com\/br\/?page_id=17387\" \/>\n<meta property=\"og:locale\" content=\"pt_BR\" \/>\n<meta property=\"og:type\" content=\"article\" \/>\n<meta property=\"og:title\" content=\"Retentores - Juntas Illinois\" \/>\n<meta property=\"og:url\" content=\"https:\/\/juntasillinois.com\/br\/?page_id=17387\" \/>\n<meta property=\"og:site_name\" content=\"Juntas Illinois\" \/>\n<meta property=\"article:modified_time\" content=\"2024-02-20T14:13:35+00:00\" \/>\n<meta name=\"twitter:card\" content=\"summary_large_image\" \/>\n<meta name=\"twitter:label1\" content=\"Est. tempo de leitura\" \/>\n\t<meta name=\"twitter:data1\" content=\"9 minutos\" \/>\n<script type=\"application\/ld+json\" class=\"yoast-schema-graph\">{\"@context\":\"https:\\\/\\\/schema.org\",\"@graph\":[{\"@type\":\"WebPage\",\"@id\":\"https:\\\/\\\/juntasillinois.com\\\/br\\\/?page_id=17387\",\"url\":\"https:\\\/\\\/juntasillinois.com\\\/br\\\/?page_id=17387\",\"name\":\"Retentores - Juntas Illinois\",\"isPartOf\":{\"@id\":\"https:\\\/\\\/juntasillinois.com\\\/br\\\/#website\"},\"datePublished\":\"2019-12-20T20:26:08+00:00\",\"dateModified\":\"2024-02-20T14:13:35+00:00\",\"breadcrumb\":{\"@id\":\"https:\\\/\\\/juntasillinois.com\\\/br\\\/?page_id=17387#breadcrumb\"},\"inLanguage\":\"pt-BR\",\"potentialAction\":[{\"@type\":\"ReadAction\",\"target\":[\"https:\\\/\\\/juntasillinois.com\\\/br\\\/?page_id=17387\"]}]},{\"@type\":\"BreadcrumbList\",\"@id\":\"https:\\\/\\\/juntasillinois.com\\\/br\\\/?page_id=17387#breadcrumb\",\"itemListElement\":[{\"@type\":\"ListItem\",\"position\":1,\"name\":\"Inicio\",\"item\":\"https:\\\/\\\/juntasillinois.com\\\/br\\\/\"},{\"@type\":\"ListItem\",\"position\":2,\"name\":\"Retentores\"}]},{\"@type\":\"WebSite\",\"@id\":\"https:\\\/\\\/juntasillinois.com\\\/br\\\/#website\",\"url\":\"https:\\\/\\\/juntasillinois.com\\\/br\\\/\",\"name\":\"Juntas Illinois\",\"description\":\"\",\"potentialAction\":[{\"@type\":\"SearchAction\",\"target\":{\"@type\":\"EntryPoint\",\"urlTemplate\":\"https:\\\/\\\/juntasillinois.com\\\/br\\\/?s={search_term_string}\"},\"query-input\":{\"@type\":\"PropertyValueSpecification\",\"valueRequired\":true,\"valueName\":\"search_term_string\"}}],\"inLanguage\":\"pt-BR\"}]}<\/script>\n<!-- \/ Yoast SEO plugin. -->","yoast_head_json":{"title":"Retentores - Juntas Illinois","robots":{"index":"index","follow":"follow","max-snippet":"max-snippet:-1","max-image-preview":"max-image-preview:large","max-video-preview":"max-video-preview:-1"},"canonical":"https:\/\/juntasillinois.com\/br\/?page_id=17387","og_locale":"pt_BR","og_type":"article","og_title":"Retentores - Juntas Illinois","og_url":"https:\/\/juntasillinois.com\/br\/?page_id=17387","og_site_name":"Juntas Illinois","article_modified_time":"2024-02-20T14:13:35+00:00","twitter_card":"summary_large_image","twitter_misc":{"Est. tempo de leitura":"9 minutos"},"schema":{"@context":"https:\/\/schema.org","@graph":[{"@type":"WebPage","@id":"https:\/\/juntasillinois.com\/br\/?page_id=17387","url":"https:\/\/juntasillinois.com\/br\/?page_id=17387","name":"Retentores - Juntas Illinois","isPartOf":{"@id":"https:\/\/juntasillinois.com\/br\/#website"},"datePublished":"2019-12-20T20:26:08+00:00","dateModified":"2024-02-20T14:13:35+00:00","breadcrumb":{"@id":"https:\/\/juntasillinois.com\/br\/?page_id=17387#breadcrumb"},"inLanguage":"pt-BR","potentialAction":[{"@type":"ReadAction","target":["https:\/\/juntasillinois.com\/br\/?page_id=17387"]}]},{"@type":"BreadcrumbList","@id":"https:\/\/juntasillinois.com\/br\/?page_id=17387#breadcrumb","itemListElement":[{"@type":"ListItem","position":1,"name":"Inicio","item":"https:\/\/juntasillinois.com\/br\/"},{"@type":"ListItem","position":2,"name":"Retentores"}]},{"@type":"WebSite","@id":"https:\/\/juntasillinois.com\/br\/#website","url":"https:\/\/juntasillinois.com\/br\/","name":"Juntas Illinois","description":"","potentialAction":[{"@type":"SearchAction","target":{"@type":"EntryPoint","urlTemplate":"https:\/\/juntasillinois.com\/br\/?s={search_term_string}"},"query-input":{"@type":"PropertyValueSpecification","valueRequired":true,"valueName":"search_term_string"}}],"inLanguage":"pt-BR"}]}},"_links":{"self":[{"href":"https:\/\/juntasillinois.com\/br\/index.php?rest_route=\/wp\/v2\/pages\/17387","targetHints":{"allow":["GET"]}}],"collection":[{"href":"https:\/\/juntasillinois.com\/br\/index.php?rest_route=\/wp\/v2\/pages"}],"about":[{"href":"https:\/\/juntasillinois.com\/br\/index.php?rest_route=\/wp\/v2\/types\/page"}],"author":[{"embeddable":true,"href":"https:\/\/juntasillinois.com\/br\/index.php?rest_route=\/wp\/v2\/users\/1"}],"replies":[{"embeddable":true,"href":"https:\/\/juntasillinois.com\/br\/index.php?rest_route=%2Fwp%2Fv2%2Fcomments&post=17387"}],"version-history":[{"count":9,"href":"https:\/\/juntasillinois.com\/br\/index.php?rest_route=\/wp\/v2\/pages\/17387\/revisions"}],"predecessor-version":[{"id":17890,"href":"https:\/\/juntasillinois.com\/br\/index.php?rest_route=\/wp\/v2\/pages\/17387\/revisions\/17890"}],"wp:attachment":[{"href":"https:\/\/juntasillinois.com\/br\/index.php?rest_route=%2Fwp%2Fv2%2Fmedia&parent=17387"}],"curies":[{"name":"wp","href":"https:\/\/api.w.org\/{rel}","templated":true}]}}