{"id":17170,"date":"2019-12-04T18:44:15","date_gmt":"2019-12-04T21:44:15","guid":{"rendered":"http:\/\/juntasillinois.com\/19web\/?page_id=17170"},"modified":"2024-02-20T11:37:30","modified_gmt":"2024-02-20T14:37:30","slug":"empresa","status":"publish","type":"page","link":"https:\/\/juntasillinois.com\/?page_id=17170","title":{"rendered":"Empresa"},"content":{"rendered":"<div id=\"cmsmasters_row_gxjdsyh9hr\" class=\"cmsmasters_row cmsmasters_color_scheme_default cmsmasters_row_top_default cmsmasters_row_bot_default cmsmasters_row_boxed\">\n<div class=\"cmsmasters_row_outer_parent\">\n<div class=\"cmsmasters_row_outer\">\n<div class=\"cmsmasters_row_inner\">\n<div class=\"cmsmasters_row_margin\">\n<div id=\"cmsmasters_column_0yxhhe7ft7\" class=\"cmsmasters_column one_first\">\n<div class=\"cmsmasters_column_inner\"><div class=\"cmsmasters_text\">\n<h2 class=\"blanco\" style=\"text-align: center;\">Un compromiso constante con la excelencia.<\/h2>\n<\/div>\n<\/div><\/div>\n<\/div>\n<\/div>\n<\/div>\n<\/div>\n<\/div>\n<div id=\"cmsmasters_row_dynzowuw9l\" class=\"cmsmasters_row cmsmasters_color_scheme_default cmsmasters_row_top_default cmsmasters_row_bot_default cmsmasters_row_boxed\">\n<div class=\"cmsmasters_row_outer_parent\">\n<div class=\"cmsmasters_row_outer\">\n<div class=\"cmsmasters_row_inner\">\n<div class=\"cmsmasters_row_margin cmsmasters_row_columns_behavior\">\n<div id=\"cmsmasters_column_ropzoelre\" class=\"cmsmasters_column one_half\">\n<div class=\"cmsmasters_column_inner\"><div class=\"cmsmasters_img  cmsmasters_image_n\"><img decoding=\"async\" src=\"https:\/\/juntasillinois.com\/wp-content\/uploads\/2019\/12\/Illinois-empresa.jpg\" \/><\/div>\n<\/div><\/div>\n<div id=\"cmsmasters_column_9z1vo5fg8n\" class=\"cmsmasters_column one_half\">\n<div class=\"cmsmasters_column_inner\"><div id=\"cmsmasters_heading_za8s7wqs3n\" class=\"cmsmasters_heading_wrap cmsmasters_heading_align_left\">\n\t<h6 class=\"cmsmasters_heading\">DESDE 1943<\/h6>\n<\/div><div id=\"cmsmasters_heading_c0wgukpaeg\" class=\"cmsmasters_heading_wrap cmsmasters_heading_align_left\">\n\t<h2 class=\"cmsmasters_heading\">Nuestra Empresa<\/h2>\n<\/div><div id=\"cmsmasters_heading_pf37nzfpjj\" class=\"cmsmasters_heading_wrap cmsmasters_heading_align_left\">\n\t<h3 class=\"cmsmasters_heading\">Juntas Illinois S.A. pertenece al rubro metalmec\u00e1nica, su actividad principal es la fabricaci\u00f3n y comercializaci\u00f3n de juntas y repuestos automotrices para todo tipo de motores.<\/h3>\n<\/div><div id=\"cmsmasters_heading_l3arvaj6f5\" class=\"cmsmasters_heading_wrap cmsmasters_heading_align_left\">\n\t<h3 class=\"cmsmasters_heading\">La empresa fue fundada en Rosario, Argentina en el a\u00f1o 1943 bajo el nombre de Mart\u00ednez y Tur, en referencia a sus fundadores. A\u00f1os m\u00e1s tarde el Sr. Ricardo Tur, uno de los socios, adquiri\u00f3 la totalidad de la firma y a partir de all\u00ed, la denominaci\u00f3n de la empresa cambi\u00f3 a Juntas Illinois S.A.<\/h3>\n<\/div><div id=\"cmsmasters_heading_01dyhde3yp\" class=\"cmsmasters_heading_wrap cmsmasters_heading_align_left\">\n\t<h3 class=\"cmsmasters_heading\">Actualmente el Sr. Daniel Tur es el Presidente de la firma, y comparte la conducci\u00f3n de la misma con un equipo de colaboradores profesionales que incluye a la tercera generaci\u00f3n familiar, que se ha capacitado y especializado en las distintas \u00e1reas del negocio.<\/h3>\n<\/div><div id=\"cmsmasters_heading_w8bsz2rwdk\" class=\"cmsmasters_heading_wrap cmsmasters_heading_align_left\">\n\t<h3 class=\"cmsmasters_heading\">En conjunto, siguen escribiendo la historia de Juntas Illinois sobre s\u00f3lidas bases de un pasado vigoroso, un presente en plena expansi\u00f3n, y la proyecci\u00f3n de un futuro promisorio lleno de desaf\u00edos.<\/h3>\n<\/div><div id=\"cmsmasters_button_qcu0amy22l\" class=\"button_wrap\"><a href=\"https:\/\/juntasillinois.com\/en\/wp-content\/uploads\/sites\/3\/2024\/02\/Folleto-InstitucionaI-LLINOIS.pdf\" class=\"cmsmasters_button cmsmasters_but_clear_styles cmsmasters_but_bg_hover cmsmasters-icon-file-pdf botones\" target=\"_blank\"><span>Descargar PDF<\/span><\/a><\/div>\n<\/div><\/div>\n<\/div>\n<\/div>\n<\/div>\n<\/div>\n<\/div>\n<div id=\"cmsmasters_row_gokb9a356o\" class=\"cmsmasters_row cmsmasters_color_scheme_default cmsmasters_row_top_default cmsmasters_row_bot_default cmsmasters_row_boxed\">\n<div class=\"cmsmasters_row_outer_parent\">\n<div class=\"cmsmasters_row_outer\">\n<div class=\"cmsmasters_row_inner\">\n<div class=\"cmsmasters_row_margin cmsmasters_row_columns_behavior\">\n<div id=\"cmsmasters_column_yyrjs4k8xr\" class=\"cmsmasters_column one_half\">\n<div class=\"cmsmasters_column_inner\"><div id=\"cmsmasters_heading_1jst1zu1oc\" class=\"cmsmasters_heading_wrap cmsmasters_heading_align_left\">\n\t<h6 class=\"cmsmasters_heading\"> 7000 m2<\/h6>\n<\/div><div id=\"cmsmasters_heading_ff2ect7jlj\" class=\"cmsmasters_heading_wrap cmsmasters_heading_align_left\">\n\t<h2 class=\"cmsmasters_heading\">Estructura<\/h2>\n<\/div><div id=\"cmsmasters_heading_ni2gicv78r\" class=\"cmsmasters_heading_wrap cmsmasters_heading_align_left\">\n\t<h3 class=\"cmsmasters_heading\">Juntas Illinois S.A. cuenta con una planta industrial modelo, de referencia internacional, emplazada sobre un predio de 7000 m2. El concepto de esta nueva nave es un claro ejemplo de c\u00f3mo la higiene, la seguridad y el orden, en el marco de un ambiente de trabajo agradable, aumentan la productividad y mejoran el flujo de todos los procesos productivos.<\/h3>\n<\/div><div id=\"cmsmasters_heading_mjhyp32te\" class=\"cmsmasters_heading_wrap cmsmasters_heading_align_left\">\n\t<h3 class=\"cmsmasters_heading\">En los \u00faltimos a\u00f1os la empresa ha realizado importantes inversiones para asegurar el crecimiento y continuar con la modernizaci\u00f3n de su infraestructura, desarrollando una Cadena de Valor din\u00e1mica, que garantiza la eficiencia y calidad de todos los procesos.<\/h3>\n<\/div>\n<\/div><\/div>\n<div id=\"cmsmasters_column_j32v1xlg4m\" class=\"cmsmasters_column one_half\">\n<div class=\"cmsmasters_column_inner\"><div class=\"cmsmasters_img  cmsmasters_image_n\"><img decoding=\"async\" src=\"https:\/\/juntasillinois.com\/wp-content\/uploads\/2019\/12\/Illinois-Estructura.jpg\" \/><\/div>\n<\/div><\/div>\n<\/div>\n<\/div>\n<\/div>\n<\/div>\n<\/div>\n<div id=\"cmsmasters_row_dz1o627jfq\" class=\"cmsmasters_row cmsmasters_color_scheme_default cmsmasters_row_top_default cmsmasters_row_bot_default cmsmasters_row_boxed\">\n<div class=\"cmsmasters_row_outer_parent\">\n<div class=\"cmsmasters_row_outer\">\n<div class=\"cmsmasters_row_inner\">\n<div class=\"cmsmasters_row_margin cmsmasters_row_columns_behavior\">\n<div id=\"cmsmasters_column_8mjby7fyo\" class=\"cmsmasters_column one_half\">\n<div class=\"cmsmasters_column_inner\"><div class=\"cmsmasters_img  cmsmasters_image_n\"><img decoding=\"async\" src=\"https:\/\/juntasillinois.com\/wp-content\/uploads\/2019\/12\/Illinois-Enfoque.jpg\" \/><\/div>\n<\/div><\/div>\n<div id=\"cmsmasters_column_hz991x1fv6\" class=\"cmsmasters_column one_half\">\n<div class=\"cmsmasters_column_inner\"><div id=\"cmsmasters_heading_39e2v3tcro\" class=\"cmsmasters_heading_wrap cmsmasters_heading_align_left\">\n\t<h6 class=\"cmsmasters_heading\">M\u00e1s de 11.800 referencias<\/h6>\n<\/div><div id=\"cmsmasters_heading_l7skkxq6o7\" class=\"cmsmasters_heading_wrap cmsmasters_heading_align_left\">\n\t<h2 class=\"cmsmasters_heading\">Enfoque<\/h2>\n<\/div><div id=\"cmsmasters_heading_ix5j1is9p\" class=\"cmsmasters_heading_wrap cmsmasters_heading_align_left\">\n\t<h3 class=\"cmsmasters_heading\">Juntas Illinois presenta una amplia gama de productos para el sellado del motor. Los productos se fabrican bajo las m\u00e1s estrictas normas internacionales de calidad, utilizando materias primas de origen europeo y norteamericano.<\/h3>\n<\/div><div id=\"cmsmasters_heading_vb1br48fqg\" class=\"cmsmasters_heading_wrap cmsmasters_heading_align_left\">\n\t<h3 class=\"cmsmasters_heading\">Actualmente, el cat\u00e1logo de productos cuenta con una oferta de m\u00e1s de 11.800 referencias y contin\u00faa en proceso de ampliaci\u00f3n. Para alcanzar estos vol\u00famenes, la empresa ha ido incorporando nuevas tecnolog\u00edas, capacitando a su personal y ha implementado una importante pol\u00edtica de desarrollo a proveedores, de manera tal que toda la Cadena de Valor se encuentre bajo un mismo lineamiento.<\/h3>\n<\/div>\n<\/div><\/div>\n<\/div>\n<\/div>\n<\/div>\n<\/div>\n<\/div>\n<div id=\"cmsmasters_row_lw9lq843nb\" class=\"cmsmasters_row cmsmasters_color_scheme_default cmsmasters_row_top_default cmsmasters_row_bot_default cmsmasters_row_boxed\">\n<div class=\"cmsmasters_row_outer_parent\">\n<div class=\"cmsmasters_row_outer\">\n<div class=\"cmsmasters_row_inner\">\n<div class=\"cmsmasters_row_margin cmsmasters_row_columns_behavior\">\n<div id=\"cmsmasters_column_sg3mfggeen\" class=\"cmsmasters_column one_half\">\n<div class=\"cmsmasters_column_inner\"><div id=\"cmsmasters_heading_3iaekszys9\" class=\"cmsmasters_heading_wrap cmsmasters_heading_align_left\">\n\t<h6 class=\"cmsmasters_heading\">Desarrollo permanente<\/h6>\n<\/div><div id=\"cmsmasters_heading_q7x6sexu8\" class=\"cmsmasters_heading_wrap cmsmasters_heading_align_left\">\n\t<h2 class=\"cmsmasters_heading\">Ingenier\u00eda<\/h2>\n<\/div><div id=\"cmsmasters_heading_2ehaonain\" class=\"cmsmasters_heading_wrap cmsmasters_heading_align_left\">\n\t<h3 class=\"cmsmasters_heading\">La empresa cuenta con un departamento de ingenier\u00eda altamente capacitado donde permanentemente se desarrollan nuevos productos para satisfacer las demandas de un mercado cada vez m\u00e1s exigente y en constante evoluci\u00f3n. Desde aqu\u00ed se articula el trabajo de un numeroso plantel con una vasta experiencia t\u00e9cnica y especializaci\u00f3n en el rubro. Tanto el dise\u00f1o como la ejecuci\u00f3n de la matricer\u00eda se realizan dentro de la organizaci\u00f3n con herramental propio, sin requerir de recursos externos, lo que permite una r\u00e1pida adaptaci\u00f3n a las cambiantes necesidades del mercado y ofrece a los clientes un importante valor agregado.<\/h3>\n<\/div>\n<\/div><\/div>\n<div id=\"cmsmasters_column_lkbvsxw6jn\" class=\"cmsmasters_column one_half\">\n<div class=\"cmsmasters_column_inner\"><div class=\"cmsmasters_img  cmsmasters_image_n\"><img decoding=\"async\" src=\"https:\/\/juntasillinois.com\/wp-content\/uploads\/2020\/03\/ingenieria.jpg\" \/><\/div>\n<\/div><\/div>\n<\/div>\n<\/div>\n<\/div>\n<\/div>\n<\/div>\n<div id=\"cmsmasters_row_3gysg056y9\" class=\"cmsmasters_row cmsmasters_color_scheme_default cmsmasters_row_top_default cmsmasters_row_bot_default cmsmasters_row_boxed\">\n<div class=\"cmsmasters_row_outer_parent\">\n<div class=\"cmsmasters_row_outer\">\n<div class=\"cmsmasters_row_inner\">\n<div class=\"cmsmasters_row_margin cmsmasters_row_columns_behavior\">\n<div id=\"cmsmasters_column_jvhvb9rqz\" class=\"cmsmasters_column one_half\">\n<div class=\"cmsmasters_column_inner\"><div class=\"cmsmasters_img  cmsmasters_image_n\"><img decoding=\"async\" src=\"https:\/\/juntasillinois.com\/wp-content\/uploads\/2019\/12\/Illinois-Valores.jpg\" \/><\/div>\n<\/div><\/div>\n<div id=\"cmsmasters_column_e15d0bhux\" class=\"cmsmasters_column one_half\">\n<div class=\"cmsmasters_column_inner\"><div id=\"cmsmasters_heading_63zc5kipwf\" class=\"cmsmasters_heading_wrap cmsmasters_heading_align_left\">\n\t<h6 class=\"cmsmasters_heading\">Excelencia<\/h6>\n<\/div><div id=\"cmsmasters_heading_wx05ae1viu\" class=\"cmsmasters_heading_wrap cmsmasters_heading_align_left\">\n\t<h2 class=\"cmsmasters_heading\">Valores<\/h2>\n<\/div><div class=\"cmsmasters_text\">\n<p class=\"x_MsoNormal\">La meta corporativa de Juntas Illinois S.A. es:<\/p>\n<p class=\"x_MsoNormal\"><b>\u201cSer la mejor opci\u00f3n en calidad, servicio y confiabilidad, de manera tal que nuestros clientes asocien a Juntas Illinois S.A. con la excelencia\u201d.<\/b><\/p>\n<p class=\"x_MsoNormal\">En pos de esta meta, permanentemente buscamos crear y estimular condiciones para que nuestros colaboradores se sientan comprometidos en este proceso de valor y en la aplicaci\u00f3n de los principios que sustentan nuestra gesti\u00f3n:<\/p>\n<p class=\"x_MsoNormal\">\u25cf\u00a0Desarrollo personal y profesional de nuestros colaboradores.<\/p>\n<p class=\"x_MsoNormal\">\u25cf Compromiso de nuestro personal con la calidad\u00a0\u00a0 de su trabajo.<\/p>\n<p class=\"x_MsoNormal\">\u25cf Compromiso de la Direcci\u00f3n con la calidad y la mejora continua.<\/p>\n<p class=\"x_MsoNormal\">\u25cf Relaciones tanto internas como externas regidas bajo normas de \u00e9tica, honestidad e integridad.<\/p>\n<p class=\"x_MsoNormal\">\u25cf Compromiso de nuestro personal para ejecutar\u00a0sus tareas en alineaci\u00f3n a los objetivos de calidad establecidos.<\/p>\n<\/div>\n<\/div><\/div>\n<\/div>\n<\/div>\n<\/div>\n<\/div>\n<\/div>\n<div id=\"cmsmasters_row_x5rgo3wtr5\" class=\"cmsmasters_row cmsmasters_color_scheme_default cmsmasters_row_top_default cmsmasters_row_bot_default cmsmasters_row_fullwidth\">\n<div class=\"cmsmasters_row_outer_parent\">\n<div class=\"cmsmasters_row_outer\">\n<div class=\"cmsmasters_row_inner cmsmasters_row_fullwidth cmsmasters_row_no_margin\">\n<div class=\"cmsmasters_row_margin cmsmasters_row_columns_behavior\">\n<div id=\"cmsmasters_column_0wxakhx11\" class=\"cmsmasters_column one_first\">\n<div class=\"cmsmasters_column_inner\"><div class=\"cmsmasters_text\">\n<iframe loading=\"lazy\" src=\"https:\/\/www.youtube.com\/embed\/QuZfcNMCsdc\" width=\"100%\" height=\"500\" frameborder=\"0\" allowfullscreen=\"allowfullscreen\"><\/iframe>\n<\/div>\n<\/div><\/div>\n<\/div>\n<\/div>\n<\/div>\n<\/div>\n<\/div>\n\n","protected":false},"excerpt":{"rendered":"","protected":false},"author":1,"featured_media":0,"parent":0,"menu_order":0,"comment_status":"closed","ping_status":"closed","template":"","meta":{"footnotes":""},"class_list":["post-17170","page","type-page","status-publish","hentry"],"yoast_head":"<!-- This site is optimized with the Yoast SEO plugin v27.3 - https:\/\/yoast.com\/product\/yoast-seo-wordpress\/ -->\n<title>Empresa - Juntas Illinois<\/title>\n<meta name=\"robots\" content=\"index, follow, max-snippet:-1, max-image-preview:large, max-video-preview:-1\" \/>\n<link rel=\"canonical\" href=\"https:\/\/juntasillinois.com\/?page_id=17170\" \/>\n<meta property=\"og:locale\" content=\"es_ES\" \/>\n<meta property=\"og:type\" content=\"article\" \/>\n<meta property=\"og:title\" content=\"Empresa - Juntas Illinois\" \/>\n<meta property=\"og:url\" content=\"https:\/\/juntasillinois.com\/?page_id=17170\" \/>\n<meta property=\"og:site_name\" content=\"Juntas Illinois\" \/>\n<meta property=\"article:publisher\" content=\"https:\/\/www.facebook.com\/juntasillinois\" \/>\n<meta property=\"article:modified_time\" content=\"2024-02-20T14:37:30+00:00\" \/>\n<meta name=\"twitter:card\" content=\"summary_large_image\" \/>\n<meta name=\"twitter:label1\" content=\"Tiempo de lectura\" \/>\n\t<meta name=\"twitter:data1\" content=\"5 minutos\" \/>\n<script type=\"application\/ld+json\" class=\"yoast-schema-graph\">{\"@context\":\"https:\\\/\\\/schema.org\",\"@graph\":[{\"@type\":\"WebPage\",\"@id\":\"https:\\\/\\\/juntasillinois.com\\\/?page_id=17170\",\"url\":\"https:\\\/\\\/juntasillinois.com\\\/?page_id=17170\",\"name\":\"Empresa - Juntas Illinois\",\"isPartOf\":{\"@id\":\"https:\\\/\\\/juntasillinois.com\\\/#website\"},\"datePublished\":\"2019-12-04T21:44:15+00:00\",\"dateModified\":\"2024-02-20T14:37:30+00:00\",\"breadcrumb\":{\"@id\":\"https:\\\/\\\/juntasillinois.com\\\/?page_id=17170#breadcrumb\"},\"inLanguage\":\"es-AR\",\"potentialAction\":[{\"@type\":\"ReadAction\",\"target\":[\"https:\\\/\\\/juntasillinois.com\\\/?page_id=17170\"]}]},{\"@type\":\"BreadcrumbList\",\"@id\":\"https:\\\/\\\/juntasillinois.com\\\/?page_id=17170#breadcrumb\",\"itemListElement\":[{\"@type\":\"ListItem\",\"position\":1,\"name\":\"Inicio\",\"item\":\"https:\\\/\\\/juntasillinois.com\\\/\"},{\"@type\":\"ListItem\",\"position\":2,\"name\":\"Empresa\"}]},{\"@type\":\"WebSite\",\"@id\":\"https:\\\/\\\/juntasillinois.com\\\/#website\",\"url\":\"https:\\\/\\\/juntasillinois.com\\\/\",\"name\":\"Juntas Illinois\",\"description\":\"Productos para el sellado del motor: l\u00edneas liviana, pesada, agr\u00edcola y competici\u00f3n. Consulta por Venta Mayorista o contactate con un Distribuidor oficial aqu\u00ed. Juntas Para motor. Solo ventas mayorista.\",\"publisher\":{\"@id\":\"https:\\\/\\\/juntasillinois.com\\\/#organization\"},\"potentialAction\":[{\"@type\":\"SearchAction\",\"target\":{\"@type\":\"EntryPoint\",\"urlTemplate\":\"https:\\\/\\\/juntasillinois.com\\\/?s={search_term_string}\"},\"query-input\":{\"@type\":\"PropertyValueSpecification\",\"valueRequired\":true,\"valueName\":\"search_term_string\"}}],\"inLanguage\":\"es-AR\"},{\"@type\":\"Organization\",\"@id\":\"https:\\\/\\\/juntasillinois.com\\\/#organization\",\"name\":\"Juntas Illinois\",\"url\":\"https:\\\/\\\/juntasillinois.com\\\/\",\"logo\":{\"@type\":\"ImageObject\",\"inLanguage\":\"es-AR\",\"@id\":\"https:\\\/\\\/juntasillinois.com\\\/#\\\/schema\\\/logo\\\/image\\\/\",\"url\":\"https:\\\/\\\/juntasillinois.com\\\/wp-content\\\/uploads\\\/2020\\\/03\\\/illinois-logo-movil.png\",\"contentUrl\":\"https:\\\/\\\/juntasillinois.com\\\/wp-content\\\/uploads\\\/2020\\\/03\\\/illinois-logo-movil.png\",\"width\":220,\"height\":55,\"caption\":\"Juntas Illinois\"},\"image\":{\"@id\":\"https:\\\/\\\/juntasillinois.com\\\/#\\\/schema\\\/logo\\\/image\\\/\"},\"sameAs\":[\"https:\\\/\\\/www.facebook.com\\\/juntasillinois\",\"https:\\\/\\\/www.instagram.com\\\/juntasillinois\\\/\",\"https:\\\/\\\/www.youtube.com\\\/user\\\/juntasillinois\"]}]}<\/script>\n<!-- \/ Yoast SEO plugin. -->","yoast_head_json":{"title":"Empresa - Juntas Illinois","robots":{"index":"index","follow":"follow","max-snippet":"max-snippet:-1","max-image-preview":"max-image-preview:large","max-video-preview":"max-video-preview:-1"},"canonical":"https:\/\/juntasillinois.com\/?page_id=17170","og_locale":"es_ES","og_type":"article","og_title":"Empresa - Juntas Illinois","og_url":"https:\/\/juntasillinois.com\/?page_id=17170","og_site_name":"Juntas Illinois","article_publisher":"https:\/\/www.facebook.com\/juntasillinois","article_modified_time":"2024-02-20T14:37:30+00:00","twitter_card":"summary_large_image","twitter_misc":{"Tiempo de lectura":"5 minutos"},"schema":{"@context":"https:\/\/schema.org","@graph":[{"@type":"WebPage","@id":"https:\/\/juntasillinois.com\/?page_id=17170","url":"https:\/\/juntasillinois.com\/?page_id=17170","name":"Empresa - Juntas Illinois","isPartOf":{"@id":"https:\/\/juntasillinois.com\/#website"},"datePublished":"2019-12-04T21:44:15+00:00","dateModified":"2024-02-20T14:37:30+00:00","breadcrumb":{"@id":"https:\/\/juntasillinois.com\/?page_id=17170#breadcrumb"},"inLanguage":"es-AR","potentialAction":[{"@type":"ReadAction","target":["https:\/\/juntasillinois.com\/?page_id=17170"]}]},{"@type":"BreadcrumbList","@id":"https:\/\/juntasillinois.com\/?page_id=17170#breadcrumb","itemListElement":[{"@type":"ListItem","position":1,"name":"Inicio","item":"https:\/\/juntasillinois.com\/"},{"@type":"ListItem","position":2,"name":"Empresa"}]},{"@type":"WebSite","@id":"https:\/\/juntasillinois.com\/#website","url":"https:\/\/juntasillinois.com\/","name":"Juntas Illinois","description":"Productos para el sellado del motor: l\u00edneas liviana, pesada, agr\u00edcola y competici\u00f3n. Consulta por Venta Mayorista o contactate con un Distribuidor oficial aqu\u00ed. Juntas Para motor. Solo ventas mayorista.","publisher":{"@id":"https:\/\/juntasillinois.com\/#organization"},"potentialAction":[{"@type":"SearchAction","target":{"@type":"EntryPoint","urlTemplate":"https:\/\/juntasillinois.com\/?s={search_term_string}"},"query-input":{"@type":"PropertyValueSpecification","valueRequired":true,"valueName":"search_term_string"}}],"inLanguage":"es-AR"},{"@type":"Organization","@id":"https:\/\/juntasillinois.com\/#organization","name":"Juntas Illinois","url":"https:\/\/juntasillinois.com\/","logo":{"@type":"ImageObject","inLanguage":"es-AR","@id":"https:\/\/juntasillinois.com\/#\/schema\/logo\/image\/","url":"https:\/\/juntasillinois.com\/wp-content\/uploads\/2020\/03\/illinois-logo-movil.png","contentUrl":"https:\/\/juntasillinois.com\/wp-content\/uploads\/2020\/03\/illinois-logo-movil.png","width":220,"height":55,"caption":"Juntas Illinois"},"image":{"@id":"https:\/\/juntasillinois.com\/#\/schema\/logo\/image\/"},"sameAs":["https:\/\/www.facebook.com\/juntasillinois","https:\/\/www.instagram.com\/juntasillinois\/","https:\/\/www.youtube.com\/user\/juntasillinois"]}]}},"_links":{"self":[{"href":"https:\/\/juntasillinois.com\/index.php?rest_route=\/wp\/v2\/pages\/17170","targetHints":{"allow":["GET"]}}],"collection":[{"href":"https:\/\/juntasillinois.com\/index.php?rest_route=\/wp\/v2\/pages"}],"about":[{"href":"https:\/\/juntasillinois.com\/index.php?rest_route=\/wp\/v2\/types\/page"}],"author":[{"embeddable":true,"href":"https:\/\/juntasillinois.com\/index.php?rest_route=\/wp\/v2\/users\/1"}],"replies":[{"embeddable":true,"href":"https:\/\/juntasillinois.com\/index.php?rest_route=%2Fwp%2Fv2%2Fcomments&post=17170"}],"version-history":[{"count":5,"href":"https:\/\/juntasillinois.com\/index.php?rest_route=\/wp\/v2\/pages\/17170\/revisions"}],"predecessor-version":[{"id":17964,"href":"https:\/\/juntasillinois.com\/index.php?rest_route=\/wp\/v2\/pages\/17170\/revisions\/17964"}],"wp:attachment":[{"href":"https:\/\/juntasillinois.com\/index.php?rest_route=%2Fwp%2Fv2%2Fmedia&parent=17170"}],"curies":[{"name":"wp","href":"https:\/\/api.w.org\/{rel}","templated":true}]}}