{"id":17274,"date":"2019-12-07T14:59:25","date_gmt":"2019-12-07T17:59:25","guid":{"rendered":"http:\/\/juntasillinois.com\/19web\/?page_id=17274"},"modified":"2026-03-03T09:40:40","modified_gmt":"2026-03-03T12:40:40","slug":"contacto","status":"publish","type":"page","link":"https:\/\/juntasillinois.com\/?page_id=17274","title":{"rendered":"Contacto"},"content":{"rendered":"<div id=\"cmsmasters_row_dynzowuw9l\" class=\"cmsmasters_row cmsmasters_color_scheme_default cmsmasters_row_top_default cmsmasters_row_bot_default cmsmasters_row_boxed\">\n<div class=\"cmsmasters_row_outer_parent\">\n<div class=\"cmsmasters_row_outer\">\n<div class=\"cmsmasters_row_inner\">\n<div class=\"cmsmasters_row_margin cmsmasters_row_columns_behavior\">\n<div id=\"cmsmasters_column_9z1vo5fg8n\" class=\"cmsmasters_column one_half\">\n<div class=\"cmsmasters_column_inner\"><div id=\"cmsmasters_heading_c0wgukpaeg\" class=\"cmsmasters_heading_wrap cmsmasters_heading_align_left\">\n\t<h2 class=\"cmsmasters_heading\">Datos de contacto<\/h2>\n<\/div>\n<div id=\"cmsmasters_divider_h53vqjg7mi\" class=\"cl\"><\/div>\n<\/div><\/div>\n<div id=\"cmsmasters_column_ropzoelre\" class=\"cmsmasters_column one_half\">\n<div class=\"cmsmasters_column_inner\"><\/div><\/div>\n<\/div>\n<\/div>\n<\/div>\n<\/div>\n<\/div>\n<div id=\"cmsmasters_row_zyx5jf3h8m\" class=\"cmsmasters_row cmsmasters_color_scheme_default cmsmasters_row_top_default cmsmasters_row_bot_default cmsmasters_row_boxed\">\n<div class=\"cmsmasters_row_outer_parent\">\n<div class=\"cmsmasters_row_outer\">\n<div class=\"cmsmasters_row_inner\">\n<div class=\"cmsmasters_row_margin\">\n<div id=\"cmsmasters_column_8pv2u42eif\" class=\"cmsmasters_column one_third\">\n<div class=\"cmsmasters_column_inner\"><div class=\"cmsmasters_text\">\n<p><strong>CASA MATRIZ<\/strong><br \/>\n<a href=\"https:\/\/www.google.com.ar\/maps\/place\/Juntas+Illinois\/@-32.8991476,-60.7239508,17z\/data=!3m1!4b1!4m5!3m4!1s0x95b7ab67790e1aa1:0x20c6b493a8067b24!8m2!3d-32.8991521!4d-60.7217621\" target=\"_blank\" rel=\"noopener noreferrer\">Juan Pablo II 2150 Bis<\/a><br \/>\n(Colectora Av. Circunvalaci\u00f3n)<br \/>\nS20006GZA &#8211; Rosario &#8211; Argentina<br \/>\nTel.: +54 341 528 6800 | +54 341 472 6500<br \/>\nWhatsApp: +549 341 2123234<br \/>\nFax directo: +54 341 472 6512<br \/>\nFax sin cargo: 0800-888-JUNTAS (586827)<br \/>\nEmail:\u00a0<a href=\"mailto:info@juntasillinois.com\" target=\"_blank\" rel=\"noopener noreferrer\">info@juntasillinois.com<\/a><\/p>\n<\/div>\n<div id=\"cmsmasters_divider_c2xif9r5m4\" class=\"cl\"><\/div>\n<div id=\"cmsmasters_button_sypqpblfzr\" class=\"button_wrap\"><a href=\"https:\/\/www.google.com.ar\/maps\/place\/Juntas+Illinois\/@-32.8991476,-60.7239508,17z\/data=!3m1!4b1!4m5!3m4!1s0x95b7ab67790e1aa1:0x20c6b493a8067b24!8m2!3d-32.8991521!4d-60.7217621\" class=\"cmsmasters_button cmsmasters_but_clear_styles cmsmasters_but_icon_hover_slide_bottom cmsmasters-icon-custom-map-pin\" target=\"_blank\"><span>Ver mapa<\/span><\/a><\/div>\n<\/div><\/div>\n<div id=\"cmsmasters_column_dmgia0wowg\" class=\"cmsmasters_column one_third\">\n<div class=\"cmsmasters_column_inner\"><div class=\"cmsmasters_text\">\n<p><strong>CENTRO DISTRIBUCI\u00d3N BS. AS.<\/strong><br \/>\n<a href=\"https:\/\/www.google.com\/maps\/place\/Bol%C3%ADvar+284,+B1704BKF+Ramos+Mej%C3%ADa,+Buenos+Aires\/@-34.6430764,-58.5657293,17z\/data=!3m1!4b1!4m5!3m4!1s0x95bcc7e5b0cfb3c7:0x70760004ad107ade!8m2!3d-34.6430808!4d-58.5635406\" target=\"_blank\" rel=\"noopener noreferrer\">Bol\u00edvar 284 \u00a0&#8211; <\/a>Ramos Mej\u00eda<br \/>\nPcia. De Bs. As. &#8211; (B1704BKF)<br \/>\nTel: (011) 15 6135-6288<br \/>\nWhatsApp: +549 11 6135 6288<br \/>\nEmail:\u00a0<a href=\"mailto:bsas@juntasillinois.com\" target=\"_blank\" rel=\"noopener noreferrer\">bsas@juntasillinois.com<\/a><\/p>\n<\/div>\n<div id=\"cmsmasters_divider_ne5sjvqurp\" class=\"cl\"><\/div>\n<div id=\"cmsmasters_button_i33m72u23l\" class=\"button_wrap\"><a href=\"https:\/\/www.google.com\/maps\/place\/Bol%C3%ADvar+284,+B1704BKF+Ramos+Mej%C3%ADa,+Buenos+Aires\/@-34.6430764,-58.5657293,17z\/data=!3m1!4b1!4m5!3m4!1s0x95bcc7e5b0cfb3c7:0x70760004ad107ade!8m2!3d-34.6430808!4d-58.5635406\" class=\"cmsmasters_button cmsmasters_but_clear_styles cmsmasters_but_icon_hover_slide_bottom cmsmasters-icon-custom-map-pin\" target=\"_blank\"><span>Ver mapa<\/span><\/a><\/div>\n<\/div><\/div>\n<div id=\"cmsmasters_column_mv0umpu9nk\" class=\"cmsmasters_column one_third\">\n<div class=\"cmsmasters_column_inner\"><div class=\"cmsmasters_text\">\n<p><strong>CENTRO DISTRIBUCI\u00d3N S\u00c3O PAULO<\/strong><br \/>\n<a href=\"https:\/\/www.google.com\/maps\/place\/R.+Francisco+Zanzini,+165+-+Vila+Endres,+Guarulhos+-+SP,+07041-250,+Brasil\/@-23.4860709,-46.5487417,17z\/data=!3m1!4b1!4m5!3m4!1s0x94ce5f85bd0f9c35:0xe95e5fec2f13f3d!8m2!3d-23.4860709!4d-46.546553\" target=\"_blank\" rel=\"noopener noreferrer\">R. Francisco Zanzini, 165 &#8211; Vila Endres<\/a><br \/>\nGuarulhos &#8211; SP, Brasil. CEP 07041-250<br \/>\nRepresentantes Comerciais:\u00a0<a title=\"Representantes Comerciais\" href=\"https:\/\/juntasillinois.com\/wp-content\/uploads\/2026\/03\/Representantes-Comerciais-Filial-Brasil-18-02-26.pdf\" target=\"_blank\" rel=\"noopener noreferrer\" data-wp-editing=\"1\"><img loading=\"lazy\" decoding=\"async\" class=\"alignnone\" src=\"https:\/\/juntasillinois.com\/wp-content\/uploads\/2020\/06\/icon-pdf.png\" alt=\"\" width=\"50\" height=\"34\" \/><\/a><br \/>\n<span lang=\"pt-BR\">Telefone: 011 4378-7136 \/ 011 4378-7153<br \/>\n<\/span><span lang=\"pt-BR\">WhatsApp Comercial: 011 94186-8746<br \/>\n<\/span>Email:\u00a0<a href=\"mailto:sp@juntasillinois.com\" target=\"_blank\" rel=\"noopener noreferrer\">sp@juntasillinois.com<\/a><\/p>\n<\/div>\n<div id=\"cmsmasters_divider_hruc0ozqrm\" class=\"cl\"><\/div>\n<div id=\"cmsmasters_button_qc9l20lvhn\" class=\"button_wrap\"><a href=\"https:\/\/www.google.com\/maps\/place\/R.+Francisco+Zanzini,+165+-+Vila+Endres,+Guarulhos+-+SP,+07041-250,+Brasil\/@-23.4860709,-46.5487417,17z\/data=!3m1!4b1!4m5!3m4!1s0x94ce5f85bd0f9c35:0xe95e5fec2f13f3d!8m2!3d-23.4860709!4d-46.546553\" class=\"cmsmasters_button cmsmasters_but_clear_styles cmsmasters_but_icon_hover_slide_bottom cmsmasters-icon-custom-map-pin\" target=\"_blank\"><span>Ver mapa<\/span><\/a><\/div>\n<\/div><\/div>\n<\/div>\n<\/div>\n<\/div>\n<\/div>\n<\/div>\n<div id=\"cmsmasters_row_z2ihrajn1h\" class=\"cmsmasters_row cmsmasters_color_scheme_default cmsmasters_row_top_default cmsmasters_row_bot_default cmsmasters_row_boxed\">\n<div class=\"cmsmasters_row_outer_parent\">\n<div class=\"cmsmasters_row_outer\">\n<div class=\"cmsmasters_row_inner\">\n<div class=\"cmsmasters_row_margin\">\n<div id=\"cmsmasters_column_3ar08pmz0r\" class=\"cmsmasters_column one_half\">\n<div class=\"cmsmasters_column_inner\"><div class=\"cmsmasters_text\">\n<p>Si desea contactarse v\u00eda e-mail, dirija<br \/>\nsu consulta al departamento correspondiente:<\/p>\n<p><em><strong><a href=\"mailto:marketing@juntasillinois.com\" target=\"_blank\" rel=\"noopener noreferrer\">marketing@juntasillinois.com<\/a><\/strong><\/em><br \/>\n<em><strong><a href=\"mailto:ventas@juntasillinois.com\" target=\"_blank\" rel=\"noopener noreferrer\">ventas@juntasillinois.com<\/a><\/strong><\/em><br \/>\n<em><strong><a href=\"mailto:exposales@juntasillinois.com\" target=\"_blank\" rel=\"noopener noreferrer\">exposales@juntasillinois.com<\/a><\/strong><\/em><br \/>\n<em><strong><a href=\"mailto:administracion@juntasillinois.com\" target=\"_blank\" rel=\"noopener noreferrer\">administracion@juntasillinois.com<\/a><\/strong><\/em><br \/>\n<em><strong><a href=\"mailto:ingenieria@juntasillinois.com\" target=\"_blank\" rel=\"noopener noreferrer\">ingenieria@juntasillinois.com<\/a><\/strong><\/em><br \/>\n<a href=\"mailto:sac@juntasillinois.com\">sac@juntasillinois.com<\/a><\/p>\n<\/div>\n<\/div><\/div>\n<div id=\"cmsmasters_column_zbfa7nq7a\" class=\"cmsmasters_column one_half\">\n<div class=\"cmsmasters_column_inner\"><div class=\"cmsmasters_img  cmsmasters_image_n\"><img decoding=\"async\" src=\"https:\/\/juntasillinois.com\/wp-content\/uploads\/2019\/12\/contacto.jpg\" \/><\/div>\n<\/div><\/div>\n<\/div>\n<\/div>\n<\/div>\n<\/div>\n<\/div>\n\n","protected":false},"excerpt":{"rendered":"","protected":false},"author":1,"featured_media":0,"parent":0,"menu_order":0,"comment_status":"closed","ping_status":"closed","template":"","meta":{"footnotes":""},"class_list":["post-17274","page","type-page","status-publish","hentry"],"yoast_head":"<!-- This site is optimized with the Yoast SEO plugin v27.3 - https:\/\/yoast.com\/product\/yoast-seo-wordpress\/ -->\n<title>Contacto - Juntas Illinois<\/title>\n<meta name=\"robots\" content=\"index, follow, max-snippet:-1, max-image-preview:large, max-video-preview:-1\" \/>\n<link rel=\"canonical\" href=\"https:\/\/juntasillinois.com\/?page_id=17274\" \/>\n<meta property=\"og:locale\" content=\"es_ES\" \/>\n<meta property=\"og:type\" content=\"article\" \/>\n<meta property=\"og:title\" content=\"Contacto - Juntas Illinois\" \/>\n<meta property=\"og:url\" content=\"https:\/\/juntasillinois.com\/?page_id=17274\" \/>\n<meta property=\"og:site_name\" content=\"Juntas Illinois\" \/>\n<meta property=\"article:publisher\" content=\"https:\/\/www.facebook.com\/juntasillinois\" \/>\n<meta property=\"article:modified_time\" content=\"2026-03-03T12:40:40+00:00\" \/>\n<meta property=\"og:image\" content=\"https:\/\/juntasillinois.com\/wp-content\/uploads\/2020\/06\/icon-pdf.png\" \/>\n<meta name=\"twitter:card\" content=\"summary_large_image\" \/>\n<meta name=\"twitter:label1\" content=\"Tiempo de lectura\" \/>\n\t<meta name=\"twitter:data1\" content=\"2 minutos\" \/>\n<script type=\"application\/ld+json\" class=\"yoast-schema-graph\">{\"@context\":\"https:\\\/\\\/schema.org\",\"@graph\":[{\"@type\":\"WebPage\",\"@id\":\"https:\\\/\\\/juntasillinois.com\\\/?page_id=17274\",\"url\":\"https:\\\/\\\/juntasillinois.com\\\/?page_id=17274\",\"name\":\"Contacto - Juntas Illinois\",\"isPartOf\":{\"@id\":\"https:\\\/\\\/juntasillinois.com\\\/#website\"},\"primaryImageOfPage\":{\"@id\":\"https:\\\/\\\/juntasillinois.com\\\/?page_id=17274#primaryimage\"},\"image\":{\"@id\":\"https:\\\/\\\/juntasillinois.com\\\/?page_id=17274#primaryimage\"},\"thumbnailUrl\":\"https:\\\/\\\/juntasillinois.com\\\/wp-content\\\/uploads\\\/2020\\\/06\\\/icon-pdf.png\",\"datePublished\":\"2019-12-07T17:59:25+00:00\",\"dateModified\":\"2026-03-03T12:40:40+00:00\",\"breadcrumb\":{\"@id\":\"https:\\\/\\\/juntasillinois.com\\\/?page_id=17274#breadcrumb\"},\"inLanguage\":\"es-AR\",\"potentialAction\":[{\"@type\":\"ReadAction\",\"target\":[\"https:\\\/\\\/juntasillinois.com\\\/?page_id=17274\"]}]},{\"@type\":\"ImageObject\",\"inLanguage\":\"es-AR\",\"@id\":\"https:\\\/\\\/juntasillinois.com\\\/?page_id=17274#primaryimage\",\"url\":\"https:\\\/\\\/juntasillinois.com\\\/wp-content\\\/uploads\\\/2020\\\/06\\\/icon-pdf.png\",\"contentUrl\":\"https:\\\/\\\/juntasillinois.com\\\/wp-content\\\/uploads\\\/2020\\\/06\\\/icon-pdf.png\",\"width\":100,\"height\":68},{\"@type\":\"BreadcrumbList\",\"@id\":\"https:\\\/\\\/juntasillinois.com\\\/?page_id=17274#breadcrumb\",\"itemListElement\":[{\"@type\":\"ListItem\",\"position\":1,\"name\":\"Inicio\",\"item\":\"https:\\\/\\\/juntasillinois.com\\\/\"},{\"@type\":\"ListItem\",\"position\":2,\"name\":\"Contacto\"}]},{\"@type\":\"WebSite\",\"@id\":\"https:\\\/\\\/juntasillinois.com\\\/#website\",\"url\":\"https:\\\/\\\/juntasillinois.com\\\/\",\"name\":\"Juntas Illinois\",\"description\":\"Productos para el sellado del motor: l\u00edneas liviana, pesada, agr\u00edcola y competici\u00f3n. Consulta por Venta Mayorista o contactate con un Distribuidor oficial aqu\u00ed. Juntas Para motor. Solo ventas mayorista.\",\"publisher\":{\"@id\":\"https:\\\/\\\/juntasillinois.com\\\/#organization\"},\"potentialAction\":[{\"@type\":\"SearchAction\",\"target\":{\"@type\":\"EntryPoint\",\"urlTemplate\":\"https:\\\/\\\/juntasillinois.com\\\/?s={search_term_string}\"},\"query-input\":{\"@type\":\"PropertyValueSpecification\",\"valueRequired\":true,\"valueName\":\"search_term_string\"}}],\"inLanguage\":\"es-AR\"},{\"@type\":\"Organization\",\"@id\":\"https:\\\/\\\/juntasillinois.com\\\/#organization\",\"name\":\"Juntas Illinois\",\"url\":\"https:\\\/\\\/juntasillinois.com\\\/\",\"logo\":{\"@type\":\"ImageObject\",\"inLanguage\":\"es-AR\",\"@id\":\"https:\\\/\\\/juntasillinois.com\\\/#\\\/schema\\\/logo\\\/image\\\/\",\"url\":\"https:\\\/\\\/juntasillinois.com\\\/wp-content\\\/uploads\\\/2020\\\/03\\\/illinois-logo-movil.png\",\"contentUrl\":\"https:\\\/\\\/juntasillinois.com\\\/wp-content\\\/uploads\\\/2020\\\/03\\\/illinois-logo-movil.png\",\"width\":220,\"height\":55,\"caption\":\"Juntas Illinois\"},\"image\":{\"@id\":\"https:\\\/\\\/juntasillinois.com\\\/#\\\/schema\\\/logo\\\/image\\\/\"},\"sameAs\":[\"https:\\\/\\\/www.facebook.com\\\/juntasillinois\",\"https:\\\/\\\/www.instagram.com\\\/juntasillinois\\\/\",\"https:\\\/\\\/www.youtube.com\\\/user\\\/juntasillinois\"]}]}<\/script>\n<!-- \/ Yoast SEO plugin. -->","yoast_head_json":{"title":"Contacto - Juntas Illinois","robots":{"index":"index","follow":"follow","max-snippet":"max-snippet:-1","max-image-preview":"max-image-preview:large","max-video-preview":"max-video-preview:-1"},"canonical":"https:\/\/juntasillinois.com\/?page_id=17274","og_locale":"es_ES","og_type":"article","og_title":"Contacto - Juntas Illinois","og_url":"https:\/\/juntasillinois.com\/?page_id=17274","og_site_name":"Juntas Illinois","article_publisher":"https:\/\/www.facebook.com\/juntasillinois","article_modified_time":"2026-03-03T12:40:40+00:00","og_image":[{"url":"https:\/\/juntasillinois.com\/wp-content\/uploads\/2020\/06\/icon-pdf.png","type":"","width":"","height":""}],"twitter_card":"summary_large_image","twitter_misc":{"Tiempo de lectura":"2 minutos"},"schema":{"@context":"https:\/\/schema.org","@graph":[{"@type":"WebPage","@id":"https:\/\/juntasillinois.com\/?page_id=17274","url":"https:\/\/juntasillinois.com\/?page_id=17274","name":"Contacto - Juntas Illinois","isPartOf":{"@id":"https:\/\/juntasillinois.com\/#website"},"primaryImageOfPage":{"@id":"https:\/\/juntasillinois.com\/?page_id=17274#primaryimage"},"image":{"@id":"https:\/\/juntasillinois.com\/?page_id=17274#primaryimage"},"thumbnailUrl":"https:\/\/juntasillinois.com\/wp-content\/uploads\/2020\/06\/icon-pdf.png","datePublished":"2019-12-07T17:59:25+00:00","dateModified":"2026-03-03T12:40:40+00:00","breadcrumb":{"@id":"https:\/\/juntasillinois.com\/?page_id=17274#breadcrumb"},"inLanguage":"es-AR","potentialAction":[{"@type":"ReadAction","target":["https:\/\/juntasillinois.com\/?page_id=17274"]}]},{"@type":"ImageObject","inLanguage":"es-AR","@id":"https:\/\/juntasillinois.com\/?page_id=17274#primaryimage","url":"https:\/\/juntasillinois.com\/wp-content\/uploads\/2020\/06\/icon-pdf.png","contentUrl":"https:\/\/juntasillinois.com\/wp-content\/uploads\/2020\/06\/icon-pdf.png","width":100,"height":68},{"@type":"BreadcrumbList","@id":"https:\/\/juntasillinois.com\/?page_id=17274#breadcrumb","itemListElement":[{"@type":"ListItem","position":1,"name":"Inicio","item":"https:\/\/juntasillinois.com\/"},{"@type":"ListItem","position":2,"name":"Contacto"}]},{"@type":"WebSite","@id":"https:\/\/juntasillinois.com\/#website","url":"https:\/\/juntasillinois.com\/","name":"Juntas Illinois","description":"Productos para el sellado del motor: l\u00edneas liviana, pesada, agr\u00edcola y competici\u00f3n. Consulta por Venta Mayorista o contactate con un Distribuidor oficial aqu\u00ed. Juntas Para motor. Solo ventas mayorista.","publisher":{"@id":"https:\/\/juntasillinois.com\/#organization"},"potentialAction":[{"@type":"SearchAction","target":{"@type":"EntryPoint","urlTemplate":"https:\/\/juntasillinois.com\/?s={search_term_string}"},"query-input":{"@type":"PropertyValueSpecification","valueRequired":true,"valueName":"search_term_string"}}],"inLanguage":"es-AR"},{"@type":"Organization","@id":"https:\/\/juntasillinois.com\/#organization","name":"Juntas Illinois","url":"https:\/\/juntasillinois.com\/","logo":{"@type":"ImageObject","inLanguage":"es-AR","@id":"https:\/\/juntasillinois.com\/#\/schema\/logo\/image\/","url":"https:\/\/juntasillinois.com\/wp-content\/uploads\/2020\/03\/illinois-logo-movil.png","contentUrl":"https:\/\/juntasillinois.com\/wp-content\/uploads\/2020\/03\/illinois-logo-movil.png","width":220,"height":55,"caption":"Juntas Illinois"},"image":{"@id":"https:\/\/juntasillinois.com\/#\/schema\/logo\/image\/"},"sameAs":["https:\/\/www.facebook.com\/juntasillinois","https:\/\/www.instagram.com\/juntasillinois\/","https:\/\/www.youtube.com\/user\/juntasillinois"]}]}},"_links":{"self":[{"href":"https:\/\/juntasillinois.com\/index.php?rest_route=\/wp\/v2\/pages\/17274","targetHints":{"allow":["GET"]}}],"collection":[{"href":"https:\/\/juntasillinois.com\/index.php?rest_route=\/wp\/v2\/pages"}],"about":[{"href":"https:\/\/juntasillinois.com\/index.php?rest_route=\/wp\/v2\/types\/page"}],"author":[{"embeddable":true,"href":"https:\/\/juntasillinois.com\/index.php?rest_route=\/wp\/v2\/users\/1"}],"replies":[{"embeddable":true,"href":"https:\/\/juntasillinois.com\/index.php?rest_route=%2Fwp%2Fv2%2Fcomments&post=17274"}],"version-history":[{"count":23,"href":"https:\/\/juntasillinois.com\/index.php?rest_route=\/wp\/v2\/pages\/17274\/revisions"}],"predecessor-version":[{"id":18068,"href":"https:\/\/juntasillinois.com\/index.php?rest_route=\/wp\/v2\/pages\/17274\/revisions\/18068"}],"wp:attachment":[{"href":"https:\/\/juntasillinois.com\/index.php?rest_route=%2Fwp%2Fv2%2Fmedia&parent=17274"}],"curies":[{"name":"wp","href":"https:\/\/api.w.org\/{rel}","templated":true}]}}