{"id":17290,"date":"2019-12-10T10:07:25","date_gmt":"2019-12-10T13:07:25","guid":{"rendered":"http:\/\/juntasillinois.com\/19web\/?page_id=17290"},"modified":"2024-02-20T11:06:19","modified_gmt":"2024-02-20T14:06:19","slug":"tornillos","status":"publish","type":"page","link":"https:\/\/juntasillinois.com\/?page_id=17290","title":{"rendered":"Tornillos"},"content":{"rendered":"<div id=\"cmsmasters_row_fldf2oyx4j\" class=\"cmsmasters_row cmsmasters_color_scheme_default cmsmasters_row_top_default cmsmasters_row_bot_default cmsmasters_row_fullwidth\">\n<div class=\"cmsmasters_row_outer_parent\">\n<div class=\"cmsmasters_row_outer\">\n<div class=\"cmsmasters_row_inner cmsmasters_row_fullwidth cmsmasters_row_no_margin\">\n<div class=\"cmsmasters_row_margin\">\n<div id=\"cmsmasters_column_ukna2twams\" class=\"cmsmasters_column one_half\">\n<div class=\"cmsmasters_column_inner\"><div class=\"cmsmasters_img  cmsmasters_image_n\"><img decoding=\"async\" src=\"https:\/\/juntasillinois.com\/wp-content\/uploads\/2019\/12\/tornillos.jpg\" \/><\/div>\n<\/div><\/div>\n<div id=\"cmsmasters_column_9mrce86v7u\" class=\"cmsmasters_column one_half\">\n<div class=\"cmsmasters_column_inner\"><div id=\"cmsmasters_heading_ql4skhj0hi\" class=\"cmsmasters_heading_wrap cmsmasters_heading_align_left\">\n\t<h2 class=\"cmsmasters_heading\">Tornillos Illinois, la reparaci\u00f3n profesional<\/h2>\n<\/div><div class=\"cmsmasters_text listas\">\n<div class=\"listas\">\n<h3><b>Para un correcto apriete,\u00a0reemplace siempre los tornillos de culata de cilindros.<\/b><\/h3>\n<div class=\"col-xs-12 col-sm-4 col-md-4 col-lg-4\">\n<p>Los tornillos de uni\u00f3n de block y culata deben ser reemplazados sistem\u00e1ticamente despu\u00e9s de cada desmontaje. Las exigencias de apriete de\u00a0los nuevos conceptos de motor, requieren que los tornillos de culata trabajen sobre la \u201czona pl\u00e1stica&#8221;. La fuerza y tracci\u00f3n ejercida en esta secci\u00f3n sumado a la elongaci\u00f3n t\u00e9rmica, modifican la estructura original y las propiedades del producto.<\/p>\n<p><b>\u00bfPorqu\u00e9 no se deben reutilizar los tornillos?<\/b><\/p>\n<p><b>En el apriete por Kg.<\/b>\u00a0la fuerza ejercida sobre el tornillo se encuentra dentro de los l\u00edmites el\u00e1sticos del producto; esto significa que cuando uno retira la fuerza aplicada, el tornillo vuelve a su longitud inicial.\u00a0En este caso los tornillos no sufren deformaciones (elongaciones), y por tanto podr\u00edan ser reutilizados.<\/p>\n<\/div>\n<div class=\"col-xs-12 col-sm-4 col-md-4 col-lg-4\">\n<p><b>En el m\u00e9todo angular,<\/b>\u00a0los tornillos son sometidos a exigencias que conllevan a deformaciones pl\u00e1sticas (trabajo en la &#8220;zona pl\u00e1stica&#8221;), y a su vez, el r\u00e9gimen variable de temperaturas de los motores ampl\u00eda los valores de elongaci\u00f3n t\u00e9rmica.<\/p>\n<p>El estiramiento de la zona pl\u00e1stica es acumulativo. Cuando se trabaja sobre esta secci\u00f3n,\u00a0<b>el tornillo pierde memoria de su longitud inicial<\/b>\u00a0al ser retirada la fuerza para el desmontaje, lo que imposibilita su reutilizaci\u00f3n debido a que la capacidad de apriete no corresponde a los requerimientos necesarios para conseguir una correcta uni\u00f3n block-culata.\u00a0<b>Solamente se puede garantizar la adecuada reparaci\u00f3n del motor si se utiliza tornillos nuevos.<\/b><\/p>\n<p><b>Usted pondr\u00eda en riesgo el \u00e9xito de la reparaci\u00f3n?\u00a0<\/b><\/p>\n<p>Los estrictos controles de calidad de ILLINOIS, garantizan la seguridad funcional de los tornillos de acuerdo a las especificaciones t\u00e9cnicas de cada tipo de motor.<\/p>\n<\/div>\n<\/div>\n<\/div>\n<div id=\"cmsmasters_divider_sla2kcavj\" class=\"cmsmasters_divider cmsmasters_divider_width_short cmsmasters_divider_pos_center\"><\/div>\n<div id=\"cmsmasters_button_18ub1dbhuc\" class=\"button_wrap\"><a href=\"https:\/\/juntasillinois.com\/wp-content\/uploads\/2024\/02\/1495119843_Tornillos_ESP_web.pdf\" class=\"cmsmasters_button cmsmasters_but_clear_styles cmsmasters_but_bg_hover cmsmasters-icon-custom-download botones\" target=\"_blank\"><span>Descargar PDF<\/span><\/a><\/div>\n\n<div id=\"cmsmasters_divider_d9n14zgceh\" class=\"cl\"><\/div>\n<div id=\"cmsmasters_button_5mm631iuc\" class=\"button_wrap\"><a href=\"https:\/\/www.youtube.com\/watch?v=PXuRj_HHpck\" class=\"cmsmasters_button cmsmasters_but_clear_styles cmsmasters_but_bg_hover cmsmasters-icon-youtube-play sg-popup-id-17484\" target=\"_blank\"><span>Ver video<\/span><\/a><\/div>\n<\/div><\/div>\n<\/div>\n<\/div>\n<\/div>\n<\/div>\n<\/div>\n<div id=\"cmsmasters_row_m9spu3l3re\" class=\"cmsmasters_row cmsmasters_color_scheme_default cmsmasters_row_top_default cmsmasters_row_bot_default cmsmasters_row_boxed\">\n<div class=\"cmsmasters_row_outer_parent\">\n<div class=\"cmsmasters_row_outer\">\n<div class=\"cmsmasters_row_inner\">\n<div class=\"cmsmasters_row_margin\">\n<div id=\"cmsmasters_column_xx6970df3k\" class=\"cmsmasters_column one_third\">\n<div class=\"cmsmasters_column_inner\"><div id=\"cmsmasters_heading_pysepgku\" class=\"cmsmasters_heading_wrap cmsmasters_heading_align_left\">\n\t<h2 class=\"cmsmasters_heading\">Medici\u00f3n de tornillos<\/h2>\n<\/div>\n<\/div><\/div>\n<div id=\"cmsmasters_column_2rymsu53op\" class=\"cmsmasters_column one_third\">\n<div class=\"cmsmasters_column_inner\"><div class=\"cmsmasters_img  cmsmasters_image_n\"><img decoding=\"async\" src=\"https:\/\/juntasillinois.com\/wp-content\/uploads\/2020\/02\/ejemplo-medicion.png\" \/><\/div>\n<\/div><\/div>\n<div id=\"cmsmasters_column_i13xj8thxh\" class=\"cmsmasters_column one_third\">\n<div class=\"cmsmasters_column_inner\"><\/div><\/div>\n<\/div>\n<\/div>\n<\/div>\n<\/div>\n<\/div>\n<div id=\"cmsmasters_row_x10ljoskz\" class=\"cmsmasters_row cmsmasters_color_scheme_default cmsmasters_row_top_default cmsmasters_row_bot_default cmsmasters_row_boxed\">\n<div class=\"cmsmasters_row_outer_parent\">\n<div class=\"cmsmasters_row_outer\">\n<div class=\"cmsmasters_row_inner\">\n<div class=\"cmsmasters_row_margin\">\n<div id=\"cmsmasters_column_dv0547xfx\" class=\"cmsmasters_column one_third\">\n<div class=\"cmsmasters_column_inner\"><div class=\"cmsmasters_img  cmsmasters_image_n\"><img decoding=\"async\" src=\"https:\/\/juntasillinois.com\/wp-content\/uploads\/2020\/02\/medicion-1.png\" \/><\/div>\n<\/div><\/div>\n<div id=\"cmsmasters_column_w4n0kkhtib\" class=\"cmsmasters_column one_third\">\n<div class=\"cmsmasters_column_inner\"><div class=\"cmsmasters_img  cmsmasters_image_n\"><img decoding=\"async\" src=\"https:\/\/juntasillinois.com\/wp-content\/uploads\/2020\/02\/medicion-2.png\" \/><\/div>\n<\/div><\/div>\n<div id=\"cmsmasters_column_pjkt1bquwi\" class=\"cmsmasters_column one_third\">\n<div class=\"cmsmasters_column_inner\"><div class=\"cmsmasters_img  cmsmasters_image_n\"><img decoding=\"async\" src=\"https:\/\/juntasillinois.com\/wp-content\/uploads\/2020\/02\/medicion-3.png\" \/><\/div>\n<\/div><\/div>\n<\/div>\n<\/div>\n<\/div>\n<\/div>\n<\/div>\n<div id=\"cmsmasters_row_tl4usjwws5\" class=\"cmsmasters_row cmsmasters_color_scheme_default cmsmasters_row_top_default cmsmasters_row_bot_default cmsmasters_row_boxed\">\n<div class=\"cmsmasters_row_outer_parent\">\n<div class=\"cmsmasters_row_outer\">\n<div class=\"cmsmasters_row_inner\">\n<div class=\"cmsmasters_row_margin\">\n<div id=\"cmsmasters_column_zzzvw167yo\" class=\"cmsmasters_column one_half\">\n<div class=\"cmsmasters_column_inner\"><div id=\"cmsmasters_heading_t7gsdpecmj\" class=\"cmsmasters_heading_wrap cmsmasters_heading_align_left\">\n\t<h2 class=\"cmsmasters_heading\">Tipo de cabezas<\/h2>\n<\/div>\n<\/div><\/div>\n<div id=\"cmsmasters_column_76uv9od2sr\" class=\"cmsmasters_column one_half\">\n<div class=\"cmsmasters_column_inner\"><\/div><\/div>\n<\/div>\n<\/div>\n<\/div>\n<\/div>\n<\/div>\n<div id=\"cmsmasters_row_mgujwaelii\" class=\"cmsmasters_row cmsmasters_color_scheme_default cmsmasters_row_top_default cmsmasters_row_bot_default cmsmasters_row_boxed\">\n<div class=\"cmsmasters_row_outer_parent\">\n<div class=\"cmsmasters_row_outer\">\n<div class=\"cmsmasters_row_inner\">\n<div class=\"cmsmasters_row_margin\">\n<div id=\"cmsmasters_column_tun8wkyf38\" class=\"cmsmasters_column one_fourth\">\n<div class=\"cmsmasters_column_inner\"><div class=\"cmsmasters_img  cmsmasters_image_n\"><img decoding=\"async\" src=\"https:\/\/juntasillinois.com\/wp-content\/uploads\/2019\/12\/tornillos-1.jpg\" \/><\/div>\n<\/div><\/div>\n<div id=\"cmsmasters_column_4i9jcpcmbv\" class=\"cmsmasters_column one_fourth\">\n<div class=\"cmsmasters_column_inner\"><div class=\"cmsmasters_img  cmsmasters_image_n\"><img decoding=\"async\" src=\"https:\/\/juntasillinois.com\/wp-content\/uploads\/2019\/12\/tornillos-2-1.jpg\" \/><\/div>\n<\/div><\/div>\n<div id=\"cmsmasters_column_meny5nem4\" class=\"cmsmasters_column one_fourth\">\n<div class=\"cmsmasters_column_inner\"><div class=\"cmsmasters_img  cmsmasters_image_n\"><img decoding=\"async\" src=\"https:\/\/juntasillinois.com\/wp-content\/uploads\/2019\/12\/tornillos-3-1.jpg\" \/><\/div>\n<\/div><\/div>\n<div id=\"cmsmasters_column_fdedd2ulg\" class=\"cmsmasters_column one_fourth\">\n<div class=\"cmsmasters_column_inner\"><div class=\"cmsmasters_img  cmsmasters_image_n\"><img decoding=\"async\" src=\"https:\/\/juntasillinois.com\/wp-content\/uploads\/2019\/12\/tornillos-4-1.jpg\" \/><\/div>\n<\/div><\/div>\n<\/div>\n<\/div>\n<\/div>\n<\/div>\n<\/div>\n<div id=\"cmsmasters_row_leankuiwh3\" class=\"cmsmasters_row cmsmasters_color_scheme_default cmsmasters_row_top_default cmsmasters_row_bot_default cmsmasters_row_boxed\">\n<div class=\"cmsmasters_row_outer_parent\">\n<div class=\"cmsmasters_row_outer\">\n<div class=\"cmsmasters_row_inner cmsmasters_row_no_margin\">\n<div class=\"cmsmasters_row_margin\">\n<div id=\"cmsmasters_column_43u7y83sah\" class=\"cmsmasters_column one_half\">\n<div class=\"cmsmasters_column_inner\"><div class=\"cmsmasters_img  cmsmasters_image_n\"><img decoding=\"async\" src=\"https:\/\/juntasillinois.com\/wp-content\/uploads\/2020\/03\/caja-de-tornillos-illinois-1.png\" \/><\/div>\n<\/div><\/div>\n<div id=\"cmsmasters_column_v3sopi8c7r\" class=\"cmsmasters_column one_half\">\n<div class=\"cmsmasters_column_inner\"><div id=\"cmsmasters_heading_xzqet6xwtf\" class=\"cmsmasters_heading_wrap cmsmasters_heading_align_left\">\n\t<h2 class=\"cmsmasters_heading\">ELONGACI\u00d3N DE TORNILLOS EN LA ZONA PL\u00c1STICA<\/h2>\n<\/div><div class=\"cmsmasters_img  cmsmasters_image_n\"><img decoding=\"async\" src=\"https:\/\/juntasillinois.com\/wp-content\/uploads\/2020\/03\/Elongacion-de-tornillos-2.png\" \/><\/div>\n<\/div><\/div>\n<\/div>\n<\/div>\n<\/div>\n<\/div>\n<\/div>\n<div id=\"cmsmasters_row_ameba8mbut\" class=\"cmsmasters_row cmsmasters_color_scheme_default cmsmasters_row_top_default cmsmasters_row_bot_default cmsmasters_row_boxed\">\n<div class=\"cmsmasters_row_outer_parent\">\n<div class=\"cmsmasters_row_outer\">\n<div class=\"cmsmasters_row_inner\">\n<div class=\"cmsmasters_row_margin\">\n<div id=\"cmsmasters_column_pnbn1nfova\" class=\"cmsmasters_column one_half\">\n<div class=\"cmsmasters_column_inner\"><div id=\"cmsmasters_heading_cd06j0a5vd\" class=\"cmsmasters_heading_wrap cmsmasters_heading_align_left\">\n\t<h2 class=\"cmsmasters_heading\">Recuerde!!!<\/h2>\n<\/div><div class=\"cmsmasters_text\">\n<p>En aprietes angulares es imprescindible cambiar los tornillos cada vez que se abra el motor.<br \/>\nLas consecuencias de no cambiar los tornillos de Tapa de Cilindros son m\u00e1s costosas que reemplazarlos.<\/p>\n<\/div>\n<\/div><\/div>\n<div id=\"cmsmasters_column_qgj9ppzg4\" class=\"cmsmasters_column one_half\">\n<div class=\"cmsmasters_column_inner\"><div id=\"cmsmasters_heading_2m2ffl51ac\" class=\"cmsmasters_heading_wrap cmsmasters_heading_align_left\">\n\t<h2 class=\"cmsmasters_heading\">IMPORTANTE!!!<\/h2>\n<\/div><div class=\"cmsmasters_text\">\n<p>Siga atentamente las recomendaciones de los informes que acompa\u00f1an a cada uno de nuestros productos, ya que la evoluci\u00f3n de los motores, materiales y tecnolog\u00edas han hecho que ciertos procedimientos y algunas pr\u00e1cticas de costumbre queden fuera de lugar y no sean v\u00e1lidas en la actualidad.<\/p>\n<\/div>\n<\/div><\/div>\n<\/div>\n<\/div>\n<\/div>\n<\/div>\n<\/div>\n\n","protected":false},"excerpt":{"rendered":"","protected":false},"author":1,"featured_media":0,"parent":0,"menu_order":0,"comment_status":"closed","ping_status":"closed","template":"","meta":{"footnotes":""},"class_list":["post-17290","page","type-page","status-publish","hentry"],"yoast_head":"<!-- This site is optimized with the Yoast SEO plugin v27.3 - https:\/\/yoast.com\/product\/yoast-seo-wordpress\/ -->\n<title>Tornillos - Juntas Illinois<\/title>\n<meta name=\"robots\" content=\"index, follow, max-snippet:-1, max-image-preview:large, max-video-preview:-1\" \/>\n<link rel=\"canonical\" href=\"https:\/\/juntasillinois.com\/?page_id=17290\" \/>\n<meta property=\"og:locale\" content=\"es_ES\" \/>\n<meta property=\"og:type\" content=\"article\" \/>\n<meta property=\"og:title\" content=\"Tornillos - Juntas Illinois\" \/>\n<meta property=\"og:url\" content=\"https:\/\/juntasillinois.com\/?page_id=17290\" \/>\n<meta property=\"og:site_name\" content=\"Juntas Illinois\" \/>\n<meta property=\"article:publisher\" content=\"https:\/\/www.facebook.com\/juntasillinois\" \/>\n<meta property=\"article:modified_time\" content=\"2024-02-20T14:06:19+00:00\" \/>\n<meta name=\"twitter:card\" content=\"summary_large_image\" \/>\n<meta name=\"twitter:label1\" content=\"Tiempo de lectura\" \/>\n\t<meta name=\"twitter:data1\" content=\"4 minutos\" \/>\n<script type=\"application\/ld+json\" class=\"yoast-schema-graph\">{\"@context\":\"https:\\\/\\\/schema.org\",\"@graph\":[{\"@type\":\"WebPage\",\"@id\":\"https:\\\/\\\/juntasillinois.com\\\/?page_id=17290\",\"url\":\"https:\\\/\\\/juntasillinois.com\\\/?page_id=17290\",\"name\":\"Tornillos - Juntas Illinois\",\"isPartOf\":{\"@id\":\"https:\\\/\\\/juntasillinois.com\\\/#website\"},\"datePublished\":\"2019-12-10T13:07:25+00:00\",\"dateModified\":\"2024-02-20T14:06:19+00:00\",\"breadcrumb\":{\"@id\":\"https:\\\/\\\/juntasillinois.com\\\/?page_id=17290#breadcrumb\"},\"inLanguage\":\"es-AR\",\"potentialAction\":[{\"@type\":\"ReadAction\",\"target\":[\"https:\\\/\\\/juntasillinois.com\\\/?page_id=17290\"]}]},{\"@type\":\"BreadcrumbList\",\"@id\":\"https:\\\/\\\/juntasillinois.com\\\/?page_id=17290#breadcrumb\",\"itemListElement\":[{\"@type\":\"ListItem\",\"position\":1,\"name\":\"Inicio\",\"item\":\"https:\\\/\\\/juntasillinois.com\\\/\"},{\"@type\":\"ListItem\",\"position\":2,\"name\":\"Tornillos\"}]},{\"@type\":\"WebSite\",\"@id\":\"https:\\\/\\\/juntasillinois.com\\\/#website\",\"url\":\"https:\\\/\\\/juntasillinois.com\\\/\",\"name\":\"Juntas Illinois\",\"description\":\"Productos para el sellado del motor: l\u00edneas liviana, pesada, agr\u00edcola y competici\u00f3n. Consulta por Venta Mayorista o contactate con un Distribuidor oficial aqu\u00ed. Juntas Para motor. Solo ventas mayorista.\",\"publisher\":{\"@id\":\"https:\\\/\\\/juntasillinois.com\\\/#organization\"},\"potentialAction\":[{\"@type\":\"SearchAction\",\"target\":{\"@type\":\"EntryPoint\",\"urlTemplate\":\"https:\\\/\\\/juntasillinois.com\\\/?s={search_term_string}\"},\"query-input\":{\"@type\":\"PropertyValueSpecification\",\"valueRequired\":true,\"valueName\":\"search_term_string\"}}],\"inLanguage\":\"es-AR\"},{\"@type\":\"Organization\",\"@id\":\"https:\\\/\\\/juntasillinois.com\\\/#organization\",\"name\":\"Juntas Illinois\",\"url\":\"https:\\\/\\\/juntasillinois.com\\\/\",\"logo\":{\"@type\":\"ImageObject\",\"inLanguage\":\"es-AR\",\"@id\":\"https:\\\/\\\/juntasillinois.com\\\/#\\\/schema\\\/logo\\\/image\\\/\",\"url\":\"https:\\\/\\\/juntasillinois.com\\\/wp-content\\\/uploads\\\/2020\\\/03\\\/illinois-logo-movil.png\",\"contentUrl\":\"https:\\\/\\\/juntasillinois.com\\\/wp-content\\\/uploads\\\/2020\\\/03\\\/illinois-logo-movil.png\",\"width\":220,\"height\":55,\"caption\":\"Juntas Illinois\"},\"image\":{\"@id\":\"https:\\\/\\\/juntasillinois.com\\\/#\\\/schema\\\/logo\\\/image\\\/\"},\"sameAs\":[\"https:\\\/\\\/www.facebook.com\\\/juntasillinois\",\"https:\\\/\\\/www.instagram.com\\\/juntasillinois\\\/\",\"https:\\\/\\\/www.youtube.com\\\/user\\\/juntasillinois\"]}]}<\/script>\n<!-- \/ Yoast SEO plugin. -->","yoast_head_json":{"title":"Tornillos - Juntas Illinois","robots":{"index":"index","follow":"follow","max-snippet":"max-snippet:-1","max-image-preview":"max-image-preview:large","max-video-preview":"max-video-preview:-1"},"canonical":"https:\/\/juntasillinois.com\/?page_id=17290","og_locale":"es_ES","og_type":"article","og_title":"Tornillos - Juntas Illinois","og_url":"https:\/\/juntasillinois.com\/?page_id=17290","og_site_name":"Juntas Illinois","article_publisher":"https:\/\/www.facebook.com\/juntasillinois","article_modified_time":"2024-02-20T14:06:19+00:00","twitter_card":"summary_large_image","twitter_misc":{"Tiempo de lectura":"4 minutos"},"schema":{"@context":"https:\/\/schema.org","@graph":[{"@type":"WebPage","@id":"https:\/\/juntasillinois.com\/?page_id=17290","url":"https:\/\/juntasillinois.com\/?page_id=17290","name":"Tornillos - Juntas Illinois","isPartOf":{"@id":"https:\/\/juntasillinois.com\/#website"},"datePublished":"2019-12-10T13:07:25+00:00","dateModified":"2024-02-20T14:06:19+00:00","breadcrumb":{"@id":"https:\/\/juntasillinois.com\/?page_id=17290#breadcrumb"},"inLanguage":"es-AR","potentialAction":[{"@type":"ReadAction","target":["https:\/\/juntasillinois.com\/?page_id=17290"]}]},{"@type":"BreadcrumbList","@id":"https:\/\/juntasillinois.com\/?page_id=17290#breadcrumb","itemListElement":[{"@type":"ListItem","position":1,"name":"Inicio","item":"https:\/\/juntasillinois.com\/"},{"@type":"ListItem","position":2,"name":"Tornillos"}]},{"@type":"WebSite","@id":"https:\/\/juntasillinois.com\/#website","url":"https:\/\/juntasillinois.com\/","name":"Juntas Illinois","description":"Productos para el sellado del motor: l\u00edneas liviana, pesada, agr\u00edcola y competici\u00f3n. Consulta por Venta Mayorista o contactate con un Distribuidor oficial aqu\u00ed. Juntas Para motor. Solo ventas mayorista.","publisher":{"@id":"https:\/\/juntasillinois.com\/#organization"},"potentialAction":[{"@type":"SearchAction","target":{"@type":"EntryPoint","urlTemplate":"https:\/\/juntasillinois.com\/?s={search_term_string}"},"query-input":{"@type":"PropertyValueSpecification","valueRequired":true,"valueName":"search_term_string"}}],"inLanguage":"es-AR"},{"@type":"Organization","@id":"https:\/\/juntasillinois.com\/#organization","name":"Juntas Illinois","url":"https:\/\/juntasillinois.com\/","logo":{"@type":"ImageObject","inLanguage":"es-AR","@id":"https:\/\/juntasillinois.com\/#\/schema\/logo\/image\/","url":"https:\/\/juntasillinois.com\/wp-content\/uploads\/2020\/03\/illinois-logo-movil.png","contentUrl":"https:\/\/juntasillinois.com\/wp-content\/uploads\/2020\/03\/illinois-logo-movil.png","width":220,"height":55,"caption":"Juntas Illinois"},"image":{"@id":"https:\/\/juntasillinois.com\/#\/schema\/logo\/image\/"},"sameAs":["https:\/\/www.facebook.com\/juntasillinois","https:\/\/www.instagram.com\/juntasillinois\/","https:\/\/www.youtube.com\/user\/juntasillinois"]}]}},"_links":{"self":[{"href":"https:\/\/juntasillinois.com\/index.php?rest_route=\/wp\/v2\/pages\/17290","targetHints":{"allow":["GET"]}}],"collection":[{"href":"https:\/\/juntasillinois.com\/index.php?rest_route=\/wp\/v2\/pages"}],"about":[{"href":"https:\/\/juntasillinois.com\/index.php?rest_route=\/wp\/v2\/types\/page"}],"author":[{"embeddable":true,"href":"https:\/\/juntasillinois.com\/index.php?rest_route=\/wp\/v2\/users\/1"}],"replies":[{"embeddable":true,"href":"https:\/\/juntasillinois.com\/index.php?rest_route=%2Fwp%2Fv2%2Fcomments&post=17290"}],"version-history":[{"count":4,"href":"https:\/\/juntasillinois.com\/index.php?rest_route=\/wp\/v2\/pages\/17290\/revisions"}],"predecessor-version":[{"id":17963,"href":"https:\/\/juntasillinois.com\/index.php?rest_route=\/wp\/v2\/pages\/17290\/revisions\/17963"}],"wp:attachment":[{"href":"https:\/\/juntasillinois.com\/index.php?rest_route=%2Fwp%2Fv2%2Fmedia&parent=17290"}],"curies":[{"name":"wp","href":"https:\/\/api.w.org\/{rel}","templated":true}]}}