{"id":17302,"date":"2019-12-10T10:18:34","date_gmt":"2019-12-10T13:18:34","guid":{"rendered":"http:\/\/juntasillinois.com\/19web\/?page_id=17302"},"modified":"2020-04-18T20:13:44","modified_gmt":"2020-04-18T23:13:44","slug":"customizado","status":"publish","type":"page","link":"https:\/\/juntasillinois.com\/?page_id=17302","title":{"rendered":"Customizado"},"content":{"rendered":"<div id=\"cmsmasters_row_fldf2oyx4j\" class=\"cmsmasters_row cmsmasters_color_scheme_default cmsmasters_row_top_default cmsmasters_row_bot_default cmsmasters_row_boxed\">\n<div class=\"cmsmasters_row_outer_parent\">\n<div class=\"cmsmasters_row_outer\">\n<div class=\"cmsmasters_row_inner cmsmasters_row_no_margin\">\n<div class=\"cmsmasters_row_margin\">\n<div id=\"cmsmasters_column_ukna2twams\" class=\"cmsmasters_column one_half\">\n<div class=\"cmsmasters_column_inner\"><div class=\"cmsmasters_img  cmsmasters_image_n\"><img decoding=\"async\" src=\"https:\/\/juntasillinois.com\/wp-content\/uploads\/2020\/02\/Foto-customizado.jpg\" \/><\/div>\n<\/div><\/div>\n<div id=\"cmsmasters_column_9mrce86v7u\" class=\"cmsmasters_column one_half\">\n<div class=\"cmsmasters_column_inner\"><div id=\"cmsmasters_heading_ql4skhj0hi\" class=\"cmsmasters_heading_wrap cmsmasters_heading_align_left\">\n\t<h2 class=\"cmsmasters_heading\">Customizado<\/h2>\n<\/div><div class=\"cmsmasters_text listas\">\n<div class=\"listas\">\n<p>La divisi\u00f3n competici\u00f3n de Juntas Illinois investiga, testea y desarrolla productos para la alta competici\u00f3n, garantizando elevados est\u00e1ndares de funcionalidad. Nuestro departamento de ingenier\u00eda investiga y desarrolla nuevas tecnolog\u00edas para alcanzar el m\u00e1ximo rendimiento en motores de alta performance.<\/p>\n<p>Desarrollamos productos customizados a las necesidades particulares de cada motorista. Principales equipos de competici\u00f3n, asesorados por nuestro Departamento de Customizados:<\/p>\n<p><b>&#8211; Renault Sport (TN Clase 3)\u00a0<\/b><\/p>\n<p><b>&#8211; Peugeot Vittal Racing Team (TN Clase 3)<\/b><\/p>\n<p><b>&#8211; Alisi Racing (TN Clase 3)<\/b><\/p>\n<p><b>&#8211; Metalfor Castellano Power Team <\/b><b>(Turismo Carretera)<\/b><\/p>\n<p><b>&#8211; JCB Motorsport (TN Clase 3)<\/b><\/p>\n<p><b>&#8211; Fiat FP Reacing Team (TN Clase 3)<\/b><\/p>\n<\/div>\n<\/div>\n<\/div><\/div>\n<\/div>\n<\/div>\n<\/div>\n<\/div>\n<\/div>\n<div id=\"cmsmasters_row_ia2cdcat3\" class=\"cmsmasters_row cmsmasters_color_scheme_default cmsmasters_row_top_default cmsmasters_row_bot_default cmsmasters_row_boxed\">\n<div class=\"cmsmasters_row_outer_parent\">\n<div class=\"cmsmasters_row_outer\">\n<div class=\"cmsmasters_row_inner\">\n<div class=\"cmsmasters_row_margin\">\n<div id=\"cmsmasters_column_hhz91c5fg\" class=\"cmsmasters_column one_first\">\n<div class=\"cmsmasters_column_inner\"><div id=\"cmsmasters_gallery_yf3vspcbs\" class=\"cmsmasters_gallery_wrap\" data-type=\"grid\" data-count=\"0\"><ul class=\"cmsmasters_gallery cmsmasters_4 cmsmasters_more_items_loader\"><li class=\"cmsmasters_gallery_item\"><figure><a href=\"https:\/\/juntasillinois.com\/wp-content\/uploads\/2019\/12\/customizado1.jpg\" rel=\"ilightbox[yf3vspcbs]\"><img loading=\"lazy\" decoding=\"async\" width=\"792\" height=\"577\" src=\"https:\/\/juntasillinois.com\/wp-content\/uploads\/2019\/12\/customizado1.jpg\" class=\"attachment-full size-full\" alt=\"\" srcset=\"https:\/\/juntasillinois.com\/wp-content\/uploads\/2019\/12\/customizado1.jpg 792w, https:\/\/juntasillinois.com\/wp-content\/uploads\/2019\/12\/customizado1-300x219.jpg 300w, https:\/\/juntasillinois.com\/wp-content\/uploads\/2019\/12\/customizado1-768x560.jpg 768w, https:\/\/juntasillinois.com\/wp-content\/uploads\/2019\/12\/customizado1-580x423.jpg 580w\" sizes=\"auto, (max-width: 792px) 100vw, 792px\" \/><\/a><\/figure><\/li><li class=\"cmsmasters_gallery_item\"><figure><a href=\"https:\/\/juntasillinois.com\/wp-content\/uploads\/2019\/12\/customizado2.jpg\" rel=\"ilightbox[yf3vspcbs]\"><img loading=\"lazy\" decoding=\"async\" width=\"792\" height=\"577\" src=\"https:\/\/juntasillinois.com\/wp-content\/uploads\/2019\/12\/customizado2.jpg\" class=\"attachment-full size-full\" alt=\"\" srcset=\"https:\/\/juntasillinois.com\/wp-content\/uploads\/2019\/12\/customizado2.jpg 792w, https:\/\/juntasillinois.com\/wp-content\/uploads\/2019\/12\/customizado2-300x219.jpg 300w, https:\/\/juntasillinois.com\/wp-content\/uploads\/2019\/12\/customizado2-768x560.jpg 768w, https:\/\/juntasillinois.com\/wp-content\/uploads\/2019\/12\/customizado2-580x423.jpg 580w\" sizes=\"auto, (max-width: 792px) 100vw, 792px\" \/><\/a><\/figure><\/li><li class=\"cmsmasters_gallery_item\"><figure><a href=\"https:\/\/juntasillinois.com\/wp-content\/uploads\/2019\/12\/customizado3.jpg\" rel=\"ilightbox[yf3vspcbs]\"><img loading=\"lazy\" decoding=\"async\" width=\"792\" height=\"577\" src=\"https:\/\/juntasillinois.com\/wp-content\/uploads\/2019\/12\/customizado3.jpg\" class=\"attachment-full size-full\" alt=\"\" srcset=\"https:\/\/juntasillinois.com\/wp-content\/uploads\/2019\/12\/customizado3.jpg 792w, https:\/\/juntasillinois.com\/wp-content\/uploads\/2019\/12\/customizado3-300x219.jpg 300w, https:\/\/juntasillinois.com\/wp-content\/uploads\/2019\/12\/customizado3-768x560.jpg 768w, https:\/\/juntasillinois.com\/wp-content\/uploads\/2019\/12\/customizado3-580x423.jpg 580w\" sizes=\"auto, (max-width: 792px) 100vw, 792px\" \/><\/a><\/figure><\/li><li class=\"cmsmasters_gallery_item\"><figure><a href=\"https:\/\/juntasillinois.com\/wp-content\/uploads\/2019\/12\/customizado4.jpg\" rel=\"ilightbox[yf3vspcbs]\"><img loading=\"lazy\" decoding=\"async\" width=\"792\" height=\"577\" src=\"https:\/\/juntasillinois.com\/wp-content\/uploads\/2019\/12\/customizado4.jpg\" class=\"attachment-full size-full\" alt=\"\" srcset=\"https:\/\/juntasillinois.com\/wp-content\/uploads\/2019\/12\/customizado4.jpg 792w, https:\/\/juntasillinois.com\/wp-content\/uploads\/2019\/12\/customizado4-300x219.jpg 300w, https:\/\/juntasillinois.com\/wp-content\/uploads\/2019\/12\/customizado4-768x560.jpg 768w, https:\/\/juntasillinois.com\/wp-content\/uploads\/2019\/12\/customizado4-580x423.jpg 580w\" sizes=\"auto, (max-width: 792px) 100vw, 792px\" \/><\/a><\/figure><\/li><\/ul><\/div>\n<\/div><\/div>\n<\/div>\n<\/div>\n<\/div>\n<\/div>\n<\/div>\n\n","protected":false},"excerpt":{"rendered":"","protected":false},"author":1,"featured_media":0,"parent":0,"menu_order":0,"comment_status":"closed","ping_status":"closed","template":"","meta":{"footnotes":""},"class_list":["post-17302","page","type-page","status-publish","hentry"],"yoast_head":"<!-- This site is optimized with the Yoast SEO plugin v27.3 - https:\/\/yoast.com\/product\/yoast-seo-wordpress\/ -->\n<title>Customizado - Juntas Illinois<\/title>\n<meta name=\"robots\" content=\"index, follow, max-snippet:-1, max-image-preview:large, max-video-preview:-1\" \/>\n<link rel=\"canonical\" href=\"https:\/\/juntasillinois.com\/?page_id=17302\" \/>\n<meta property=\"og:locale\" content=\"es_ES\" \/>\n<meta property=\"og:type\" content=\"article\" \/>\n<meta property=\"og:title\" content=\"Customizado - Juntas Illinois\" \/>\n<meta property=\"og:url\" content=\"https:\/\/juntasillinois.com\/?page_id=17302\" \/>\n<meta property=\"og:site_name\" content=\"Juntas Illinois\" \/>\n<meta property=\"article:publisher\" content=\"https:\/\/www.facebook.com\/juntasillinois\" \/>\n<meta property=\"article:modified_time\" content=\"2020-04-18T23:13:44+00:00\" \/>\n<meta name=\"twitter:card\" content=\"summary_large_image\" \/>\n<meta name=\"twitter:label1\" content=\"Tiempo de lectura\" \/>\n\t<meta name=\"twitter:data1\" content=\"2 minutos\" \/>\n<script type=\"application\/ld+json\" class=\"yoast-schema-graph\">{\"@context\":\"https:\\\/\\\/schema.org\",\"@graph\":[{\"@type\":\"WebPage\",\"@id\":\"https:\\\/\\\/juntasillinois.com\\\/?page_id=17302\",\"url\":\"https:\\\/\\\/juntasillinois.com\\\/?page_id=17302\",\"name\":\"Customizado - Juntas Illinois\",\"isPartOf\":{\"@id\":\"https:\\\/\\\/juntasillinois.com\\\/#website\"},\"datePublished\":\"2019-12-10T13:18:34+00:00\",\"dateModified\":\"2020-04-18T23:13:44+00:00\",\"breadcrumb\":{\"@id\":\"https:\\\/\\\/juntasillinois.com\\\/?page_id=17302#breadcrumb\"},\"inLanguage\":\"es-AR\",\"potentialAction\":[{\"@type\":\"ReadAction\",\"target\":[\"https:\\\/\\\/juntasillinois.com\\\/?page_id=17302\"]}]},{\"@type\":\"BreadcrumbList\",\"@id\":\"https:\\\/\\\/juntasillinois.com\\\/?page_id=17302#breadcrumb\",\"itemListElement\":[{\"@type\":\"ListItem\",\"position\":1,\"name\":\"Inicio\",\"item\":\"https:\\\/\\\/juntasillinois.com\\\/\"},{\"@type\":\"ListItem\",\"position\":2,\"name\":\"Customizado\"}]},{\"@type\":\"WebSite\",\"@id\":\"https:\\\/\\\/juntasillinois.com\\\/#website\",\"url\":\"https:\\\/\\\/juntasillinois.com\\\/\",\"name\":\"Juntas Illinois\",\"description\":\"Productos para el sellado del motor: l\u00edneas liviana, pesada, agr\u00edcola y competici\u00f3n. Consulta por Venta Mayorista o contactate con un Distribuidor oficial aqu\u00ed. Juntas Para motor. Solo ventas mayorista.\",\"publisher\":{\"@id\":\"https:\\\/\\\/juntasillinois.com\\\/#organization\"},\"potentialAction\":[{\"@type\":\"SearchAction\",\"target\":{\"@type\":\"EntryPoint\",\"urlTemplate\":\"https:\\\/\\\/juntasillinois.com\\\/?s={search_term_string}\"},\"query-input\":{\"@type\":\"PropertyValueSpecification\",\"valueRequired\":true,\"valueName\":\"search_term_string\"}}],\"inLanguage\":\"es-AR\"},{\"@type\":\"Organization\",\"@id\":\"https:\\\/\\\/juntasillinois.com\\\/#organization\",\"name\":\"Juntas Illinois\",\"url\":\"https:\\\/\\\/juntasillinois.com\\\/\",\"logo\":{\"@type\":\"ImageObject\",\"inLanguage\":\"es-AR\",\"@id\":\"https:\\\/\\\/juntasillinois.com\\\/#\\\/schema\\\/logo\\\/image\\\/\",\"url\":\"https:\\\/\\\/juntasillinois.com\\\/wp-content\\\/uploads\\\/2020\\\/03\\\/illinois-logo-movil.png\",\"contentUrl\":\"https:\\\/\\\/juntasillinois.com\\\/wp-content\\\/uploads\\\/2020\\\/03\\\/illinois-logo-movil.png\",\"width\":220,\"height\":55,\"caption\":\"Juntas Illinois\"},\"image\":{\"@id\":\"https:\\\/\\\/juntasillinois.com\\\/#\\\/schema\\\/logo\\\/image\\\/\"},\"sameAs\":[\"https:\\\/\\\/www.facebook.com\\\/juntasillinois\",\"https:\\\/\\\/www.instagram.com\\\/juntasillinois\\\/\",\"https:\\\/\\\/www.youtube.com\\\/user\\\/juntasillinois\"]}]}<\/script>\n<!-- \/ Yoast SEO plugin. -->","yoast_head_json":{"title":"Customizado - Juntas Illinois","robots":{"index":"index","follow":"follow","max-snippet":"max-snippet:-1","max-image-preview":"max-image-preview:large","max-video-preview":"max-video-preview:-1"},"canonical":"https:\/\/juntasillinois.com\/?page_id=17302","og_locale":"es_ES","og_type":"article","og_title":"Customizado - Juntas Illinois","og_url":"https:\/\/juntasillinois.com\/?page_id=17302","og_site_name":"Juntas Illinois","article_publisher":"https:\/\/www.facebook.com\/juntasillinois","article_modified_time":"2020-04-18T23:13:44+00:00","twitter_card":"summary_large_image","twitter_misc":{"Tiempo de lectura":"2 minutos"},"schema":{"@context":"https:\/\/schema.org","@graph":[{"@type":"WebPage","@id":"https:\/\/juntasillinois.com\/?page_id=17302","url":"https:\/\/juntasillinois.com\/?page_id=17302","name":"Customizado - Juntas Illinois","isPartOf":{"@id":"https:\/\/juntasillinois.com\/#website"},"datePublished":"2019-12-10T13:18:34+00:00","dateModified":"2020-04-18T23:13:44+00:00","breadcrumb":{"@id":"https:\/\/juntasillinois.com\/?page_id=17302#breadcrumb"},"inLanguage":"es-AR","potentialAction":[{"@type":"ReadAction","target":["https:\/\/juntasillinois.com\/?page_id=17302"]}]},{"@type":"BreadcrumbList","@id":"https:\/\/juntasillinois.com\/?page_id=17302#breadcrumb","itemListElement":[{"@type":"ListItem","position":1,"name":"Inicio","item":"https:\/\/juntasillinois.com\/"},{"@type":"ListItem","position":2,"name":"Customizado"}]},{"@type":"WebSite","@id":"https:\/\/juntasillinois.com\/#website","url":"https:\/\/juntasillinois.com\/","name":"Juntas Illinois","description":"Productos para el sellado del motor: l\u00edneas liviana, pesada, agr\u00edcola y competici\u00f3n. Consulta por Venta Mayorista o contactate con un Distribuidor oficial aqu\u00ed. Juntas Para motor. Solo ventas mayorista.","publisher":{"@id":"https:\/\/juntasillinois.com\/#organization"},"potentialAction":[{"@type":"SearchAction","target":{"@type":"EntryPoint","urlTemplate":"https:\/\/juntasillinois.com\/?s={search_term_string}"},"query-input":{"@type":"PropertyValueSpecification","valueRequired":true,"valueName":"search_term_string"}}],"inLanguage":"es-AR"},{"@type":"Organization","@id":"https:\/\/juntasillinois.com\/#organization","name":"Juntas Illinois","url":"https:\/\/juntasillinois.com\/","logo":{"@type":"ImageObject","inLanguage":"es-AR","@id":"https:\/\/juntasillinois.com\/#\/schema\/logo\/image\/","url":"https:\/\/juntasillinois.com\/wp-content\/uploads\/2020\/03\/illinois-logo-movil.png","contentUrl":"https:\/\/juntasillinois.com\/wp-content\/uploads\/2020\/03\/illinois-logo-movil.png","width":220,"height":55,"caption":"Juntas Illinois"},"image":{"@id":"https:\/\/juntasillinois.com\/#\/schema\/logo\/image\/"},"sameAs":["https:\/\/www.facebook.com\/juntasillinois","https:\/\/www.instagram.com\/juntasillinois\/","https:\/\/www.youtube.com\/user\/juntasillinois"]}]}},"_links":{"self":[{"href":"https:\/\/juntasillinois.com\/index.php?rest_route=\/wp\/v2\/pages\/17302","targetHints":{"allow":["GET"]}}],"collection":[{"href":"https:\/\/juntasillinois.com\/index.php?rest_route=\/wp\/v2\/pages"}],"about":[{"href":"https:\/\/juntasillinois.com\/index.php?rest_route=\/wp\/v2\/types\/page"}],"author":[{"embeddable":true,"href":"https:\/\/juntasillinois.com\/index.php?rest_route=\/wp\/v2\/users\/1"}],"replies":[{"embeddable":true,"href":"https:\/\/juntasillinois.com\/index.php?rest_route=%2Fwp%2Fv2%2Fcomments&post=17302"}],"version-history":[{"count":1,"href":"https:\/\/juntasillinois.com\/index.php?rest_route=\/wp\/v2\/pages\/17302\/revisions"}],"predecessor-version":[{"id":17828,"href":"https:\/\/juntasillinois.com\/index.php?rest_route=\/wp\/v2\/pages\/17302\/revisions\/17828"}],"wp:attachment":[{"href":"https:\/\/juntasillinois.com\/index.php?rest_route=%2Fwp%2Fv2%2Fmedia&parent=17302"}],"curies":[{"name":"wp","href":"https:\/\/api.w.org\/{rel}","templated":true}]}}