{"id":17387,"date":"2019-12-20T17:26:08","date_gmt":"2019-12-20T20:26:08","guid":{"rendered":"http:\/\/juntasillinois.com\/19web\/?page_id=17387"},"modified":"2020-04-18T20:19:15","modified_gmt":"2020-04-18T23:19:15","slug":"retenes","status":"publish","type":"page","link":"https:\/\/juntasillinois.com\/?page_id=17387","title":{"rendered":"Retenes"},"content":{"rendered":"<div id=\"cmsmasters_row_fldf2oyx4j\" class=\"cmsmasters_row cmsmasters_color_scheme_default cmsmasters_row_top_default cmsmasters_row_bot_default cmsmasters_row_fullwidth\">\n<div class=\"cmsmasters_row_outer_parent\">\n<div class=\"cmsmasters_row_outer\">\n<div class=\"cmsmasters_row_inner cmsmasters_row_fullwidth cmsmasters_row_no_margin\">\n<div class=\"cmsmasters_row_margin\">\n<div id=\"cmsmasters_column_ukna2twams\" class=\"cmsmasters_column one_half\">\n<div class=\"cmsmasters_column_inner\"><div class=\"cmsmasters_img  cmsmasters_image_n\"><img decoding=\"async\" src=\"https:\/\/juntasillinois.com\/wp-content\/uploads\/2020\/02\/retenes-illiois.jpg\" \/><\/div>\n<\/div><\/div>\n<div id=\"cmsmasters_column_9mrce86v7u\" class=\"cmsmasters_column one_half\">\n<div class=\"cmsmasters_column_inner\"><div id=\"cmsmasters_heading_ql4skhj0hi\" class=\"cmsmasters_heading_wrap cmsmasters_heading_align_left\">\n\t<h2 class=\"cmsmasters_heading\">Retenes Illinois, baja fricci\u00f3n. M\u00e1xima durabilidad<\/h2>\n<\/div><div class=\"cmsmasters_text listas\">\n<div class=\"listas\">\n<p><b>Productos de estanqueidad de alta performance<\/b><\/p>\n<p>En la actualidad, los motores de mayor potencia y compresi\u00f3n exigen dise\u00f1os y matriales de altas prestaciones que demandan una tecnolog\u00eda especifica. Los retenes ILLINOIS han sido dise\u00f1ados para cumplir con estos elevados est\u00e1ndares y niveles de exigencia.<\/p>\n<\/div>\n<\/div>\n<div id=\"cmsmasters_divider_e5p7jietk6\" class=\"cmsmasters_divider cmsmasters_divider_width_short cmsmasters_divider_pos_left\"><\/div>\n<div id=\"cmsmasters_button_18ub1dbhuc\" class=\"button_wrap\"><a href=\"https:\/\/juntasillinois.com\/wp-content\/uploads\/2024\/02\/folleto-retenes-esp.pdf\" class=\"cmsmasters_button cmsmasters_but_clear_styles cmsmasters_but_bg_hover cmsmasters-icon-custom-download botones\" target=\"_blank\"><span>Descargar PDF<\/span><\/a><\/div>\n<div id=\"cmsmasters_divider_ys70rmdlau\" class=\"cl\"><\/div><div id=\"cmsmasters_button_6l1t3f4u3i\" class=\"button_wrap\"><a href=\"https:\/\/www.youtube.com\/watch?v=zmroiaOIR6E\" class=\"cmsmasters_button cmsmasters_but_clear_styles cmsmasters_but_bg_hover cmsmasters-icon-custom-download sg-popup-id-17474\" target=\"_blank\"><span>Ver Videos<\/span><\/a><\/div>\n<\/div><\/div>\n<\/div>\n<\/div>\n<\/div>\n<\/div>\n<\/div>\n<div id=\"cmsmasters_row_m9spu3l3re\" class=\"cmsmasters_row cmsmasters_color_scheme_default cmsmasters_row_top_default cmsmasters_row_bot_default cmsmasters_row_boxed\">\n<div class=\"cmsmasters_row_outer_parent\">\n<div class=\"cmsmasters_row_outer\">\n<div class=\"cmsmasters_row_inner\">\n<div class=\"cmsmasters_row_margin\">\n<div id=\"cmsmasters_column_xx6970df3k\" class=\"cmsmasters_column one_half\">\n<div class=\"cmsmasters_column_inner\"><div id=\"cmsmasters_heading_pysepgku\" class=\"cmsmasters_heading_wrap cmsmasters_heading_align_left\">\n\t<h2 class=\"cmsmasters_heading\">L\u00edneas completas:<\/h2>\n<\/div><div class=\"cmsmasters_text listas\">\n<p>Liviana, pesada, agr\u00edcola e industrial.<\/p>\n<ul>\n<li>Ret\u00e9n bancada<\/li>\n<li>Ret\u00e9n distribuci\u00f3n<\/li>\n<li>Ret\u00e9n \u00e1rbol de levas<\/li>\n<li>Ret\u00e9n cig\u00fce\u00f1al<\/li>\n<li>Ret\u00e9n bomba de aceite<\/li>\n<li>Ret\u00e9n gu\u00eda de v\u00e1lvulas<\/li>\n<li>Ret\u00e9n PTFE<\/li>\n<\/ul>\n<\/div>\n<\/div><\/div>\n<div id=\"cmsmasters_column_2rymsu53op\" class=\"cmsmasters_column one_half\">\n<div class=\"cmsmasters_column_inner\"><div class=\"cmsmasters_img  cmsmasters_image_n\"><img decoding=\"async\" src=\"https:\/\/juntasillinois.com\/wp-content\/uploads\/2020\/02\/retenes-illiois-1.jpg\" \/><\/div>\n<\/div><\/div>\n<\/div>\n<\/div>\n<\/div>\n<\/div>\n<\/div>\n<div id=\"cmsmasters_row_wc6zwhz4h3\" class=\"cmsmasters_row cmsmasters_color_scheme_default cmsmasters_row_top_default cmsmasters_row_bot_default cmsmasters_row_boxed\">\n<div class=\"cmsmasters_row_outer_parent\">\n<div class=\"cmsmasters_row_outer\">\n<div class=\"cmsmasters_row_inner\">\n<div class=\"cmsmasters_row_margin\">\n<div id=\"cmsmasters_column_vaads0kgck\" class=\"cmsmasters_column one_first\">\n<div class=\"cmsmasters_column_inner\"><div id=\"cmsmasters_heading_sot0ji3hc\" class=\"cmsmasters_heading_wrap cmsmasters_heading_align_left\">\n\t<h2 class=\"cmsmasters_heading\">Principales dise\u00f1os standard (\u00f8 exterior)<\/h2>\n<\/div>\n<\/div><\/div>\n<\/div>\n<\/div>\n<\/div>\n<\/div>\n<\/div>\n<div id=\"cmsmasters_row_z61fhhda2\" class=\"cmsmasters_row cmsmasters_color_scheme_default cmsmasters_row_top_default cmsmasters_row_bot_default cmsmasters_row_boxed\">\n<div class=\"cmsmasters_row_outer_parent\">\n<div class=\"cmsmasters_row_outer\">\n<div class=\"cmsmasters_row_inner\">\n<div class=\"cmsmasters_row_margin\">\n<div id=\"cmsmasters_column_gwibkqym54\" class=\"cmsmasters_column one_half\">\n<div class=\"cmsmasters_column_inner\"><div class=\"cmsmasters_img  cmsmasters_image_n\"><img decoding=\"async\" src=\"https:\/\/juntasillinois.com\/wp-content\/uploads\/2020\/02\/tipo-l-m.jpg\" \/><\/div><div class=\"cmsmasters_text\">\n<p>Dise\u00f1os simples, de aplicaci\u00f3n convencional. La diferencia principal es la conformaci\u00f3n del di\u00e1metro exterior, que puede ser de caucho o metal.<\/p>\n<p>El caucho permite colocar la pieza en alojamientos da\u00f1ados y el exterior met\u00e1lico ofrece un anclaje m\u00e1s firme, pero no rellena los probables da\u00f1os del alojamiento.<\/p>\n<p>El labio simple o doble es opcional, dependiendo si el medio es agresivo con la contaminaci\u00f3n existente.<\/p>\n<\/div>\n<\/div><\/div>\n<div id=\"cmsmasters_column_4miz67swak\" class=\"cmsmasters_column one_half\">\n<div class=\"cmsmasters_column_inner\"><div class=\"cmsmasters_img  cmsmasters_image_n\"><img decoding=\"async\" src=\"https:\/\/juntasillinois.com\/wp-content\/uploads\/2020\/02\/tipo-k-lm.jpg\" \/><\/div><div class=\"cmsmasters_text\">\n<p>Dise\u00f1os de estructura reforzada, que ofrecen mayor protecci\u00f3n para la zona del labio de retenci\u00f3n.<\/p>\n<p>Combinaci\u00f3n de dise\u00f1os L y M.<\/p>\n<p>Se intenta tener un buen anclaje y sellar los posibles surcos o marcas de alojamiento da\u00f1ado.<\/p>\n<\/div>\n<\/div><\/div>\n<\/div>\n<\/div>\n<\/div>\n<\/div>\n<\/div>\n<div id=\"cmsmasters_row_tl4usjwws5\" class=\"cmsmasters_row cmsmasters_color_scheme_default cmsmasters_row_top_default cmsmasters_row_bot_default cmsmasters_row_boxed\">\n<div class=\"cmsmasters_row_outer_parent\">\n<div class=\"cmsmasters_row_outer\">\n<div class=\"cmsmasters_row_inner\">\n<div class=\"cmsmasters_row_margin\">\n<div id=\"cmsmasters_column_zzzvw167yo\" class=\"cmsmasters_column one_first\">\n<div class=\"cmsmasters_column_inner\"><div id=\"cmsmasters_heading_t7gsdpecmj\" class=\"cmsmasters_heading_wrap cmsmasters_heading_align_left\">\n\t<h2 class=\"cmsmasters_heading\">Partes de Retenes<\/h2>\n<\/div>\n<\/div><\/div>\n<\/div>\n<\/div>\n<\/div>\n<\/div>\n<\/div>\n<div id=\"cmsmasters_row_c3ie2jnx5s\" class=\"cmsmasters_row cmsmasters_color_scheme_default cmsmasters_row_top_default cmsmasters_row_bot_default cmsmasters_row_boxed\">\n<div class=\"cmsmasters_row_outer_parent\">\n<div class=\"cmsmasters_row_outer\">\n<div class=\"cmsmasters_row_inner\">\n<div class=\"cmsmasters_row_margin\">\n<div id=\"cmsmasters_column_nheh0zbzs\" class=\"cmsmasters_column one_first\">\n<div class=\"cmsmasters_column_inner\"><div class=\"cmsmasters_img  cmsmasters_image_n\"><img decoding=\"async\" src=\"https:\/\/juntasillinois.com\/wp-content\/uploads\/2019\/12\/partes.jpg\" \/><\/div>\n<\/div><\/div>\n<\/div>\n<\/div>\n<\/div>\n<\/div>\n<\/div>\n<div id=\"cmsmasters_row_k2okiwpiwf\" class=\"cmsmasters_row cmsmasters_color_scheme_default cmsmasters_row_top_default cmsmasters_row_bot_default cmsmasters_row_boxed\">\n<div class=\"cmsmasters_row_outer_parent\">\n<div class=\"cmsmasters_row_outer\">\n<div class=\"cmsmasters_row_inner\">\n<div class=\"cmsmasters_row_margin\">\n<div id=\"cmsmasters_column_krb0m8hau\" class=\"cmsmasters_column one_half\">\n<div class=\"cmsmasters_column_inner\"><div id=\"cmsmasters_heading_6ytasmft1\" class=\"cmsmasters_heading_wrap cmsmasters_heading_align_left\">\n\t<h2 class=\"cmsmasters_heading\">Reparaci\u00f3n duradera<\/h2>\n<\/div><div class=\"cmsmasters_text listas\">\n<ul>\n<li>Excelentes cualidades sellantes<\/li>\n<li>Alta resisitencia al desgaste<\/li>\n<li>Buena respuesta a shocks t\u00e9rmicos<\/li>\n<li>Alta resistencia a los diferentes medios<\/li>\n<li>Facilidad de montaje<\/li>\n<li>Larga duraci\u00f3n<\/li>\n<\/ul>\n<\/div>\n<\/div><\/div>\n<div id=\"cmsmasters_column_7pbdgnk7tm\" class=\"cmsmasters_column one_half\">\n<div class=\"cmsmasters_column_inner\"><div class=\"cmsmasters_img  cmsmasters_image_n\"><img decoding=\"async\" src=\"https:\/\/juntasillinois.com\/wp-content\/uploads\/2020\/01\/02-RETENES-792-x-577.png\" \/><\/div>\n<\/div><\/div>\n<\/div>\n<\/div>\n<\/div>\n<\/div>\n<\/div>\n<div id=\"cmsmasters_row_6jkhuqh7ok\" class=\"cmsmasters_row cmsmasters_color_scheme_default cmsmasters_row_top_default cmsmasters_row_bot_default cmsmasters_row_boxed\">\n<div class=\"cmsmasters_row_outer_parent\">\n<div class=\"cmsmasters_row_outer\">\n<div class=\"cmsmasters_row_inner\">\n<div class=\"cmsmasters_row_margin\">\n<div id=\"cmsmasters_column_15fxtxdhjj\" class=\"cmsmasters_column one_first\">\n<div class=\"cmsmasters_column_inner\"><div id=\"cmsmasters_heading_w4jzv25g6\" class=\"cmsmasters_heading_wrap cmsmasters_heading_align_left\">\n\t<h2 class=\"cmsmasters_heading\">M\u00e1xima Calidad<\/h2>\n<\/div><div class=\"cmsmasters_text\">\n<p>Producto ensayado de acuerdo a normas internacionales SAE 921484, DIN 52913, ASTM F36 y ASTM F37, sometido a estricto control de calidad durante todo el proceso de fabricaci\u00f3n. Presenta la combinaci\u00f3n de materiales O.E.M. de \u00faltima generaci\u00f3n y m\u00e1xima calidad. Sistema de Gesti\u00f3n de Calidad certificado ISO 9001:2015 (243918-AQ-ARG-RvA)<\/p>\n<\/div>\n<\/div><\/div>\n<\/div>\n<\/div>\n<\/div>\n<\/div>\n<\/div>\n\n","protected":false},"excerpt":{"rendered":"","protected":false},"author":1,"featured_media":0,"parent":0,"menu_order":0,"comment_status":"closed","ping_status":"closed","template":"","meta":{"footnotes":""},"class_list":["post-17387","page","type-page","status-publish","hentry"],"yoast_head":"<!-- This site is optimized with the Yoast SEO plugin v27.3 - https:\/\/yoast.com\/product\/yoast-seo-wordpress\/ -->\n<title>Retenes - Juntas Illinois<\/title>\n<meta name=\"robots\" content=\"index, follow, max-snippet:-1, max-image-preview:large, max-video-preview:-1\" \/>\n<link rel=\"canonical\" href=\"https:\/\/juntasillinois.com\/?page_id=17387\" \/>\n<meta property=\"og:locale\" content=\"es_ES\" \/>\n<meta property=\"og:type\" content=\"article\" \/>\n<meta property=\"og:title\" content=\"Retenes - Juntas Illinois\" \/>\n<meta property=\"og:url\" content=\"https:\/\/juntasillinois.com\/?page_id=17387\" \/>\n<meta property=\"og:site_name\" content=\"Juntas Illinois\" \/>\n<meta property=\"article:publisher\" content=\"https:\/\/www.facebook.com\/juntasillinois\" \/>\n<meta property=\"article:modified_time\" content=\"2020-04-18T23:19:15+00:00\" \/>\n<meta name=\"twitter:card\" content=\"summary_large_image\" \/>\n<meta name=\"twitter:label1\" content=\"Tiempo de lectura\" \/>\n\t<meta name=\"twitter:data1\" content=\"8 minutos\" \/>\n<script type=\"application\/ld+json\" class=\"yoast-schema-graph\">{\"@context\":\"https:\\\/\\\/schema.org\",\"@graph\":[{\"@type\":\"WebPage\",\"@id\":\"https:\\\/\\\/juntasillinois.com\\\/?page_id=17387\",\"url\":\"https:\\\/\\\/juntasillinois.com\\\/?page_id=17387\",\"name\":\"Retenes - Juntas Illinois\",\"isPartOf\":{\"@id\":\"https:\\\/\\\/juntasillinois.com\\\/#website\"},\"datePublished\":\"2019-12-20T20:26:08+00:00\",\"dateModified\":\"2020-04-18T23:19:15+00:00\",\"breadcrumb\":{\"@id\":\"https:\\\/\\\/juntasillinois.com\\\/?page_id=17387#breadcrumb\"},\"inLanguage\":\"es-AR\",\"potentialAction\":[{\"@type\":\"ReadAction\",\"target\":[\"https:\\\/\\\/juntasillinois.com\\\/?page_id=17387\"]}]},{\"@type\":\"BreadcrumbList\",\"@id\":\"https:\\\/\\\/juntasillinois.com\\\/?page_id=17387#breadcrumb\",\"itemListElement\":[{\"@type\":\"ListItem\",\"position\":1,\"name\":\"Inicio\",\"item\":\"https:\\\/\\\/juntasillinois.com\\\/\"},{\"@type\":\"ListItem\",\"position\":2,\"name\":\"Retenes\"}]},{\"@type\":\"WebSite\",\"@id\":\"https:\\\/\\\/juntasillinois.com\\\/#website\",\"url\":\"https:\\\/\\\/juntasillinois.com\\\/\",\"name\":\"Juntas Illinois\",\"description\":\"Productos para el sellado del motor: l\u00edneas liviana, pesada, agr\u00edcola y competici\u00f3n. Consulta por Venta Mayorista o contactate con un Distribuidor oficial aqu\u00ed. Juntas Para motor. Solo ventas mayorista.\",\"publisher\":{\"@id\":\"https:\\\/\\\/juntasillinois.com\\\/#organization\"},\"potentialAction\":[{\"@type\":\"SearchAction\",\"target\":{\"@type\":\"EntryPoint\",\"urlTemplate\":\"https:\\\/\\\/juntasillinois.com\\\/?s={search_term_string}\"},\"query-input\":{\"@type\":\"PropertyValueSpecification\",\"valueRequired\":true,\"valueName\":\"search_term_string\"}}],\"inLanguage\":\"es-AR\"},{\"@type\":\"Organization\",\"@id\":\"https:\\\/\\\/juntasillinois.com\\\/#organization\",\"name\":\"Juntas Illinois\",\"url\":\"https:\\\/\\\/juntasillinois.com\\\/\",\"logo\":{\"@type\":\"ImageObject\",\"inLanguage\":\"es-AR\",\"@id\":\"https:\\\/\\\/juntasillinois.com\\\/#\\\/schema\\\/logo\\\/image\\\/\",\"url\":\"https:\\\/\\\/juntasillinois.com\\\/wp-content\\\/uploads\\\/2020\\\/03\\\/illinois-logo-movil.png\",\"contentUrl\":\"https:\\\/\\\/juntasillinois.com\\\/wp-content\\\/uploads\\\/2020\\\/03\\\/illinois-logo-movil.png\",\"width\":220,\"height\":55,\"caption\":\"Juntas Illinois\"},\"image\":{\"@id\":\"https:\\\/\\\/juntasillinois.com\\\/#\\\/schema\\\/logo\\\/image\\\/\"},\"sameAs\":[\"https:\\\/\\\/www.facebook.com\\\/juntasillinois\",\"https:\\\/\\\/www.instagram.com\\\/juntasillinois\\\/\",\"https:\\\/\\\/www.youtube.com\\\/user\\\/juntasillinois\"]}]}<\/script>\n<!-- \/ Yoast SEO plugin. -->","yoast_head_json":{"title":"Retenes - Juntas Illinois","robots":{"index":"index","follow":"follow","max-snippet":"max-snippet:-1","max-image-preview":"max-image-preview:large","max-video-preview":"max-video-preview:-1"},"canonical":"https:\/\/juntasillinois.com\/?page_id=17387","og_locale":"es_ES","og_type":"article","og_title":"Retenes - Juntas Illinois","og_url":"https:\/\/juntasillinois.com\/?page_id=17387","og_site_name":"Juntas Illinois","article_publisher":"https:\/\/www.facebook.com\/juntasillinois","article_modified_time":"2020-04-18T23:19:15+00:00","twitter_card":"summary_large_image","twitter_misc":{"Tiempo de lectura":"8 minutos"},"schema":{"@context":"https:\/\/schema.org","@graph":[{"@type":"WebPage","@id":"https:\/\/juntasillinois.com\/?page_id=17387","url":"https:\/\/juntasillinois.com\/?page_id=17387","name":"Retenes - Juntas Illinois","isPartOf":{"@id":"https:\/\/juntasillinois.com\/#website"},"datePublished":"2019-12-20T20:26:08+00:00","dateModified":"2020-04-18T23:19:15+00:00","breadcrumb":{"@id":"https:\/\/juntasillinois.com\/?page_id=17387#breadcrumb"},"inLanguage":"es-AR","potentialAction":[{"@type":"ReadAction","target":["https:\/\/juntasillinois.com\/?page_id=17387"]}]},{"@type":"BreadcrumbList","@id":"https:\/\/juntasillinois.com\/?page_id=17387#breadcrumb","itemListElement":[{"@type":"ListItem","position":1,"name":"Inicio","item":"https:\/\/juntasillinois.com\/"},{"@type":"ListItem","position":2,"name":"Retenes"}]},{"@type":"WebSite","@id":"https:\/\/juntasillinois.com\/#website","url":"https:\/\/juntasillinois.com\/","name":"Juntas Illinois","description":"Productos para el sellado del motor: l\u00edneas liviana, pesada, agr\u00edcola y competici\u00f3n. Consulta por Venta Mayorista o contactate con un Distribuidor oficial aqu\u00ed. Juntas Para motor. Solo ventas mayorista.","publisher":{"@id":"https:\/\/juntasillinois.com\/#organization"},"potentialAction":[{"@type":"SearchAction","target":{"@type":"EntryPoint","urlTemplate":"https:\/\/juntasillinois.com\/?s={search_term_string}"},"query-input":{"@type":"PropertyValueSpecification","valueRequired":true,"valueName":"search_term_string"}}],"inLanguage":"es-AR"},{"@type":"Organization","@id":"https:\/\/juntasillinois.com\/#organization","name":"Juntas Illinois","url":"https:\/\/juntasillinois.com\/","logo":{"@type":"ImageObject","inLanguage":"es-AR","@id":"https:\/\/juntasillinois.com\/#\/schema\/logo\/image\/","url":"https:\/\/juntasillinois.com\/wp-content\/uploads\/2020\/03\/illinois-logo-movil.png","contentUrl":"https:\/\/juntasillinois.com\/wp-content\/uploads\/2020\/03\/illinois-logo-movil.png","width":220,"height":55,"caption":"Juntas Illinois"},"image":{"@id":"https:\/\/juntasillinois.com\/#\/schema\/logo\/image\/"},"sameAs":["https:\/\/www.facebook.com\/juntasillinois","https:\/\/www.instagram.com\/juntasillinois\/","https:\/\/www.youtube.com\/user\/juntasillinois"]}]}},"_links":{"self":[{"href":"https:\/\/juntasillinois.com\/index.php?rest_route=\/wp\/v2\/pages\/17387","targetHints":{"allow":["GET"]}}],"collection":[{"href":"https:\/\/juntasillinois.com\/index.php?rest_route=\/wp\/v2\/pages"}],"about":[{"href":"https:\/\/juntasillinois.com\/index.php?rest_route=\/wp\/v2\/types\/page"}],"author":[{"embeddable":true,"href":"https:\/\/juntasillinois.com\/index.php?rest_route=\/wp\/v2\/users\/1"}],"replies":[{"embeddable":true,"href":"https:\/\/juntasillinois.com\/index.php?rest_route=%2Fwp%2Fv2%2Fcomments&post=17387"}],"version-history":[{"count":2,"href":"https:\/\/juntasillinois.com\/index.php?rest_route=\/wp\/v2\/pages\/17387\/revisions"}],"predecessor-version":[{"id":17737,"href":"https:\/\/juntasillinois.com\/index.php?rest_route=\/wp\/v2\/pages\/17387\/revisions\/17737"}],"wp:attachment":[{"href":"https:\/\/juntasillinois.com\/index.php?rest_route=%2Fwp%2Fv2%2Fmedia&parent=17387"}],"curies":[{"name":"wp","href":"https:\/\/api.w.org\/{rel}","templated":true}]}}