{"id":17872,"date":"2022-09-01T11:52:09","date_gmt":"2022-09-01T14:52:09","guid":{"rendered":"https:\/\/juntasillinois.com\/?page_id=17872"},"modified":"2022-09-01T12:52:27","modified_gmt":"2022-09-01T15:52:27","slug":"guias-de-valvulas","status":"publish","type":"page","link":"https:\/\/juntasillinois.com\/?page_id=17872","title":{"rendered":"Gu\u00edas de V\u00e1lvulas"},"content":{"rendered":"<div id=\"cmsmasters_row_fldf2oyx4j\" class=\"cmsmasters_row cmsmasters_color_scheme_default cmsmasters_row_top_default cmsmasters_row_bot_default cmsmasters_row_fullwidth\">\n<div class=\"cmsmasters_row_outer_parent\">\n<div class=\"cmsmasters_row_outer\">\n<div class=\"cmsmasters_row_inner cmsmasters_row_fullwidth cmsmasters_row_no_margin\">\n<div class=\"cmsmasters_row_margin\">\n<div id=\"cmsmasters_column_ukna2twams\" class=\"cmsmasters_column one_half\">\n<div class=\"cmsmasters_column_inner\"><div class=\"cmsmasters_img  cmsmasters_image_n\"><img decoding=\"async\" src=\"https:\/\/juntasillinois.com\/wp-content\/uploads\/2022\/09\/DSC9314-1.jpg\" \/><\/div>\n<\/div><\/div>\n<div id=\"cmsmasters_column_9mrce86v7u\" class=\"cmsmasters_column one_half\">\n<div class=\"cmsmasters_column_inner\"><div id=\"cmsmasters_heading_ql4skhj0hi\" class=\"cmsmasters_heading_wrap cmsmasters_heading_align_left\">\n\t<h2 class=\"cmsmasters_heading\">Gu\u00edas de V\u00e1lvulas<\/h2>\n<\/div><div class=\"cmsmasters_text listas\">\n<div class=\"listas\">\n<h4>ILLINOIS OFRECE UNA AMPLIA GAMA DE GU\u00cdAS DE V\u00c1LVULAS PARA M\u00c1S DE 600 APLICACIONES.<\/h4>\n<p>&#8211; Propiedades antifricci\u00f3n.<br aria-hidden=\"true\" \/>&#8211; Excelente conductividad t\u00e9rmica.<br aria-hidden=\"true\" \/>&#8211; Resistentes a altas temperaturas, cavitaci\u00f3n y \u00f3xido.<\/p>\n<p>Las gu\u00edas de v\u00e1lvulas tienen la funci\u00f3n de absorber las fuerza transversales que afectan al v\u00e1stago de la v\u00e1lvula, centr\u00e1ndola en el inserto del asiento y conduciendo parte del calor desde la cabeza y v\u00e1stago de la v\u00e1lvula hasta la culata de cilindros.<br aria-hidden=\"true\" \/>Debido a esta tensi\u00f3n extrema, el material empleado en la fabricaci\u00f3n es un factor decisivo en el desempe\u00f1o del producto.<\/p>\n<\/div>\n<\/div>\n<div id=\"cmsmasters_divider_sla2kcavj\" class=\"cmsmasters_divider cmsmasters_divider_width_short cmsmasters_divider_pos_center\"><\/div>\n<div id=\"cmsmasters_button_18ub1dbhuc\" class=\"button_wrap\"><a href=\"https:\/\/juntasillinois.com\/wp-content\/uploads\/2022\/09\/GUIAS-DE-VALVULAS-2.pdf\" class=\"cmsmasters_button cmsmasters_but_clear_styles cmsmasters_but_bg_hover cmsmasters-icon-custom-download botones\" target=\"_blank\"><span>Descargar PDF<\/span><\/a><\/div>\n<\/div><\/div>\n<\/div>\n<\/div>\n<\/div>\n<\/div>\n<\/div>\n\n","protected":false},"excerpt":{"rendered":"","protected":false},"author":1,"featured_media":0,"parent":0,"menu_order":0,"comment_status":"closed","ping_status":"closed","template":"","meta":{"footnotes":""},"class_list":["post-17872","page","type-page","status-publish","hentry"],"yoast_head":"<!-- This site is optimized with the Yoast SEO plugin v27.3 - https:\/\/yoast.com\/product\/yoast-seo-wordpress\/ -->\n<title>Gu\u00edas de V\u00e1lvulas - Juntas Illinois<\/title>\n<meta name=\"robots\" content=\"index, follow, max-snippet:-1, max-image-preview:large, max-video-preview:-1\" \/>\n<link rel=\"canonical\" href=\"https:\/\/juntasillinois.com\/?page_id=17872\" \/>\n<meta property=\"og:locale\" content=\"es_ES\" \/>\n<meta property=\"og:type\" content=\"article\" \/>\n<meta property=\"og:title\" content=\"Gu\u00edas de V\u00e1lvulas - Juntas Illinois\" \/>\n<meta property=\"og:url\" content=\"https:\/\/juntasillinois.com\/?page_id=17872\" \/>\n<meta property=\"og:site_name\" content=\"Juntas Illinois\" \/>\n<meta property=\"article:publisher\" content=\"https:\/\/www.facebook.com\/juntasillinois\" \/>\n<meta property=\"article:modified_time\" content=\"2022-09-01T15:52:27+00:00\" \/>\n<meta name=\"twitter:card\" content=\"summary_large_image\" \/>\n<meta name=\"twitter:label1\" content=\"Tiempo de lectura\" \/>\n\t<meta name=\"twitter:data1\" content=\"2 minutos\" \/>\n<script type=\"application\/ld+json\" class=\"yoast-schema-graph\">{\"@context\":\"https:\\\/\\\/schema.org\",\"@graph\":[{\"@type\":\"WebPage\",\"@id\":\"https:\\\/\\\/juntasillinois.com\\\/?page_id=17872\",\"url\":\"https:\\\/\\\/juntasillinois.com\\\/?page_id=17872\",\"name\":\"Gu\u00edas de V\u00e1lvulas - Juntas Illinois\",\"isPartOf\":{\"@id\":\"https:\\\/\\\/juntasillinois.com\\\/#website\"},\"datePublished\":\"2022-09-01T14:52:09+00:00\",\"dateModified\":\"2022-09-01T15:52:27+00:00\",\"breadcrumb\":{\"@id\":\"https:\\\/\\\/juntasillinois.com\\\/?page_id=17872#breadcrumb\"},\"inLanguage\":\"es-AR\",\"potentialAction\":[{\"@type\":\"ReadAction\",\"target\":[\"https:\\\/\\\/juntasillinois.com\\\/?page_id=17872\"]}]},{\"@type\":\"BreadcrumbList\",\"@id\":\"https:\\\/\\\/juntasillinois.com\\\/?page_id=17872#breadcrumb\",\"itemListElement\":[{\"@type\":\"ListItem\",\"position\":1,\"name\":\"Inicio\",\"item\":\"https:\\\/\\\/juntasillinois.com\\\/\"},{\"@type\":\"ListItem\",\"position\":2,\"name\":\"Gu\u00edas de V\u00e1lvulas\"}]},{\"@type\":\"WebSite\",\"@id\":\"https:\\\/\\\/juntasillinois.com\\\/#website\",\"url\":\"https:\\\/\\\/juntasillinois.com\\\/\",\"name\":\"Juntas Illinois\",\"description\":\"Productos para el sellado del motor: l\u00edneas liviana, pesada, agr\u00edcola y competici\u00f3n. Consulta por Venta Mayorista o contactate con un Distribuidor oficial aqu\u00ed. Juntas Para motor. Solo ventas mayorista.\",\"publisher\":{\"@id\":\"https:\\\/\\\/juntasillinois.com\\\/#organization\"},\"potentialAction\":[{\"@type\":\"SearchAction\",\"target\":{\"@type\":\"EntryPoint\",\"urlTemplate\":\"https:\\\/\\\/juntasillinois.com\\\/?s={search_term_string}\"},\"query-input\":{\"@type\":\"PropertyValueSpecification\",\"valueRequired\":true,\"valueName\":\"search_term_string\"}}],\"inLanguage\":\"es-AR\"},{\"@type\":\"Organization\",\"@id\":\"https:\\\/\\\/juntasillinois.com\\\/#organization\",\"name\":\"Juntas Illinois\",\"url\":\"https:\\\/\\\/juntasillinois.com\\\/\",\"logo\":{\"@type\":\"ImageObject\",\"inLanguage\":\"es-AR\",\"@id\":\"https:\\\/\\\/juntasillinois.com\\\/#\\\/schema\\\/logo\\\/image\\\/\",\"url\":\"https:\\\/\\\/juntasillinois.com\\\/wp-content\\\/uploads\\\/2020\\\/03\\\/illinois-logo-movil.png\",\"contentUrl\":\"https:\\\/\\\/juntasillinois.com\\\/wp-content\\\/uploads\\\/2020\\\/03\\\/illinois-logo-movil.png\",\"width\":220,\"height\":55,\"caption\":\"Juntas Illinois\"},\"image\":{\"@id\":\"https:\\\/\\\/juntasillinois.com\\\/#\\\/schema\\\/logo\\\/image\\\/\"},\"sameAs\":[\"https:\\\/\\\/www.facebook.com\\\/juntasillinois\",\"https:\\\/\\\/www.instagram.com\\\/juntasillinois\\\/\",\"https:\\\/\\\/www.youtube.com\\\/user\\\/juntasillinois\"]}]}<\/script>\n<!-- \/ Yoast SEO plugin. -->","yoast_head_json":{"title":"Gu\u00edas de V\u00e1lvulas - Juntas Illinois","robots":{"index":"index","follow":"follow","max-snippet":"max-snippet:-1","max-image-preview":"max-image-preview:large","max-video-preview":"max-video-preview:-1"},"canonical":"https:\/\/juntasillinois.com\/?page_id=17872","og_locale":"es_ES","og_type":"article","og_title":"Gu\u00edas de V\u00e1lvulas - Juntas Illinois","og_url":"https:\/\/juntasillinois.com\/?page_id=17872","og_site_name":"Juntas Illinois","article_publisher":"https:\/\/www.facebook.com\/juntasillinois","article_modified_time":"2022-09-01T15:52:27+00:00","twitter_card":"summary_large_image","twitter_misc":{"Tiempo de lectura":"2 minutos"},"schema":{"@context":"https:\/\/schema.org","@graph":[{"@type":"WebPage","@id":"https:\/\/juntasillinois.com\/?page_id=17872","url":"https:\/\/juntasillinois.com\/?page_id=17872","name":"Gu\u00edas de V\u00e1lvulas - Juntas Illinois","isPartOf":{"@id":"https:\/\/juntasillinois.com\/#website"},"datePublished":"2022-09-01T14:52:09+00:00","dateModified":"2022-09-01T15:52:27+00:00","breadcrumb":{"@id":"https:\/\/juntasillinois.com\/?page_id=17872#breadcrumb"},"inLanguage":"es-AR","potentialAction":[{"@type":"ReadAction","target":["https:\/\/juntasillinois.com\/?page_id=17872"]}]},{"@type":"BreadcrumbList","@id":"https:\/\/juntasillinois.com\/?page_id=17872#breadcrumb","itemListElement":[{"@type":"ListItem","position":1,"name":"Inicio","item":"https:\/\/juntasillinois.com\/"},{"@type":"ListItem","position":2,"name":"Gu\u00edas de V\u00e1lvulas"}]},{"@type":"WebSite","@id":"https:\/\/juntasillinois.com\/#website","url":"https:\/\/juntasillinois.com\/","name":"Juntas Illinois","description":"Productos para el sellado del motor: l\u00edneas liviana, pesada, agr\u00edcola y competici\u00f3n. Consulta por Venta Mayorista o contactate con un Distribuidor oficial aqu\u00ed. Juntas Para motor. Solo ventas mayorista.","publisher":{"@id":"https:\/\/juntasillinois.com\/#organization"},"potentialAction":[{"@type":"SearchAction","target":{"@type":"EntryPoint","urlTemplate":"https:\/\/juntasillinois.com\/?s={search_term_string}"},"query-input":{"@type":"PropertyValueSpecification","valueRequired":true,"valueName":"search_term_string"}}],"inLanguage":"es-AR"},{"@type":"Organization","@id":"https:\/\/juntasillinois.com\/#organization","name":"Juntas Illinois","url":"https:\/\/juntasillinois.com\/","logo":{"@type":"ImageObject","inLanguage":"es-AR","@id":"https:\/\/juntasillinois.com\/#\/schema\/logo\/image\/","url":"https:\/\/juntasillinois.com\/wp-content\/uploads\/2020\/03\/illinois-logo-movil.png","contentUrl":"https:\/\/juntasillinois.com\/wp-content\/uploads\/2020\/03\/illinois-logo-movil.png","width":220,"height":55,"caption":"Juntas Illinois"},"image":{"@id":"https:\/\/juntasillinois.com\/#\/schema\/logo\/image\/"},"sameAs":["https:\/\/www.facebook.com\/juntasillinois","https:\/\/www.instagram.com\/juntasillinois\/","https:\/\/www.youtube.com\/user\/juntasillinois"]}]}},"_links":{"self":[{"href":"https:\/\/juntasillinois.com\/index.php?rest_route=\/wp\/v2\/pages\/17872","targetHints":{"allow":["GET"]}}],"collection":[{"href":"https:\/\/juntasillinois.com\/index.php?rest_route=\/wp\/v2\/pages"}],"about":[{"href":"https:\/\/juntasillinois.com\/index.php?rest_route=\/wp\/v2\/types\/page"}],"author":[{"embeddable":true,"href":"https:\/\/juntasillinois.com\/index.php?rest_route=\/wp\/v2\/users\/1"}],"replies":[{"embeddable":true,"href":"https:\/\/juntasillinois.com\/index.php?rest_route=%2Fwp%2Fv2%2Fcomments&post=17872"}],"version-history":[{"count":3,"href":"https:\/\/juntasillinois.com\/index.php?rest_route=\/wp\/v2\/pages\/17872\/revisions"}],"predecessor-version":[{"id":17882,"href":"https:\/\/juntasillinois.com\/index.php?rest_route=\/wp\/v2\/pages\/17872\/revisions\/17882"}],"wp:attachment":[{"href":"https:\/\/juntasillinois.com\/index.php?rest_route=%2Fwp%2Fv2%2Fmedia&parent=17872"}],"curies":[{"name":"wp","href":"https:\/\/api.w.org\/{rel}","templated":true}]}}